{"id":252,"date":"2023-09-08T05:00:11","date_gmt":"2023-09-08T04:00:11","guid":{"rendered":"https:\/\/thucphamchayhoalacfood.com\/?post_type=product&#038;p=252"},"modified":"2023-09-21T08:30:49","modified_gmt":"2023-09-21T07:30:49","slug":"xuc-xich-chay-huong-vi","status":"publish","type":"product","link":"https:\/\/thucphamchayhoalacfood.com\/index.php\/product\/xuc-xich-chay-huong-vi\/","title":{"rendered":"X\u00fac x\u00edch chay H\u01b0\u01a1ng v\u1ecb"},"content":{"rendered":"\n<p>\u0110\u1ea1m \u0111\u1eadu n\u00e0nh<br>gia v\u1ecb thu\u1ea7n chay<br>g\u00f3i 500gr<br>d\u00f9ng chi\u00ean th\u1ea3 l\u1eaby x\u00e0o tu\u1ef3 th\u00edch<br>hsd 2 n\u0103m<br>h\u00e0ng \u0111\u00f4ng l\u1ea1nh<\/p>\n","protected":false},"excerpt":{"rendered":"<p>\u0110\u1ea1m \u0111\u1eadu n\u00e0nhgia v\u1ecb thu\u1ea7n chayg\u00f3i 500grd\u00f9ng chi\u00ean th\u1ea3 l\u1eaby x\u00e0o tu\u1ef3 th\u00edchhsd 2 n\u0103mh\u00e0ng \u0111\u00f4ng l\u1ea1nh<\/p>\n","protected":false},"featured_media":251,"comment_status":"open","ping_status":"closed","template":"","meta":{"om_disable_all_campaigns":false,"_monsterinsights_skip_tracking":false,"_monsterinsights_sitenote_active":false,"_monsterinsights_sitenote_note":"","_monsterinsights_sitenote_category":0},"product_cat":[24],"product_tag":[],"_links":{"self":[{"href":"https:\/\/thucphamchayhoalacfood.com\/index.php\/wp-json\/wp\/v2\/product\/252"}],"collection":[{"href":"https:\/\/thucphamchayhoalacfood.com\/index.php\/wp-json\/wp\/v2\/product"}],"about":[{"href":"https:\/\/thucphamchayhoalacfood.com\/index.php\/wp-json\/wp\/v2\/types\/product"}],"replies":[{"embeddable":true,"href":"https:\/\/thucphamchayhoalacfood.com\/index.php\/wp-json\/wp\/v2\/comments?post=252"}],"wp:featuredmedia":[{"embeddable":true,"href":"https:\/\/thucphamchayhoalacfood.com\/index.php\/wp-json\/wp\/v2\/media\/251"}],"wp:attachment":[{"href":"https:\/\/thucphamchayhoalacfood.com\/index.php\/wp-json\/wp\/v2\/media?parent=252"}],"wp:term":[{"taxonomy":"product_cat","embeddable":true,"href":"https:\/\/thucphamchayhoalacfood.com\/index.php\/wp-json\/wp\/v2\/product_cat?post=252"},{"taxonomy":"product_tag","embeddable":true,"href":"https:\/\/thucphamchayhoalacfood.com\/index.php\/wp-json\/wp\/v2\/product_tag?post=252"}],"curies":[{"name":"wp","href":"https:\/\/api.w.org\/{rel}","templated":true}]}}