{"id":234,"date":"2023-09-08T04:51:29","date_gmt":"2023-09-08T03:51:29","guid":{"rendered":"https:\/\/thucphamchayhoalacfood.com\/?post_type=product&#038;p=234"},"modified":"2025-07-18T14:29:38","modified_gmt":"2025-07-18T13:29:38","slug":"cha-chien-chay-phuong-loan-500gr","status":"publish","type":"product","link":"https:\/\/thucphamchayhoalacfood.com\/index.php\/product\/cha-chien-chay-phuong-loan-500gr\/","title":{"rendered":"Ch\u1ea3 chi\u00ean chay Ph\u01b0\u01a1ng Loan 500gr"},"content":{"rendered":"\n<p>th\u00e0nh ph\u1ea7n:tinh b\u1ed9t m\u00ec , b\u1ed9t chi\u00ean gi\u00f2n gia v\u1ecb thu\u1ea7n chay<br>ch\u1ea3 chi\u00ean l\u00ean gi\u00f2n gi\u00f2n th\u00edch h\u1ee3p cu\u1ed1n b\u00e1nh tr\u00e1ng \u0103n b\u00fan , ch\u1ea5m tuong \u1edbt , kho ti\u00eau<br>\u0103n b\u00e1nh m\u00ec ,<br>33 tho\u1ea1i Ng\u1ecdc h\u1ea7u ho\u00e0 th\u1ea1nh T\u00e2n Ph\u00fa<br>Th\u1ef1c ph\u1ea9m chay Hoa L\u1ea1c<br>0969873871<br>h\u00e0ng tr\u1eef \u0111\u00f4ng<\/p>\n","protected":false},"excerpt":{"rendered":"<p>(ch\u1ec9 giao khu v\u1ef1c TpHcm )<\/p>\n","protected":false},"featured_media":235,"comment_status":"open","ping_status":"closed","template":"","meta":{"om_disable_all_campaigns":false,"_monsterinsights_skip_tracking":false,"_monsterinsights_sitenote_active":false,"_monsterinsights_sitenote_note":"","_monsterinsights_sitenote_category":0},"product_cat":[24],"product_tag":[],"_links":{"self":[{"href":"https:\/\/thucphamchayhoalacfood.com\/index.php\/wp-json\/wp\/v2\/product\/234"}],"collection":[{"href":"https:\/\/thucphamchayhoalacfood.com\/index.php\/wp-json\/wp\/v2\/product"}],"about":[{"href":"https:\/\/thucphamchayhoalacfood.com\/index.php\/wp-json\/wp\/v2\/types\/product"}],"replies":[{"embeddable":true,"href":"https:\/\/thucphamchayhoalacfood.com\/index.php\/wp-json\/wp\/v2\/comments?post=234"}],"wp:featuredmedia":[{"embeddable":true,"href":"https:\/\/thucphamchayhoalacfood.com\/index.php\/wp-json\/wp\/v2\/media\/235"}],"wp:attachment":[{"href":"https:\/\/thucphamchayhoalacfood.com\/index.php\/wp-json\/wp\/v2\/media?parent=234"}],"wp:term":[{"taxonomy":"product_cat","embeddable":true,"href":"https:\/\/thucphamchayhoalacfood.com\/index.php\/wp-json\/wp\/v2\/product_cat?post=234"},{"taxonomy":"product_tag","embeddable":true,"href":"https:\/\/thucphamchayhoalacfood.com\/index.php\/wp-json\/wp\/v2\/product_tag?post=234"}],"curies":[{"name":"wp","href":"https:\/\/api.w.org\/{rel}","templated":true}]}}