{"id":2207,"date":"2025-08-15T11:54:02","date_gmt":"2025-08-15T10:54:02","guid":{"rendered":"https:\/\/thucphamchayhoalacfood.com\/index.php\/product\/tuong-hot-xao-sa-ot-180gr\/"},"modified":"2025-08-15T11:54:32","modified_gmt":"2025-08-15T10:54:32","slug":"tuong-hot-xao-sa-ot-180gr","status":"publish","type":"product","link":"https:\/\/thucphamchayhoalacfood.com\/index.php\/product\/tuong-hot-xao-sa-ot-180gr\/","title":{"rendered":"T\u01b0\u01a1ng h\u1ed9t x\u00e0o s\u1ea3 \u1edbt 180gr"},"content":{"rendered":"<p>Th\u00e0nh ph\u1ea7n : t\u01b0\u01a1ng h\u1ed9t s\u1ea3 ot gia vi chay<\/p>\n<p>M\u1edf ra l\u00e0 c\u00f3 th\u1ec3 d\u00f9ng \u0111\u01b0\u1ee3c li\u1ec1n , d\u00f9ng chung v\u1edbi c\u01a1m , ch\u1ea5m rau lu\u1ed9c , ch\u00e1o , tr\u00e1i c\u00e2y r\u1ea5t ngon<\/p>\n","protected":false},"excerpt":{"rendered":"<p>Th\u00e0nh ph\u1ea7n : t\u01b0\u01a1ng h\u1ed9t s\u1ea3 ot gia vi chay M\u1edf ra l\u00e0 c\u00f3 th\u1ec3 d\u00f9ng \u0111\u01b0\u1ee3c li\u1ec1n , d\u00f9ng chung v\u1edbi c\u01a1m , ch\u1ea5m rau lu\u1ed9c , ch\u00e1o , tr\u00e1i c\u00e2y r\u1ea5t ngon<\/p>\n","protected":false},"featured_media":2204,"comment_status":"open","ping_status":"closed","template":"","meta":{"om_disable_all_campaigns":false,"_monsterinsights_skip_tracking":false,"_monsterinsights_sitenote_active":false,"_monsterinsights_sitenote_note":"","_monsterinsights_sitenote_category":0},"product_cat":[26],"product_tag":[],"_links":{"self":[{"href":"https:\/\/thucphamchayhoalacfood.com\/index.php\/wp-json\/wp\/v2\/product\/2207"}],"collection":[{"href":"https:\/\/thucphamchayhoalacfood.com\/index.php\/wp-json\/wp\/v2\/product"}],"about":[{"href":"https:\/\/thucphamchayhoalacfood.com\/index.php\/wp-json\/wp\/v2\/types\/product"}],"replies":[{"embeddable":true,"href":"https:\/\/thucphamchayhoalacfood.com\/index.php\/wp-json\/wp\/v2\/comments?post=2207"}],"wp:featuredmedia":[{"embeddable":true,"href":"https:\/\/thucphamchayhoalacfood.com\/index.php\/wp-json\/wp\/v2\/media\/2204"}],"wp:attachment":[{"href":"https:\/\/thucphamchayhoalacfood.com\/index.php\/wp-json\/wp\/v2\/media?parent=2207"}],"wp:term":[{"taxonomy":"product_cat","embeddable":true,"href":"https:\/\/thucphamchayhoalacfood.com\/index.php\/wp-json\/wp\/v2\/product_cat?post=2207"},{"taxonomy":"product_tag","embeddable":true,"href":"https:\/\/thucphamchayhoalacfood.com\/index.php\/wp-json\/wp\/v2\/product_tag?post=2207"}],"curies":[{"name":"wp","href":"https:\/\/api.w.org\/{rel}","templated":true}]}}