{"id":2194,"date":"2025-08-15T11:48:32","date_gmt":"2025-08-15T10:48:32","guid":{"rendered":"https:\/\/thucphamchayhoalacfood.com\/index.php\/product\/kho-quet-top-mo-chay-hoa-lac-500gr\/"},"modified":"2025-08-17T04:19:25","modified_gmt":"2025-08-17T03:19:25","slug":"kho-quet-top-mo-chay-hoa-lac-500gr","status":"publish","type":"product","link":"https:\/\/thucphamchayhoalacfood.com\/index.php\/product\/kho-quet-top-mo-chay-hoa-lac-500gr\/","title":{"rendered":"Kho qu\u1eb9t t\u00f3p m\u1edf chay hoa l\u1ea1c 500gr"},"content":{"rendered":"<p>Th\u00e0nh ph\u1ea7n : s\u01b0\u1eddn non , \u0111\u1ea1m \u0111\u1eadu n\u00e0nh gia v\u1ecb chay , n\u01b0\u1edbc m\u1eafm t\u1ecfi \u1edbt ti\u00eau xanh<\/p>\n<p>M\u1edf ra l\u00e0 c\u00f3 th\u1ec3 d\u00f9ng \u0111\u01b0\u1ee3c li\u1ec1n , d\u00f9ng chung v\u1edbi c\u01a1m , ch\u1ea5m rau lu\u1ed9c , ch\u00e1o , tr\u00e1i c\u00e2y r\u1ea5t ngon<\/p>\n","protected":false},"excerpt":{"rendered":"<p>Th\u00e0nh ph\u1ea7n : s\u01b0\u1eddn non , \u0111\u1ea1m \u0111\u1eadu n\u00e0nh gia v\u1ecb chay , n\u01b0\u1edbc m\u1eafm t\u1ecfi \u1edbt ti\u00eau xanh M\u1edf ra l\u00e0 c\u00f3 th\u1ec3 d\u00f9ng \u0111\u01b0\u1ee3c li\u1ec1n , d\u00f9ng chung v\u1edbi c\u01a1m , ch\u1ea5m rau lu\u1ed9c , ch\u00e1o , tr\u00e1i c\u00e2y r\u1ea5t ngon<\/p>\n","protected":false},"featured_media":2193,"comment_status":"open","ping_status":"closed","template":"","meta":{"om_disable_all_campaigns":false,"_monsterinsights_skip_tracking":false,"_monsterinsights_sitenote_active":false,"_monsterinsights_sitenote_note":"","_monsterinsights_sitenote_category":0},"product_cat":[26],"product_tag":[],"_links":{"self":[{"href":"https:\/\/thucphamchayhoalacfood.com\/index.php\/wp-json\/wp\/v2\/product\/2194"}],"collection":[{"href":"https:\/\/thucphamchayhoalacfood.com\/index.php\/wp-json\/wp\/v2\/product"}],"about":[{"href":"https:\/\/thucphamchayhoalacfood.com\/index.php\/wp-json\/wp\/v2\/types\/product"}],"replies":[{"embeddable":true,"href":"https:\/\/thucphamchayhoalacfood.com\/index.php\/wp-json\/wp\/v2\/comments?post=2194"}],"wp:featuredmedia":[{"embeddable":true,"href":"https:\/\/thucphamchayhoalacfood.com\/index.php\/wp-json\/wp\/v2\/media\/2193"}],"wp:attachment":[{"href":"https:\/\/thucphamchayhoalacfood.com\/index.php\/wp-json\/wp\/v2\/media?parent=2194"}],"wp:term":[{"taxonomy":"product_cat","embeddable":true,"href":"https:\/\/thucphamchayhoalacfood.com\/index.php\/wp-json\/wp\/v2\/product_cat?post=2194"},{"taxonomy":"product_tag","embeddable":true,"href":"https:\/\/thucphamchayhoalacfood.com\/index.php\/wp-json\/wp\/v2\/product_tag?post=2194"}],"curies":[{"name":"wp","href":"https:\/\/api.w.org\/{rel}","templated":true}]}}