{"id":2154,"date":"2025-07-26T06:24:27","date_gmt":"2025-07-26T05:24:27","guid":{"rendered":"https:\/\/thucphamchayhoalacfood.com\/index.php\/product\/combo-5-loai-banh-trang-du-vi\/"},"modified":"2025-07-26T06:25:08","modified_gmt":"2025-07-26T05:25:08","slug":"combo-5-loai-banh-trang-du-vi","status":"publish","type":"product","link":"https:\/\/thucphamchayhoalacfood.com\/index.php\/product\/combo-5-loai-banh-trang-du-vi\/","title":{"rendered":"Combo 5 loai banh trang \u0111\u1ee7 v\u1ecb"},"content":{"rendered":"<p>B\u00e1nh trang chay<\/p>\n<p>Nh\u00e0 hoa l\u1ea1c moi v\u1ec1 c\u00f3 5 lo\u1ea1i<\/p>\n<p>B\u00e1nh tr\u00e1ng rong bi\u1ec3n chay<\/p>\n<p>B\u00e1nh trang ch\u00e0 bong rong bi\u1ec3n chay<\/p>\n<p>Banh trang kh\u00f4 b\u00f2 ch\u00e0 bong chay<\/p>\n<p>B\u00e1nh trang kho b\u00f2 rong bi\u1ec3n chay<\/p>\n<p>Banh trang sate m\u1ef1c x\u00e9 cay chay<\/p>\n<p>Ai thic an banh trang chay th\u00ec nhan shop nhen<\/p>\n","protected":false},"excerpt":{"rendered":"<p>B\u00e1nh trang chay Nh\u00e0 hoa l\u1ea1c moi v\u1ec1 c\u00f3 5 lo\u1ea1i B\u00e1nh tr\u00e1ng rong bi\u1ec3n chay B\u00e1nh trang ch\u00e0 bong rong bi\u1ec3n chay Banh trang kh\u00f4 b\u00f2 ch\u00e0 bong chay B\u00e1nh trang kho b\u00f2 rong bi\u1ec3n chay Banh trang sate m\u1ef1c x\u00e9 cay chay Ai thic an banh trang chay th\u00ec nhan shop nhen<\/p>\n","protected":false},"featured_media":2153,"comment_status":"open","ping_status":"closed","template":"","meta":{"om_disable_all_campaigns":false,"_monsterinsights_skip_tracking":false,"_monsterinsights_sitenote_active":false,"_monsterinsights_sitenote_note":"","_monsterinsights_sitenote_category":0},"product_cat":[27],"product_tag":[],"_links":{"self":[{"href":"https:\/\/thucphamchayhoalacfood.com\/index.php\/wp-json\/wp\/v2\/product\/2154"}],"collection":[{"href":"https:\/\/thucphamchayhoalacfood.com\/index.php\/wp-json\/wp\/v2\/product"}],"about":[{"href":"https:\/\/thucphamchayhoalacfood.com\/index.php\/wp-json\/wp\/v2\/types\/product"}],"replies":[{"embeddable":true,"href":"https:\/\/thucphamchayhoalacfood.com\/index.php\/wp-json\/wp\/v2\/comments?post=2154"}],"wp:featuredmedia":[{"embeddable":true,"href":"https:\/\/thucphamchayhoalacfood.com\/index.php\/wp-json\/wp\/v2\/media\/2153"}],"wp:attachment":[{"href":"https:\/\/thucphamchayhoalacfood.com\/index.php\/wp-json\/wp\/v2\/media?parent=2154"}],"wp:term":[{"taxonomy":"product_cat","embeddable":true,"href":"https:\/\/thucphamchayhoalacfood.com\/index.php\/wp-json\/wp\/v2\/product_cat?post=2154"},{"taxonomy":"product_tag","embeddable":true,"href":"https:\/\/thucphamchayhoalacfood.com\/index.php\/wp-json\/wp\/v2\/product_tag?post=2154"}],"curies":[{"name":"wp","href":"https:\/\/api.w.org\/{rel}","templated":true}]}}