{"id":215,"date":"2023-09-08T04:44:59","date_gmt":"2023-09-08T03:44:59","guid":{"rendered":"https:\/\/thucphamchayhoalacfood.com\/?post_type=product&#038;p=215"},"modified":"2025-01-07T16:10:53","modified_gmt":"2025-01-07T16:10:53","slug":"dui-ga-sa-chay-hoa-lac","status":"publish","type":"product","link":"https:\/\/thucphamchayhoalacfood.com\/index.php\/product\/dui-ga-sa-chay-hoa-lac\/","title":{"rendered":"\u0110\u00f9i G\u00e0 S\u1ea3 Chay Hoa L\u1ea1c 500gr"},"content":{"rendered":"\n<p>th\u00e0nh ph\u1ea7n :t\u00e0u h\u1ee7 ki , s\u1ea3 gia v\u1ecb thu\u1ea7n chay<br>d\u00f9ng \u0111\u1ec3 chi\u00ean , x\u00e0o s\u1ea3 \u1edbt , n\u1ea5u c\u00e0 ri tu\u1ef3 th\u00edch<br>H\u00e0ng \u0111\u00f4ng l\u1ea1nh<\/p>\n","protected":false},"excerpt":{"rendered":"<p>th\u00e0nh ph\u1ea7n :t\u00e0u h\u1ee7 ki , s\u1ea3 gia v\u1ecb thu\u1ea7n chayd\u00f9ng \u0111\u1ec3 chi\u00ean , x\u00e0o s\u1ea3 \u1edbt , n\u1ea5u c\u00e0 ri tu\u1ef3 th\u00edchH\u00e0ng \u0111\u00f4ng l\u1ea1nh<\/p>\n","protected":false},"featured_media":213,"comment_status":"open","ping_status":"closed","template":"","meta":{"om_disable_all_campaigns":false,"_monsterinsights_skip_tracking":false,"_monsterinsights_sitenote_active":false,"_monsterinsights_sitenote_note":"","_monsterinsights_sitenote_category":0},"product_cat":[24],"product_tag":[],"_links":{"self":[{"href":"https:\/\/thucphamchayhoalacfood.com\/index.php\/wp-json\/wp\/v2\/product\/215"}],"collection":[{"href":"https:\/\/thucphamchayhoalacfood.com\/index.php\/wp-json\/wp\/v2\/product"}],"about":[{"href":"https:\/\/thucphamchayhoalacfood.com\/index.php\/wp-json\/wp\/v2\/types\/product"}],"replies":[{"embeddable":true,"href":"https:\/\/thucphamchayhoalacfood.com\/index.php\/wp-json\/wp\/v2\/comments?post=215"}],"wp:featuredmedia":[{"embeddable":true,"href":"https:\/\/thucphamchayhoalacfood.com\/index.php\/wp-json\/wp\/v2\/media\/213"}],"wp:attachment":[{"href":"https:\/\/thucphamchayhoalacfood.com\/index.php\/wp-json\/wp\/v2\/media?parent=215"}],"wp:term":[{"taxonomy":"product_cat","embeddable":true,"href":"https:\/\/thucphamchayhoalacfood.com\/index.php\/wp-json\/wp\/v2\/product_cat?post=215"},{"taxonomy":"product_tag","embeddable":true,"href":"https:\/\/thucphamchayhoalacfood.com\/index.php\/wp-json\/wp\/v2\/product_tag?post=215"}],"curies":[{"name":"wp","href":"https:\/\/api.w.org\/{rel}","templated":true}]}}