{"id":2117,"date":"2025-07-20T07:22:00","date_gmt":"2025-07-20T06:22:00","guid":{"rendered":"https:\/\/thucphamchayhoalacfood.com\/index.php\/product\/combo-5-mon-kho-chay-kho-nam-kho-bo-kho-ga-kho-muc-mieng-kho-muc-soi\/"},"modified":"2025-07-20T07:22:15","modified_gmt":"2025-07-20T06:22:15","slug":"combo-5-mon-kho-chay-kho-nam-kho-bo-kho-ga-kho-muc-mieng-kho-muc-soi","status":"publish","type":"product","link":"https:\/\/thucphamchayhoalacfood.com\/index.php\/product\/combo-5-mon-kho-chay-kho-nam-kho-bo-kho-ga-kho-muc-mieng-kho-muc-soi\/","title":{"rendered":"Combo 5 Mon kh\u00f4 chay ( kh\u00f4 n\u1ea5m , kh\u00f4 b\u00f2 , kh\u00f4 g\u00e0 , kh\u00f4 m\u1ef1c mi\u1ebfng ) kh\u00f4 m\u1ef1c s\u1ee3i"},"content":{"rendered":"","protected":false},"excerpt":{"rendered":"","protected":false},"featured_media":2116,"comment_status":"open","ping_status":"closed","template":"","meta":{"om_disable_all_campaigns":false,"_monsterinsights_skip_tracking":false,"_monsterinsights_sitenote_active":false,"_monsterinsights_sitenote_note":"","_monsterinsights_sitenote_category":0},"product_cat":[27],"product_tag":[],"_links":{"self":[{"href":"https:\/\/thucphamchayhoalacfood.com\/index.php\/wp-json\/wp\/v2\/product\/2117"}],"collection":[{"href":"https:\/\/thucphamchayhoalacfood.com\/index.php\/wp-json\/wp\/v2\/product"}],"about":[{"href":"https:\/\/thucphamchayhoalacfood.com\/index.php\/wp-json\/wp\/v2\/types\/product"}],"replies":[{"embeddable":true,"href":"https:\/\/thucphamchayhoalacfood.com\/index.php\/wp-json\/wp\/v2\/comments?post=2117"}],"wp:featuredmedia":[{"embeddable":true,"href":"https:\/\/thucphamchayhoalacfood.com\/index.php\/wp-json\/wp\/v2\/media\/2116"}],"wp:attachment":[{"href":"https:\/\/thucphamchayhoalacfood.com\/index.php\/wp-json\/wp\/v2\/media?parent=2117"}],"wp:term":[{"taxonomy":"product_cat","embeddable":true,"href":"https:\/\/thucphamchayhoalacfood.com\/index.php\/wp-json\/wp\/v2\/product_cat?post=2117"},{"taxonomy":"product_tag","embeddable":true,"href":"https:\/\/thucphamchayhoalacfood.com\/index.php\/wp-json\/wp\/v2\/product_tag?post=2117"}],"curies":[{"name":"wp","href":"https:\/\/api.w.org\/{rel}","templated":true}]}}