{"id":2111,"date":"2025-07-20T07:13:09","date_gmt":"2025-07-20T06:13:09","guid":{"rendered":"https:\/\/thucphamchayhoalacfood.com\/index.php\/product\/combo-8-mon-an-lien-tom-rim-thit-kho-tieu-tc-thit-kho-tieu-ad-ca-keo-kho-ca-loc-rim-cot-lech-ga-sa-ot-vit-kho-gung\/"},"modified":"2025-07-20T07:13:23","modified_gmt":"2025-07-20T06:13:23","slug":"combo-8-mon-an-lien-tom-rim-thit-kho-tieu-tc-thit-kho-tieu-ad-ca-keo-kho-ca-loc-rim-cot-lech-ga-sa-ot-vit-kho-gung","status":"publish","type":"product","link":"https:\/\/thucphamchayhoalacfood.com\/index.php\/product\/combo-8-mon-an-lien-tom-rim-thit-kho-tieu-tc-thit-kho-tieu-ad-ca-keo-kho-ca-loc-rim-cot-lech-ga-sa-ot-vit-kho-gung\/","title":{"rendered":"Combo 8 Mon an li\u1ec1n ( t\u00f4m rim, th\u1ecbt kho ti\u00eau tc , th\u1ecbt kho ti\u00eau Ad , c\u00e1 k\u00e8o , kh\u00f4 c\u00e1 l\u00f3c rim , c\u1ed1t l\u1ebfch , g\u00e0 s\u1ea3 \u1edbt , v\u1ecbt kho g\u1eebng )"},"content":{"rendered":"","protected":false},"excerpt":{"rendered":"","protected":false},"featured_media":2110,"comment_status":"open","ping_status":"closed","template":"","meta":{"om_disable_all_campaigns":false,"_monsterinsights_skip_tracking":false,"_monsterinsights_sitenote_active":false,"_monsterinsights_sitenote_note":"","_monsterinsights_sitenote_category":0},"product_cat":[27],"product_tag":[],"_links":{"self":[{"href":"https:\/\/thucphamchayhoalacfood.com\/index.php\/wp-json\/wp\/v2\/product\/2111"}],"collection":[{"href":"https:\/\/thucphamchayhoalacfood.com\/index.php\/wp-json\/wp\/v2\/product"}],"about":[{"href":"https:\/\/thucphamchayhoalacfood.com\/index.php\/wp-json\/wp\/v2\/types\/product"}],"replies":[{"embeddable":true,"href":"https:\/\/thucphamchayhoalacfood.com\/index.php\/wp-json\/wp\/v2\/comments?post=2111"}],"wp:featuredmedia":[{"embeddable":true,"href":"https:\/\/thucphamchayhoalacfood.com\/index.php\/wp-json\/wp\/v2\/media\/2110"}],"wp:attachment":[{"href":"https:\/\/thucphamchayhoalacfood.com\/index.php\/wp-json\/wp\/v2\/media?parent=2111"}],"wp:term":[{"taxonomy":"product_cat","embeddable":true,"href":"https:\/\/thucphamchayhoalacfood.com\/index.php\/wp-json\/wp\/v2\/product_cat?post=2111"},{"taxonomy":"product_tag","embeddable":true,"href":"https:\/\/thucphamchayhoalacfood.com\/index.php\/wp-json\/wp\/v2\/product_tag?post=2111"}],"curies":[{"name":"wp","href":"https:\/\/api.w.org\/{rel}","templated":true}]}}