{"id":2109,"date":"2025-07-20T07:10:30","date_gmt":"2025-07-20T06:10:30","guid":{"rendered":"https:\/\/thucphamchayhoalacfood.com\/index.php\/product\/combo-5-mon-tha-lau-tom-oc-muc-bo-vien-ca-vien-chay\/"},"modified":"2025-07-20T07:10:49","modified_gmt":"2025-07-20T06:10:49","slug":"combo-5-mon-tha-lau-tom-oc-muc-bo-vien-ca-vien-chay","status":"publish","type":"product","link":"https:\/\/thucphamchayhoalacfood.com\/index.php\/product\/combo-5-mon-tha-lau-tom-oc-muc-bo-vien-ca-vien-chay\/","title":{"rendered":"Combo 5 m\u00f3n th\u1ea3 l\u1ea9u ( t\u00f4m , \u1ed1c , m\u1ef1c , b\u00f2 vi\u00ean, c\u00e1 vi\u00ean , chay)"},"content":{"rendered":"","protected":false},"excerpt":{"rendered":"","protected":false},"featured_media":2108,"comment_status":"open","ping_status":"closed","template":"","meta":{"om_disable_all_campaigns":false,"_monsterinsights_skip_tracking":false,"_monsterinsights_sitenote_active":false,"_monsterinsights_sitenote_note":"","_monsterinsights_sitenote_category":0},"product_cat":[23],"product_tag":[],"_links":{"self":[{"href":"https:\/\/thucphamchayhoalacfood.com\/index.php\/wp-json\/wp\/v2\/product\/2109"}],"collection":[{"href":"https:\/\/thucphamchayhoalacfood.com\/index.php\/wp-json\/wp\/v2\/product"}],"about":[{"href":"https:\/\/thucphamchayhoalacfood.com\/index.php\/wp-json\/wp\/v2\/types\/product"}],"replies":[{"embeddable":true,"href":"https:\/\/thucphamchayhoalacfood.com\/index.php\/wp-json\/wp\/v2\/comments?post=2109"}],"wp:featuredmedia":[{"embeddable":true,"href":"https:\/\/thucphamchayhoalacfood.com\/index.php\/wp-json\/wp\/v2\/media\/2108"}],"wp:attachment":[{"href":"https:\/\/thucphamchayhoalacfood.com\/index.php\/wp-json\/wp\/v2\/media?parent=2109"}],"wp:term":[{"taxonomy":"product_cat","embeddable":true,"href":"https:\/\/thucphamchayhoalacfood.com\/index.php\/wp-json\/wp\/v2\/product_cat?post=2109"},{"taxonomy":"product_tag","embeddable":true,"href":"https:\/\/thucphamchayhoalacfood.com\/index.php\/wp-json\/wp\/v2\/product_tag?post=2109"}],"curies":[{"name":"wp","href":"https:\/\/api.w.org\/{rel}","templated":true}]}}