{"id":2102,"date":"2025-07-18T15:43:23","date_gmt":"2025-07-18T14:43:23","guid":{"rendered":"https:\/\/thucphamchayhoalacfood.com\/index.php\/product\/canh-mang-chua-nam-huong-goi-co-5-goi-nho\/"},"modified":"2025-07-18T15:43:34","modified_gmt":"2025-07-18T14:43:34","slug":"canh-mang-chua-nam-huong-goi-co-5-goi-nho","status":"publish","type":"product","link":"https:\/\/thucphamchayhoalacfood.com\/index.php\/product\/canh-mang-chua-nam-huong-goi-co-5-goi-nho\/","title":{"rendered":"Canh m\u0103ng chua n\u1ea5m h\u01b0\u01a1ng ( g\u00f3i c\u00f3 5 g\u00f3i nh\u1ecf)"},"content":{"rendered":"<p>Ch\u1ec9 c\u1ea7n cho n\u01b0\u1edbc s\u00f4i v\u00e0o l\u00e0 c\u00f3 t\u00f4 canh ngon<\/p>\n","protected":false},"excerpt":{"rendered":"<p>Ch\u1ec9 c\u1ea7n cho n\u01b0\u1edbc s\u00f4i v\u00e0o l\u00e0 c\u00f3 t\u00f4 canh ngon<\/p>\n","protected":false},"featured_media":2101,"comment_status":"open","ping_status":"closed","template":"","meta":{"om_disable_all_campaigns":false,"_monsterinsights_skip_tracking":false,"_monsterinsights_sitenote_active":false,"_monsterinsights_sitenote_note":"","_monsterinsights_sitenote_category":0},"product_cat":[36],"product_tag":[],"_links":{"self":[{"href":"https:\/\/thucphamchayhoalacfood.com\/index.php\/wp-json\/wp\/v2\/product\/2102"}],"collection":[{"href":"https:\/\/thucphamchayhoalacfood.com\/index.php\/wp-json\/wp\/v2\/product"}],"about":[{"href":"https:\/\/thucphamchayhoalacfood.com\/index.php\/wp-json\/wp\/v2\/types\/product"}],"replies":[{"embeddable":true,"href":"https:\/\/thucphamchayhoalacfood.com\/index.php\/wp-json\/wp\/v2\/comments?post=2102"}],"wp:featuredmedia":[{"embeddable":true,"href":"https:\/\/thucphamchayhoalacfood.com\/index.php\/wp-json\/wp\/v2\/media\/2101"}],"wp:attachment":[{"href":"https:\/\/thucphamchayhoalacfood.com\/index.php\/wp-json\/wp\/v2\/media?parent=2102"}],"wp:term":[{"taxonomy":"product_cat","embeddable":true,"href":"https:\/\/thucphamchayhoalacfood.com\/index.php\/wp-json\/wp\/v2\/product_cat?post=2102"},{"taxonomy":"product_tag","embeddable":true,"href":"https:\/\/thucphamchayhoalacfood.com\/index.php\/wp-json\/wp\/v2\/product_tag?post=2102"}],"curies":[{"name":"wp","href":"https:\/\/api.w.org\/{rel}","templated":true}]}}