{"id":210,"date":"2023-09-08T04:40:02","date_gmt":"2023-09-08T03:40:02","guid":{"rendered":"https:\/\/thucphamchayhoalacfood.com\/?post_type=product&#038;p=210"},"modified":"2025-06-07T11:02:12","modified_gmt":"2025-06-07T10:02:12","slug":"tep-lanh-bat-nha-chay","status":"publish","type":"product","link":"https:\/\/thucphamchayhoalacfood.com\/index.php\/product\/tep-lanh-bat-nha-chay\/","title":{"rendered":"T\u00e9p l\u1ea1nh B\u00e1t Nh\u00e3 chay"},"content":{"rendered":"\n<p>khoai m\u00ec khoai m\u00f4n , \u0111\u1eadu xanh b\u00e1nh tr\u00e1ng<br>Ra \u0111\u00f4ng d\u00f9ng \u0111\u1ec3 chi\u00ean , ram m\u1eb7n<br>h\u00e0ng \u0111\u00f4ng l\u1ea1nh tr\u1eef \u0111\u00f4ng \u2026.<\/p>\n","protected":false},"excerpt":{"rendered":"<p>khoai m\u00ec khoai m\u00f4n , \u0111\u1eadu xanh b\u00e1nh tr\u00e1ngRa \u0111\u00f4ng d\u00f9ng \u0111\u1ec3 chi\u00ean , ram m\u1eb7nh\u00e0ng \u0111\u00f4ng l\u1ea1nh tr\u1eef \u0111\u00f4ng \u2026.<\/p>\n","protected":false},"featured_media":211,"comment_status":"open","ping_status":"closed","template":"","meta":{"om_disable_all_campaigns":false,"_monsterinsights_skip_tracking":false,"_monsterinsights_sitenote_active":false,"_monsterinsights_sitenote_note":"","_monsterinsights_sitenote_category":0},"product_cat":[24],"product_tag":[],"_links":{"self":[{"href":"https:\/\/thucphamchayhoalacfood.com\/index.php\/wp-json\/wp\/v2\/product\/210"}],"collection":[{"href":"https:\/\/thucphamchayhoalacfood.com\/index.php\/wp-json\/wp\/v2\/product"}],"about":[{"href":"https:\/\/thucphamchayhoalacfood.com\/index.php\/wp-json\/wp\/v2\/types\/product"}],"replies":[{"embeddable":true,"href":"https:\/\/thucphamchayhoalacfood.com\/index.php\/wp-json\/wp\/v2\/comments?post=210"}],"wp:featuredmedia":[{"embeddable":true,"href":"https:\/\/thucphamchayhoalacfood.com\/index.php\/wp-json\/wp\/v2\/media\/211"}],"wp:attachment":[{"href":"https:\/\/thucphamchayhoalacfood.com\/index.php\/wp-json\/wp\/v2\/media?parent=210"}],"wp:term":[{"taxonomy":"product_cat","embeddable":true,"href":"https:\/\/thucphamchayhoalacfood.com\/index.php\/wp-json\/wp\/v2\/product_cat?post=210"},{"taxonomy":"product_tag","embeddable":true,"href":"https:\/\/thucphamchayhoalacfood.com\/index.php\/wp-json\/wp\/v2\/product_tag?post=210"}],"curies":[{"name":"wp","href":"https:\/\/api.w.org\/{rel}","templated":true}]}}