{"id":2096,"date":"2025-07-18T15:39:08","date_gmt":"2025-07-18T14:39:08","guid":{"rendered":"https:\/\/thucphamchayhoalacfood.com\/index.php\/product\/canh-khoai-mo-chay-goi-5-vien-nho\/"},"modified":"2025-07-18T15:39:20","modified_gmt":"2025-07-18T14:39:20","slug":"canh-khoai-mo-chay-goi-5-vien-nho","status":"publish","type":"product","link":"https:\/\/thucphamchayhoalacfood.com\/index.php\/product\/canh-khoai-mo-chay-goi-5-vien-nho\/","title":{"rendered":"Canh khoai m\u1edf chay g\u00f3i 5 vi\u00ean nh\u1ecf"},"content":{"rendered":"<p>Cho n\u01b0\u1edbc x\u00f4i v\u00e0o l\u00e0 d\u00f9ng \u0111\u01b0\u1ee3c<\/p>\n","protected":false},"excerpt":{"rendered":"<p>Cho n\u01b0\u1edbc x\u00f4i v\u00e0o l\u00e0 d\u00f9ng \u0111\u01b0\u1ee3c<\/p>\n","protected":false},"featured_media":2095,"comment_status":"open","ping_status":"closed","template":"","meta":{"om_disable_all_campaigns":false,"_monsterinsights_skip_tracking":false,"_monsterinsights_sitenote_active":false,"_monsterinsights_sitenote_note":"","_monsterinsights_sitenote_category":0},"product_cat":[36],"product_tag":[],"_links":{"self":[{"href":"https:\/\/thucphamchayhoalacfood.com\/index.php\/wp-json\/wp\/v2\/product\/2096"}],"collection":[{"href":"https:\/\/thucphamchayhoalacfood.com\/index.php\/wp-json\/wp\/v2\/product"}],"about":[{"href":"https:\/\/thucphamchayhoalacfood.com\/index.php\/wp-json\/wp\/v2\/types\/product"}],"replies":[{"embeddable":true,"href":"https:\/\/thucphamchayhoalacfood.com\/index.php\/wp-json\/wp\/v2\/comments?post=2096"}],"wp:featuredmedia":[{"embeddable":true,"href":"https:\/\/thucphamchayhoalacfood.com\/index.php\/wp-json\/wp\/v2\/media\/2095"}],"wp:attachment":[{"href":"https:\/\/thucphamchayhoalacfood.com\/index.php\/wp-json\/wp\/v2\/media?parent=2096"}],"wp:term":[{"taxonomy":"product_cat","embeddable":true,"href":"https:\/\/thucphamchayhoalacfood.com\/index.php\/wp-json\/wp\/v2\/product_cat?post=2096"},{"taxonomy":"product_tag","embeddable":true,"href":"https:\/\/thucphamchayhoalacfood.com\/index.php\/wp-json\/wp\/v2\/product_tag?post=2096"}],"curies":[{"name":"wp","href":"https:\/\/api.w.org\/{rel}","templated":true}]}}