{"id":2063,"date":"2025-07-18T11:05:36","date_gmt":"2025-07-18T10:05:36","guid":{"rendered":"https:\/\/thucphamchayhoalacfood.com\/index.php\/product\/kho-goc-la-truc-100gr\/"},"modified":"2025-07-18T11:05:48","modified_gmt":"2025-07-18T10:05:48","slug":"kho-goc-la-truc-100gr","status":"publish","type":"product","link":"https:\/\/thucphamchayhoalacfood.com\/index.php\/product\/kho-goc-la-truc-100gr\/","title":{"rendered":"Kh\u00f4 goc la tr\u00fac 100gr"},"content":{"rendered":"<p>Kh\u00f4 g\u1ecdc rim l\u00e1 tr\u00fac chay<\/p>\n<p>M\u00f3n \u0103n v\u1eb7t , \u0103n c\u01a1m g\u00ec \u0111\u1ec1u \u0111c<\/p>\n<p>Kh\u00e1ch kh\u00f3 t\u00ednh nh\u1ea5t nh\u00e0 chay Hoa L\u1ea1c c\u00f2n b\u1ecb thu ph\u1ee5c \u0111\u01b0\u1ee3c l\u00e0 bi\u1ebft n\u00f3 ngon c\u1ee1 n\u00e0o r\u1ed3i<\/p>\n<p>Gi\u00f2n th\u01a1m m\u00f9i l\u00e1 tr\u00fac kh\u00f4ng b\u1ecb c\u1ee9ng<\/p>\n","protected":false},"excerpt":{"rendered":"<p>Kh\u00f4 g\u1ecdc rim l\u00e1 tr\u00fac chay M\u00f3n \u0103n v\u1eb7t , \u0103n c\u01a1m g\u00ec \u0111\u1ec1u \u0111c Kh\u00e1ch kh\u00f3 t\u00ednh nh\u1ea5t nh\u00e0 chay Hoa L\u1ea1c c\u00f2n b\u1ecb thu ph\u1ee5c \u0111\u01b0\u1ee3c l\u00e0 bi\u1ebft n\u00f3 ngon c\u1ee1 n\u00e0o r\u1ed3i Gi\u00f2n th\u01a1m m\u00f9i l\u00e1 tr\u00fac kh\u00f4ng b\u1ecb c\u1ee9ng<\/p>\n","protected":false},"featured_media":2062,"comment_status":"open","ping_status":"closed","template":"","meta":{"om_disable_all_campaigns":false,"_monsterinsights_skip_tracking":false,"_monsterinsights_sitenote_active":false,"_monsterinsights_sitenote_note":"","_monsterinsights_sitenote_category":0},"product_cat":[27,15],"product_tag":[],"_links":{"self":[{"href":"https:\/\/thucphamchayhoalacfood.com\/index.php\/wp-json\/wp\/v2\/product\/2063"}],"collection":[{"href":"https:\/\/thucphamchayhoalacfood.com\/index.php\/wp-json\/wp\/v2\/product"}],"about":[{"href":"https:\/\/thucphamchayhoalacfood.com\/index.php\/wp-json\/wp\/v2\/types\/product"}],"replies":[{"embeddable":true,"href":"https:\/\/thucphamchayhoalacfood.com\/index.php\/wp-json\/wp\/v2\/comments?post=2063"}],"wp:featuredmedia":[{"embeddable":true,"href":"https:\/\/thucphamchayhoalacfood.com\/index.php\/wp-json\/wp\/v2\/media\/2062"}],"wp:attachment":[{"href":"https:\/\/thucphamchayhoalacfood.com\/index.php\/wp-json\/wp\/v2\/media?parent=2063"}],"wp:term":[{"taxonomy":"product_cat","embeddable":true,"href":"https:\/\/thucphamchayhoalacfood.com\/index.php\/wp-json\/wp\/v2\/product_cat?post=2063"},{"taxonomy":"product_tag","embeddable":true,"href":"https:\/\/thucphamchayhoalacfood.com\/index.php\/wp-json\/wp\/v2\/product_tag?post=2063"}],"curies":[{"name":"wp","href":"https:\/\/api.w.org\/{rel}","templated":true}]}}