{"id":2046,"date":"2025-07-01T07:31:37","date_gmt":"2025-07-01T06:31:37","guid":{"rendered":"https:\/\/thucphamchayhoalacfood.com\/index.php\/product\/cha-gio-mit-phien-ban-ram-bap-500gr\/"},"modified":"2025-07-01T07:32:01","modified_gmt":"2025-07-01T06:32:01","slug":"cha-gio-mit-phien-ban-ram-bap-500gr","status":"publish","type":"product","link":"https:\/\/thucphamchayhoalacfood.com\/index.php\/product\/cha-gio-mit-phien-ban-ram-bap-500gr\/","title":{"rendered":"Ch\u1ea3 gi\u00f2 m\u00edt phi\u00ean b\u1ea3n ram b\u1eafp 500gr"},"content":{"rendered":"<p>Thanh ph\u1ea7n m\u1ed9t non gia v\u1ecb chay<\/p>\n","protected":false},"excerpt":{"rendered":"<p>Thanh ph\u1ea7n m\u1ed9t non gia v\u1ecb chay<\/p>\n","protected":false},"featured_media":2044,"comment_status":"open","ping_status":"closed","template":"","meta":{"om_disable_all_campaigns":false,"_monsterinsights_skip_tracking":false,"_monsterinsights_sitenote_active":false,"_monsterinsights_sitenote_note":"","_monsterinsights_sitenote_category":0},"product_cat":[24],"product_tag":[],"_links":{"self":[{"href":"https:\/\/thucphamchayhoalacfood.com\/index.php\/wp-json\/wp\/v2\/product\/2046"}],"collection":[{"href":"https:\/\/thucphamchayhoalacfood.com\/index.php\/wp-json\/wp\/v2\/product"}],"about":[{"href":"https:\/\/thucphamchayhoalacfood.com\/index.php\/wp-json\/wp\/v2\/types\/product"}],"replies":[{"embeddable":true,"href":"https:\/\/thucphamchayhoalacfood.com\/index.php\/wp-json\/wp\/v2\/comments?post=2046"}],"wp:featuredmedia":[{"embeddable":true,"href":"https:\/\/thucphamchayhoalacfood.com\/index.php\/wp-json\/wp\/v2\/media\/2044"}],"wp:attachment":[{"href":"https:\/\/thucphamchayhoalacfood.com\/index.php\/wp-json\/wp\/v2\/media?parent=2046"}],"wp:term":[{"taxonomy":"product_cat","embeddable":true,"href":"https:\/\/thucphamchayhoalacfood.com\/index.php\/wp-json\/wp\/v2\/product_cat?post=2046"},{"taxonomy":"product_tag","embeddable":true,"href":"https:\/\/thucphamchayhoalacfood.com\/index.php\/wp-json\/wp\/v2\/product_tag?post=2046"}],"curies":[{"name":"wp","href":"https:\/\/api.w.org\/{rel}","templated":true}]}}