{"id":2043,"date":"2025-07-01T07:30:02","date_gmt":"2025-07-01T06:30:02","guid":{"rendered":"https:\/\/thucphamchayhoalacfood.com\/index.php\/product\/nem-mit-ha-noi-10-cuon\/"},"modified":"2025-07-01T07:30:17","modified_gmt":"2025-07-01T06:30:17","slug":"nem-mit-ha-noi-10-cuon","status":"publish","type":"product","link":"https:\/\/thucphamchayhoalacfood.com\/index.php\/product\/nem-mit-ha-noi-10-cuon\/","title":{"rendered":"Nem m\u00edt H\u00e0 N\u1ed9i ( 10 cu\u1ed1n )"},"content":{"rendered":"<p>Chi\u00ean l\u00ean , h\u00e0ng \u0111\u00f4ng l\u1ea1nh<\/p>\n","protected":false},"excerpt":{"rendered":"<p>Chi\u00ean l\u00ean , h\u00e0ng \u0111\u00f4ng l\u1ea1nh<\/p>\n","protected":false},"featured_media":2042,"comment_status":"open","ping_status":"closed","template":"","meta":{"om_disable_all_campaigns":false,"_monsterinsights_skip_tracking":false,"_monsterinsights_sitenote_active":false,"_monsterinsights_sitenote_note":"","_monsterinsights_sitenote_category":0},"product_cat":[24,15],"product_tag":[],"_links":{"self":[{"href":"https:\/\/thucphamchayhoalacfood.com\/index.php\/wp-json\/wp\/v2\/product\/2043"}],"collection":[{"href":"https:\/\/thucphamchayhoalacfood.com\/index.php\/wp-json\/wp\/v2\/product"}],"about":[{"href":"https:\/\/thucphamchayhoalacfood.com\/index.php\/wp-json\/wp\/v2\/types\/product"}],"replies":[{"embeddable":true,"href":"https:\/\/thucphamchayhoalacfood.com\/index.php\/wp-json\/wp\/v2\/comments?post=2043"}],"wp:featuredmedia":[{"embeddable":true,"href":"https:\/\/thucphamchayhoalacfood.com\/index.php\/wp-json\/wp\/v2\/media\/2042"}],"wp:attachment":[{"href":"https:\/\/thucphamchayhoalacfood.com\/index.php\/wp-json\/wp\/v2\/media?parent=2043"}],"wp:term":[{"taxonomy":"product_cat","embeddable":true,"href":"https:\/\/thucphamchayhoalacfood.com\/index.php\/wp-json\/wp\/v2\/product_cat?post=2043"},{"taxonomy":"product_tag","embeddable":true,"href":"https:\/\/thucphamchayhoalacfood.com\/index.php\/wp-json\/wp\/v2\/product_tag?post=2043"}],"curies":[{"name":"wp","href":"https:\/\/api.w.org\/{rel}","templated":true}]}}