{"id":1970,"date":"2025-02-04T06:52:11","date_gmt":"2025-02-04T06:52:11","guid":{"rendered":"https:\/\/thucphamchayhoalacfood.com\/index.php\/product\/cha-gio-mit-dac-biet-500gr\/"},"modified":"2025-06-07T11:15:40","modified_gmt":"2025-06-07T10:15:40","slug":"cha-gio-mit-dac-biet-500gr","status":"publish","type":"product","link":"https:\/\/thucphamchayhoalacfood.com\/index.php\/product\/cha-gio-mit-dac-biet-500gr\/","title":{"rendered":"Ch\u1ea3 gi\u00f2 m\u00edt \u0111\u1eb7c bi\u1ec7t 500gr"},"content":{"rendered":"<p>Th\u1ecbt m\u00edt non chay , rau c\u1ee7 qu\u1ea3<\/p>\n","protected":false},"excerpt":{"rendered":"<p>Th\u1ecbt m\u00edt non chay , rau c\u1ee7 qu\u1ea3<\/p>\n","protected":false},"featured_media":1969,"comment_status":"open","ping_status":"closed","template":"","meta":{"om_disable_all_campaigns":false,"_monsterinsights_skip_tracking":false,"_monsterinsights_sitenote_active":false,"_monsterinsights_sitenote_note":"","_monsterinsights_sitenote_category":0},"product_cat":[31],"product_tag":[],"_links":{"self":[{"href":"https:\/\/thucphamchayhoalacfood.com\/index.php\/wp-json\/wp\/v2\/product\/1970"}],"collection":[{"href":"https:\/\/thucphamchayhoalacfood.com\/index.php\/wp-json\/wp\/v2\/product"}],"about":[{"href":"https:\/\/thucphamchayhoalacfood.com\/index.php\/wp-json\/wp\/v2\/types\/product"}],"replies":[{"embeddable":true,"href":"https:\/\/thucphamchayhoalacfood.com\/index.php\/wp-json\/wp\/v2\/comments?post=1970"}],"wp:featuredmedia":[{"embeddable":true,"href":"https:\/\/thucphamchayhoalacfood.com\/index.php\/wp-json\/wp\/v2\/media\/1969"}],"wp:attachment":[{"href":"https:\/\/thucphamchayhoalacfood.com\/index.php\/wp-json\/wp\/v2\/media?parent=1970"}],"wp:term":[{"taxonomy":"product_cat","embeddable":true,"href":"https:\/\/thucphamchayhoalacfood.com\/index.php\/wp-json\/wp\/v2\/product_cat?post=1970"},{"taxonomy":"product_tag","embeddable":true,"href":"https:\/\/thucphamchayhoalacfood.com\/index.php\/wp-json\/wp\/v2\/product_tag?post=1970"}],"curies":[{"name":"wp","href":"https:\/\/api.w.org\/{rel}","templated":true}]}}