{"id":192,"date":"2023-09-08T04:31:05","date_gmt":"2023-09-08T03:31:05","guid":{"rendered":"https:\/\/thucphamchayhoalacfood.com\/?post_type=product&#038;p=192"},"modified":"2025-01-07T16:09:09","modified_gmt":"2025-01-07T16:09:09","slug":"cha-nam-thien-y-thuan-chay-500gr","status":"publish","type":"product","link":"https:\/\/thucphamchayhoalacfood.com\/index.php\/product\/cha-nam-thien-y-thuan-chay-500gr\/","title":{"rendered":"Ch\u1ea3 n\u1ea5m Thi\u00ean \u00dd thu\u1ea7n chay 500gr"},"content":{"rendered":"\n<p>Th\u00e0nh ph\u1ea7n : b\u1ed9t m\u00ec , n\u1ea5m h\u01b0\u01a1ng , ch\u00e2n n\u1ea5m h\u01b0\u01a1ng gia v\u1ecb thu\u1ea7n chay<br>c\u00e1ch d\u00f9ng : chi\u00ean , kho , x\u00e0o \u0103n b\u00e1nh m\u00ec<br>33 tho\u1ea1i Ng\u1ecdc H\u1ea7u ho\u00e0 th\u1ea1nh t\u00e2n Ph\u00fa<br>Th\u1ef1c ph\u1ea9m chay Hoa L\u1ea1c<br>0969873871<\/p>\n","protected":false},"excerpt":{"rendered":"<p>Th\u00e0nh ph\u1ea7n : b\u1ed9t m\u00ec , n\u1ea5m h\u01b0\u01a1ng , ch\u00e2n n\u1ea5m h\u01b0\u01a1ng gia v\u1ecb thu\u1ea7n chayc\u00e1ch d\u00f9ng : chi\u00ean , kho , x\u00e0o \u0103n b\u00e1nh m\u00ec33 tho\u1ea1i Ng\u1ecdc H\u1ea7u ho\u00e0 th\u1ea1nh t\u00e2n Ph\u00faTh\u1ef1c ph\u1ea9m chay Hoa L\u1ea1c0969873871<\/p>\n","protected":false},"featured_media":193,"comment_status":"open","ping_status":"closed","template":"","meta":{"om_disable_all_campaigns":false,"_monsterinsights_skip_tracking":false,"_monsterinsights_sitenote_active":false,"_monsterinsights_sitenote_note":"","_monsterinsights_sitenote_category":0},"product_cat":[31],"product_tag":[],"_links":{"self":[{"href":"https:\/\/thucphamchayhoalacfood.com\/index.php\/wp-json\/wp\/v2\/product\/192"}],"collection":[{"href":"https:\/\/thucphamchayhoalacfood.com\/index.php\/wp-json\/wp\/v2\/product"}],"about":[{"href":"https:\/\/thucphamchayhoalacfood.com\/index.php\/wp-json\/wp\/v2\/types\/product"}],"replies":[{"embeddable":true,"href":"https:\/\/thucphamchayhoalacfood.com\/index.php\/wp-json\/wp\/v2\/comments?post=192"}],"wp:featuredmedia":[{"embeddable":true,"href":"https:\/\/thucphamchayhoalacfood.com\/index.php\/wp-json\/wp\/v2\/media\/193"}],"wp:attachment":[{"href":"https:\/\/thucphamchayhoalacfood.com\/index.php\/wp-json\/wp\/v2\/media?parent=192"}],"wp:term":[{"taxonomy":"product_cat","embeddable":true,"href":"https:\/\/thucphamchayhoalacfood.com\/index.php\/wp-json\/wp\/v2\/product_cat?post=192"},{"taxonomy":"product_tag","embeddable":true,"href":"https:\/\/thucphamchayhoalacfood.com\/index.php\/wp-json\/wp\/v2\/product_tag?post=192"}],"curies":[{"name":"wp","href":"https:\/\/api.w.org\/{rel}","templated":true}]}}