{"id":1861,"date":"2024-08-21T10:06:31","date_gmt":"2024-08-21T09:06:31","guid":{"rendered":"https:\/\/thucphamchayhoalacfood.com\/index.php\/product\/rau-tien-vua-500gr\/"},"modified":"2025-07-01T07:19:25","modified_gmt":"2025-07-01T06:19:25","slug":"rau-tien-vua-500gr","status":"publish","type":"product","link":"https:\/\/thucphamchayhoalacfood.com\/index.php\/product\/rau-tien-vua-500gr\/","title":{"rendered":"Rau ti\u1ebfn vua 500gr"},"content":{"rendered":"<p>Rau ti\u1ebfn vua<\/p>\n<p>Ko nh\u1eefng ngon m\u00e0 c\u00f2n t\u1ed1t cho s\u1ee9c kh\u1ecfe n\u1eefa \u1ea1, c\u00f3 th\u1ec3 ch\u1ebf bi\u1ebfn th\u00e0nh nhi\u1ec1u m\u00f3n \u0103n \u1ea1<\/p>\n<p>#RAUTI\u1ebeNVUA  n\u00e0o c\u00e1c b\u00e1c \u01a1i!!<\/p>\n<p>Trend n\u00e0y \u0111ang hot r\u1ea7n r\u1ea7n kh\u00f4ng th\u1ec3 b\u1ecf qua c\u00e1c b\u00e1c \u1ea1<\/p>\n<p>\ud83d\udc49 rau Ti\u1ebfn vua c\u00f3 nhi\u1ec1u ch\u1ea5t x\u01a1, n\u01b0\u1edbc, kho\u00e1ng ch\u1ea5t, vitamin nh\u01b0ng l\u1ea1i c\u00f3 l\u01b0\u1ee3ng calo th\u1ea5p. \u0110i\u1ec1u n\u00e0y c\u00f3 l\u1ee3i cho h\u1ec7 ti\u00eau h\u00f3a, ch\u1ed1ng t\u00e1o b\u00f3n\u2026 C\u00f4ng d\u1ee5ng n\u1ed5i b\u1eadt nh\u1ea5t c\u1ee7a rau ti\u1ebfn vua ph\u1ea3i k\u1ec3 \u0111\u1ebfn d\u01b0\u1ee1ng thai cho b\u00e0 b\u1ea7u v\u00e0 h\u1ed7 tr\u1ee3 gi\u1ea3m c\u00e2n, gi\u1eef d\u00e1ng.<\/p>\n<p>H\u1ea1n s\u1eed d\u1ee5ng 8 th\u00e1ng t\u1ee7 \u0111\u00e1<\/p>\n<p>C\u00e1ch ch\u1ebf bi\u1ebfn: ng\u00e2m 2-3 ti\u1ebfng b\u1eb1ng n\u01b0\u1edbc th\u01b0\u1eddng (c\u00f3 th\u1ec3 th\u00eam \u0111\u00e1 \u0111\u1ec3 t\u0103ng \u0111\u1ed9 gi\u00f2n h\u01a1n), r\u1eeda s\u1ea1ch , c\u1eaft kh\u00fac 3-4cm v\u1eeba \u0103n. Ch\u1ebf bi\u1ebfn c\u00e1c m\u00f3n \u0103n tu\u1ef3 th\u00edch.<\/p>\n<p>G\u1ee3i \u00fd m\u1ed9t s\u1ed1 m\u00f3n ngon t\u1eeb rau ti\u1ebfn vua:<\/p>\n<p>Canh th\u1ecbt vi\u00ean rau ti\u1ebfn vua<\/p>\n<p>-G\u1ecfi rau ti\u1ebfn vua<\/p>\n<p>&#8211; Rau ti\u1ebfu vua ch\u1ea5m m\u1eafm \u1edbt t\u1ecfi<\/p>\n<p>&#8211; Rau ti\u1ebfn vua x\u00e0o<\/p>\n<p>M\u1ebfn m\u1eddi anh ch\u1ecb<\/p>\n<p>Lh 0969873871<\/p>\n<p>Th\u1ef1c ph\u1ea9m chay Hoa L\u1ea1c<\/p>\n<p>Dc 33 tho\u1ea1i Ng\u1ecdc h\u1ea7u ho\u00e0 th\u1ea1nh T\u00e2n Ph\u00fa<\/p>\n","protected":false},"excerpt":{"rendered":"<p>Rau ti\u1ebfn vua Ko nh\u1eefng ngon m\u00e0 c\u00f2n t\u1ed1t cho s\u1ee9c kh\u1ecfe n\u1eefa \u1ea1, c\u00f3 th\u1ec3 ch\u1ebf bi\u1ebfn th\u00e0nh nhi\u1ec1u m\u00f3n \u0103n \u1ea1 #RAUTI\u1ebeNVUA n\u00e0o c\u00e1c b\u00e1c \u01a1i!! Trend n\u00e0y \u0111ang hot r\u1ea7n r\u1ea7n kh\u00f4ng th\u1ec3 b\u1ecf qua c\u00e1c b\u00e1c \u1ea1 \ud83d\udc49 rau Ti\u1ebfn vua c\u00f3 nhi\u1ec1u ch\u1ea5t x\u01a1, n\u01b0\u1edbc, kho\u00e1ng ch\u1ea5t, vitamin nh\u01b0ng l\u1ea1i &hellip; <\/p>\n<div class=\"link-more text-center\"><a href=\"https:\/\/thucphamchayhoalacfood.com\/index.php\/product\/rau-tien-vua-500gr\/\" class=\"more-link py-2 px-4\">Read More<span class=\"screen-reader-text\"> &#8220;Rau ti\u1ebfn vua 500gr&#8221;<\/span><\/a><\/div>\n","protected":false},"featured_media":1857,"comment_status":"open","ping_status":"closed","template":"","meta":{"om_disable_all_campaigns":false,"_monsterinsights_skip_tracking":false,"_monsterinsights_sitenote_active":false,"_monsterinsights_sitenote_note":"","_monsterinsights_sitenote_category":0},"product_cat":[24,15],"product_tag":[],"_links":{"self":[{"href":"https:\/\/thucphamchayhoalacfood.com\/index.php\/wp-json\/wp\/v2\/product\/1861"}],"collection":[{"href":"https:\/\/thucphamchayhoalacfood.com\/index.php\/wp-json\/wp\/v2\/product"}],"about":[{"href":"https:\/\/thucphamchayhoalacfood.com\/index.php\/wp-json\/wp\/v2\/types\/product"}],"replies":[{"embeddable":true,"href":"https:\/\/thucphamchayhoalacfood.com\/index.php\/wp-json\/wp\/v2\/comments?post=1861"}],"wp:featuredmedia":[{"embeddable":true,"href":"https:\/\/thucphamchayhoalacfood.com\/index.php\/wp-json\/wp\/v2\/media\/1857"}],"wp:attachment":[{"href":"https:\/\/thucphamchayhoalacfood.com\/index.php\/wp-json\/wp\/v2\/media?parent=1861"}],"wp:term":[{"taxonomy":"product_cat","embeddable":true,"href":"https:\/\/thucphamchayhoalacfood.com\/index.php\/wp-json\/wp\/v2\/product_cat?post=1861"},{"taxonomy":"product_tag","embeddable":true,"href":"https:\/\/thucphamchayhoalacfood.com\/index.php\/wp-json\/wp\/v2\/product_tag?post=1861"}],"curies":[{"name":"wp","href":"https:\/\/api.w.org\/{rel}","templated":true}]}}