{"id":1851,"date":"2024-08-21T09:56:54","date_gmt":"2024-08-21T08:56:54","guid":{"rendered":"https:\/\/thucphamchayhoalacfood.com\/index.php\/product\/kho-ca-loc-xe-muoi-sa-100gr-mieng\/"},"modified":"2024-08-21T09:57:09","modified_gmt":"2024-08-21T08:57:09","slug":"kho-ca-loc-xe-muoi-sa-100gr-mieng","status":"publish","type":"product","link":"https:\/\/thucphamchayhoalacfood.com\/index.php\/product\/kho-ca-loc-xe-muoi-sa-100gr-mieng\/","title":{"rendered":"Kh\u00f4 c\u00e1 l\u00f3c x\u1ebb mu\u1ed1i s\u1ea3 100gr \/ mi\u1ebfng"},"content":{"rendered":"<p>\u0110\u00e3 gia v\u1ecb v\u1ec1 chi\u00ean l\u00ean d\u00f9m r\u1ea5t ngon<\/p>\n","protected":false},"excerpt":{"rendered":"<p>\u0110\u00e3 gia v\u1ecb v\u1ec1 chi\u00ean l\u00ean d\u00f9m r\u1ea5t ngon<\/p>\n","protected":false},"featured_media":1850,"comment_status":"open","ping_status":"closed","template":"","meta":{"om_disable_all_campaigns":false,"_monsterinsights_skip_tracking":false,"_monsterinsights_sitenote_active":false,"_monsterinsights_sitenote_note":"","_monsterinsights_sitenote_category":0},"product_cat":[24],"product_tag":[],"_links":{"self":[{"href":"https:\/\/thucphamchayhoalacfood.com\/index.php\/wp-json\/wp\/v2\/product\/1851"}],"collection":[{"href":"https:\/\/thucphamchayhoalacfood.com\/index.php\/wp-json\/wp\/v2\/product"}],"about":[{"href":"https:\/\/thucphamchayhoalacfood.com\/index.php\/wp-json\/wp\/v2\/types\/product"}],"replies":[{"embeddable":true,"href":"https:\/\/thucphamchayhoalacfood.com\/index.php\/wp-json\/wp\/v2\/comments?post=1851"}],"wp:featuredmedia":[{"embeddable":true,"href":"https:\/\/thucphamchayhoalacfood.com\/index.php\/wp-json\/wp\/v2\/media\/1850"}],"wp:attachment":[{"href":"https:\/\/thucphamchayhoalacfood.com\/index.php\/wp-json\/wp\/v2\/media?parent=1851"}],"wp:term":[{"taxonomy":"product_cat","embeddable":true,"href":"https:\/\/thucphamchayhoalacfood.com\/index.php\/wp-json\/wp\/v2\/product_cat?post=1851"},{"taxonomy":"product_tag","embeddable":true,"href":"https:\/\/thucphamchayhoalacfood.com\/index.php\/wp-json\/wp\/v2\/product_tag?post=1851"}],"curies":[{"name":"wp","href":"https:\/\/api.w.org\/{rel}","templated":true}]}}