{"id":1840,"date":"2024-08-21T09:44:44","date_gmt":"2024-08-21T08:44:44","guid":{"rendered":"https:\/\/thucphamchayhoalacfood.com\/index.php\/product\/mam-chung-chay-500gr\/"},"modified":"2024-12-30T02:00:27","modified_gmt":"2024-12-30T02:00:27","slug":"mam-chung-chay-500gr","status":"publish","type":"product","link":"https:\/\/thucphamchayhoalacfood.com\/index.php\/product\/mam-chung-chay-500gr\/","title":{"rendered":"M\u1eafm ch\u01b0ng chay 500gr ("},"content":{"rendered":"<p>V\u00e0 m\u1eafm Ch\u01b0ng chay an chay cho t\u1ed1t nh\u00e9 c\u1ea3 nh\u00e0 , Chay m\u00e0 ngon y nh\u01b0 m\u1eb7n , ch\u1ea3 c\u00f3 n\u1ea5m \u0111\u00f4g c\u00f4, n\u1ea5m m\u00e8o , n\u1ea5m r\u01a1m n\u00ean th\u01a1m ph\u1ee9c , c\u00f9ng v\u1edbi rau c\u1ee7 \u0103n v\u1eeba ngon l\u1ea1i v\u1eeba dinh d\u01b0\u1ee1g \u1ea1<\/p>\n<p>t\u1eb7g k\u00e8m b\u1ecbch nuoc mam chay \u0111\u1eadm \u0111\u00e0 si\u00eau ngon \ud83d\ude17<\/p>\n<p>1 h\u1ed9p 500gr + n\u01b0\u1edbc ch\u1ea5m nha<\/p>\n<p>Li\u00ean h\u1ec7 0969873871<\/p>\n<p>Th\u1ef1c ph\u1ea9m chay Hoa<\/p>\n","protected":false},"excerpt":{"rendered":"<p>V\u00e0 m\u1eafm Ch\u01b0ng chay an chay cho t\u1ed1t nh\u00e9 c\u1ea3 nh\u00e0 , Chay m\u00e0 ngon y nh\u01b0 m\u1eb7n , ch\u1ea3 c\u00f3 n\u1ea5m \u0111\u00f4g c\u00f4, n\u1ea5m m\u00e8o , n\u1ea5m r\u01a1m n\u00ean th\u01a1m ph\u1ee9c , c\u00f9ng v\u1edbi rau c\u1ee7 \u0103n v\u1eeba ngon l\u1ea1i v\u1eeba dinh d\u01b0\u1ee1g \u1ea1 t\u1eb7g k\u00e8m b\u1ecbch nuoc mam chay \u0111\u1eadm \u0111\u00e0 si\u00eau ngon &hellip; <\/p>\n<div class=\"link-more text-center\"><a href=\"https:\/\/thucphamchayhoalacfood.com\/index.php\/product\/mam-chung-chay-500gr\/\" class=\"more-link py-2 px-4\">Read More<span class=\"screen-reader-text\"> &#8220;M\u1eafm ch\u01b0ng chay 500gr (&#8220;<\/span><\/a><\/div>\n","protected":false},"featured_media":1836,"comment_status":"open","ping_status":"closed","template":"","meta":{"om_disable_all_campaigns":false,"_monsterinsights_skip_tracking":false,"_monsterinsights_sitenote_active":false,"_monsterinsights_sitenote_note":"","_monsterinsights_sitenote_category":0},"product_cat":[24],"product_tag":[],"_links":{"self":[{"href":"https:\/\/thucphamchayhoalacfood.com\/index.php\/wp-json\/wp\/v2\/product\/1840"}],"collection":[{"href":"https:\/\/thucphamchayhoalacfood.com\/index.php\/wp-json\/wp\/v2\/product"}],"about":[{"href":"https:\/\/thucphamchayhoalacfood.com\/index.php\/wp-json\/wp\/v2\/types\/product"}],"replies":[{"embeddable":true,"href":"https:\/\/thucphamchayhoalacfood.com\/index.php\/wp-json\/wp\/v2\/comments?post=1840"}],"wp:featuredmedia":[{"embeddable":true,"href":"https:\/\/thucphamchayhoalacfood.com\/index.php\/wp-json\/wp\/v2\/media\/1836"}],"wp:attachment":[{"href":"https:\/\/thucphamchayhoalacfood.com\/index.php\/wp-json\/wp\/v2\/media?parent=1840"}],"wp:term":[{"taxonomy":"product_cat","embeddable":true,"href":"https:\/\/thucphamchayhoalacfood.com\/index.php\/wp-json\/wp\/v2\/product_cat?post=1840"},{"taxonomy":"product_tag","embeddable":true,"href":"https:\/\/thucphamchayhoalacfood.com\/index.php\/wp-json\/wp\/v2\/product_tag?post=1840"}],"curies":[{"name":"wp","href":"https:\/\/api.w.org\/{rel}","templated":true}]}}