{"id":1835,"date":"2024-08-21T09:43:16","date_gmt":"2024-08-21T08:43:16","guid":{"rendered":"https:\/\/thucphamchayhoalacfood.com\/index.php\/product\/pate-mit-non-150gr-co-ba-loai-hat-dieu-thao-moc-va-truyen-thong\/"},"modified":"2024-08-21T09:43:29","modified_gmt":"2024-08-21T08:43:29","slug":"pate-mit-non-150gr-co-ba-loai-hat-dieu-thao-moc-va-truyen-thong","status":"publish","type":"product","link":"https:\/\/thucphamchayhoalacfood.com\/index.php\/product\/pate-mit-non-150gr-co-ba-loai-hat-dieu-thao-moc-va-truyen-thong\/","title":{"rendered":"Pate m\u00edt non 150gr ( c\u00f3 ba lo\u1ea1i h\u1ea1t \u0111i\u1ec1u , th\u1ea3o m\u1ed9c v\u00e0 truy\u1ec1n th\u1ed1ng"},"content":{"rendered":"<p>Pate m\u00edt non chay<\/p>\n<p>Th\u00e0nh ph\u1ea7n 70% l\u00e0 m\u00edt non , khoai s\u1ecd , n\u1ea5m b\u00e0o ng\u01b0, \u0111\u1eadu g\u00e0 , gia v\u1ecb chay<\/p>\n<p>C\u00f3 3 v\u1ecb : m\u00edt non truy\u1ec1n th\u1ed1ng<\/p>\n<p>M\u00edt non h\u1ea1t \u0111i\u1ec1u v\u00e0 m\u00edt non th\u1ea3o m\u1ed9c<\/p>\n<p>Pate s\u00e1nh m\u1ecbn b\u00e9o th\u01a1m ngon ,<\/p>\n<p>l\u00e0m t\u1eeb M\u00edt NON( nghe h\u01a1i l\u1ea1 ph\u1ea3i kh\u00f4ng)<\/p>\n<p>C\u00f4ng d\u1ee5ng tuy\u1ec7t v\u1eddi c\u1ee7a m\u00edt non ch\u1eafc ch\u1ea3 nh\u00e0 \u0111\u1ec1u bi\u1ebft : gi\u1ea3m t\u00ecnh tr\u1ea1ng thi\u1ebfu m\u00e1u , t\u0103ng c\u01b0\u1eddng h\u1ec7 mi\u1ec5n d\u1ecbch , gi\u00fap t\u1ed1t cho h\u1ec7 ti\u00eau h\u00f3a , \u1ed5n \u0111\u1ecbnh huy\u1ebft \u00e1p<\/p>\n<p>C\u1ea3 nh\u00e0 \u0111ang \u0103n chay m\u00e0 \u0111ang c\u1ea7n t\u00ecm 1 lo\u1ea1i v\u1eeba ngon m\u00e0 l\u1ea1i t\u1ed1t cho s\u1ee9c kho\u1ebb th\u00ec kh\u00f4ng th\u1ec3 n\u00e0o b\u1ecf qua lo\u1ea1i pate l\u00e0m t\u1eeb m\u00edt non n\u00e0y nh\u00e9<\/p>\n<p>Lh : 0969873871<\/p>\n<p>Th\u1ef1c ph\u1ea9m chay hoa l\u1ea1c<\/p>\n<p>Dc : 33 tho\u1ea1i Ng\u1ecdc h\u1ea7u h\u00f2a Th\u1ea1nh T\u00e2n Ph\u00fa<\/p>\n","protected":false},"excerpt":{"rendered":"<p>Pate m\u00edt non chay Th\u00e0nh ph\u1ea7n 70% l\u00e0 m\u00edt non , khoai s\u1ecd , n\u1ea5m b\u00e0o ng\u01b0, \u0111\u1eadu g\u00e0 , gia v\u1ecb chay C\u00f3 3 v\u1ecb : m\u00edt non truy\u1ec1n th\u1ed1ng M\u00edt non h\u1ea1t \u0111i\u1ec1u v\u00e0 m\u00edt non th\u1ea3o m\u1ed9c Pate s\u00e1nh m\u1ecbn b\u00e9o th\u01a1m ngon , l\u00e0m t\u1eeb M\u00edt NON( nghe h\u01a1i l\u1ea1 ph\u1ea3i &hellip; <\/p>\n<div class=\"link-more text-center\"><a href=\"https:\/\/thucphamchayhoalacfood.com\/index.php\/product\/pate-mit-non-150gr-co-ba-loai-hat-dieu-thao-moc-va-truyen-thong\/\" class=\"more-link py-2 px-4\">Read More<span class=\"screen-reader-text\"> &#8220;Pate m\u00edt non 150gr ( c\u00f3 ba lo\u1ea1i h\u1ea1t \u0111i\u1ec1u , th\u1ea3o m\u1ed9c v\u00e0 truy\u1ec1n th\u1ed1ng&#8221;<\/span><\/a><\/div>\n","protected":false},"featured_media":1834,"comment_status":"open","ping_status":"closed","template":"","meta":{"om_disable_all_campaigns":false,"_monsterinsights_skip_tracking":false,"_monsterinsights_sitenote_active":false,"_monsterinsights_sitenote_note":"","_monsterinsights_sitenote_category":0},"product_cat":[26],"product_tag":[],"_links":{"self":[{"href":"https:\/\/thucphamchayhoalacfood.com\/index.php\/wp-json\/wp\/v2\/product\/1835"}],"collection":[{"href":"https:\/\/thucphamchayhoalacfood.com\/index.php\/wp-json\/wp\/v2\/product"}],"about":[{"href":"https:\/\/thucphamchayhoalacfood.com\/index.php\/wp-json\/wp\/v2\/types\/product"}],"replies":[{"embeddable":true,"href":"https:\/\/thucphamchayhoalacfood.com\/index.php\/wp-json\/wp\/v2\/comments?post=1835"}],"wp:featuredmedia":[{"embeddable":true,"href":"https:\/\/thucphamchayhoalacfood.com\/index.php\/wp-json\/wp\/v2\/media\/1834"}],"wp:attachment":[{"href":"https:\/\/thucphamchayhoalacfood.com\/index.php\/wp-json\/wp\/v2\/media?parent=1835"}],"wp:term":[{"taxonomy":"product_cat","embeddable":true,"href":"https:\/\/thucphamchayhoalacfood.com\/index.php\/wp-json\/wp\/v2\/product_cat?post=1835"},{"taxonomy":"product_tag","embeddable":true,"href":"https:\/\/thucphamchayhoalacfood.com\/index.php\/wp-json\/wp\/v2\/product_tag?post=1835"}],"curies":[{"name":"wp","href":"https:\/\/api.w.org\/{rel}","templated":true}]}}