{"id":1824,"date":"2024-08-18T09:50:22","date_gmt":"2024-08-18T08:50:22","guid":{"rendered":"https:\/\/thucphamchayhoalacfood.com\/index.php\/product\/xoi-khuc-chay-bich-6-cai\/"},"modified":"2025-09-26T04:41:34","modified_gmt":"2025-09-26T03:41:34","slug":"xoi-khuc-chay-bich-6-cai","status":"publish","type":"product","link":"https:\/\/thucphamchayhoalacfood.com\/index.php\/product\/xoi-khuc-chay-bich-6-cai\/","title":{"rendered":"X\u00f4i kh\u00fac chay bich 6 c\u00e1i"},"content":{"rendered":"<p>H\u1ea5p t\u1ea7m 5 ph\u00fat h\u00e0ng tru \u0111ong<\/p>\n","protected":false},"excerpt":{"rendered":"<p>H\u1ea5p t\u1ea7m 5 ph\u00fat h\u00e0ng tru \u0111ong<\/p>\n","protected":false},"featured_media":1823,"comment_status":"open","ping_status":"closed","template":"","meta":{"om_disable_all_campaigns":false,"_monsterinsights_skip_tracking":false,"_monsterinsights_sitenote_active":false,"_monsterinsights_sitenote_note":"","_monsterinsights_sitenote_category":0},"product_cat":[30,31],"product_tag":[],"_links":{"self":[{"href":"https:\/\/thucphamchayhoalacfood.com\/index.php\/wp-json\/wp\/v2\/product\/1824"}],"collection":[{"href":"https:\/\/thucphamchayhoalacfood.com\/index.php\/wp-json\/wp\/v2\/product"}],"about":[{"href":"https:\/\/thucphamchayhoalacfood.com\/index.php\/wp-json\/wp\/v2\/types\/product"}],"replies":[{"embeddable":true,"href":"https:\/\/thucphamchayhoalacfood.com\/index.php\/wp-json\/wp\/v2\/comments?post=1824"}],"wp:featuredmedia":[{"embeddable":true,"href":"https:\/\/thucphamchayhoalacfood.com\/index.php\/wp-json\/wp\/v2\/media\/1823"}],"wp:attachment":[{"href":"https:\/\/thucphamchayhoalacfood.com\/index.php\/wp-json\/wp\/v2\/media?parent=1824"}],"wp:term":[{"taxonomy":"product_cat","embeddable":true,"href":"https:\/\/thucphamchayhoalacfood.com\/index.php\/wp-json\/wp\/v2\/product_cat?post=1824"},{"taxonomy":"product_tag","embeddable":true,"href":"https:\/\/thucphamchayhoalacfood.com\/index.php\/wp-json\/wp\/v2\/product_tag?post=1824"}],"curies":[{"name":"wp","href":"https:\/\/api.w.org\/{rel}","templated":true}]}}