{"id":181,"date":"2023-09-08T04:28:18","date_gmt":"2023-09-08T03:28:18","guid":{"rendered":"https:\/\/thucphamchayhoalacfood.com\/?post_type=product&#038;p=181"},"modified":"2023-09-21T08:25:18","modified_gmt":"2023-09-21T07:25:18","slug":"thit-lui-chay-goi-500gr","status":"publish","type":"product","link":"https:\/\/thucphamchayhoalacfood.com\/index.php\/product\/thit-lui-chay-goi-500gr\/","title":{"rendered":"Th\u1ecbt l\u1ee5i chay g\u00f3i 500gr"},"content":{"rendered":"\n<p>M\u00f3n \u0103n \u0111\u01a1n gi\u1ea3n \u0111\u01a1n gi\u1ea3n ch\u1ec9 th\u1ebf th\u00f4i<br>V\u1eady m\u00e0 ngon th\u1ecbt l\u1ee5i chay nh\u00e0 em c\u00f3 nh\u00e9<br>\u0102n r\u1ea5t ngon<\/p>\n\n\n\n<p>C\u1eeda h\u00e0ng em xin gieo duy\u00ean \u0111\u1ebfn c\u1ea3 nh\u00e0 m\u00f3n<br>\/lll Th\u1ecbt lui chay<br>Thanh ph\u1ea7n :tinh b\u1ed9t m\u00ec, rau c\u1ee7 , gia v\u1ecb chay<br>\/Ben trong \u0111\u01b0\u1ee3c qu\u1ea5n bang c\u1ee7 s\u1eafn voi n\u1ea5m ,<br>H\u01b0\u01a1ng v\u1ecb l\u1ea1 l\u1ea1 an 1 l\u1ea7n s\u1ebd ghi\u1ec1n nh\u1edb m\u00e3i<br>\u2764Hdsd : ra \u0111\u00f4ng \u0111\u00eam chi\u00ean ho\u0103\u0323c n\u01b0\u1edbng b\u00ean trong c\u00f3 nuoc s\u1ed1t c\u00f3 th\u1ec3 r\u1ee9oi l\u00ean<br>R\u1ea5t ngon ak<br>\/-heart Em l\u00e0 ng\u01b0\u1eddi k\u00e9m \u0103n nh\u01b0ng \u0103n m\u00f3n n\u00e0y c\u1ef1c k\u00ec thic \u1ea1<br>\ud83d\ude1b Cua h\u00e0ng em cho\u0323n l\u1ecdc s\u1ea3n ph\u1ea9m r\u1ea5t k\u0129 n\u00ean c\u1ea3 nh\u00e0 an t\u00e2m v\u1ec1 ch\u1ea5t l\u01b0\u01a1\u0323ng v\u00e0 \u0111o an to\u00e0n khi tin d\u00f9ng s\u1ea3n ph\u1ea9m ak<br>\ud83d\ude00 Lh 0969873871<br>\/-strong Thuc ph\u1ea9m chay Hoa L\u1ea1c<br>\u0110c 33 thoai Ng\u1ecdc h\u1ea7u ho\u00e0 th\u1ea1nh t\u00e2n ph\u00fa<\/p>\n","protected":false},"excerpt":{"rendered":"<p>( ch\u1ec9 giao khu v\u1ef1c TpHcm )<\/p>\n","protected":false},"featured_media":183,"comment_status":"open","ping_status":"closed","template":"","meta":{"om_disable_all_campaigns":false,"_monsterinsights_skip_tracking":false,"_monsterinsights_sitenote_active":false,"_monsterinsights_sitenote_note":"","_monsterinsights_sitenote_category":0},"product_cat":[24],"product_tag":[],"_links":{"self":[{"href":"https:\/\/thucphamchayhoalacfood.com\/index.php\/wp-json\/wp\/v2\/product\/181"}],"collection":[{"href":"https:\/\/thucphamchayhoalacfood.com\/index.php\/wp-json\/wp\/v2\/product"}],"about":[{"href":"https:\/\/thucphamchayhoalacfood.com\/index.php\/wp-json\/wp\/v2\/types\/product"}],"replies":[{"embeddable":true,"href":"https:\/\/thucphamchayhoalacfood.com\/index.php\/wp-json\/wp\/v2\/comments?post=181"}],"wp:featuredmedia":[{"embeddable":true,"href":"https:\/\/thucphamchayhoalacfood.com\/index.php\/wp-json\/wp\/v2\/media\/183"}],"wp:attachment":[{"href":"https:\/\/thucphamchayhoalacfood.com\/index.php\/wp-json\/wp\/v2\/media?parent=181"}],"wp:term":[{"taxonomy":"product_cat","embeddable":true,"href":"https:\/\/thucphamchayhoalacfood.com\/index.php\/wp-json\/wp\/v2\/product_cat?post=181"},{"taxonomy":"product_tag","embeddable":true,"href":"https:\/\/thucphamchayhoalacfood.com\/index.php\/wp-json\/wp\/v2\/product_tag?post=181"}],"curies":[{"name":"wp","href":"https:\/\/api.w.org\/{rel}","templated":true}]}}