{"id":1793,"date":"2024-08-18T09:28:00","date_gmt":"2024-08-18T08:28:00","guid":{"rendered":"https:\/\/thucphamchayhoalacfood.com\/index.php\/product\/ca-phao-mam-nem-chay-800gr\/"},"modified":"2025-01-07T16:01:31","modified_gmt":"2025-01-07T16:01:31","slug":"ca-phao-mam-nem-chay-800gr","status":"publish","type":"product","link":"https:\/\/thucphamchayhoalacfood.com\/index.php\/product\/ca-phao-mam-nem-chay-800gr\/","title":{"rendered":"C\u00e0 ph\u00e1o m\u1eafm n\u00eam chay 800gr"},"content":{"rendered":"<p>Th\u00e0nh ph\u1ea7n : m\u1eafm n\u00eam, c\u00e0 ph\u00e1o ,dua leo , t\u1ecfi \u1edbt , mam nem chay<\/p>\n<p>De tu m\u00e1t 1 thang<\/p>\n","protected":false},"excerpt":{"rendered":"<p>Th\u00e0nh ph\u1ea7n : m\u1eafm n\u00eam, c\u00e0 ph\u00e1o ,dua leo , t\u1ecfi \u1edbt , mam nem chay De tu m\u00e1t 1 thang<\/p>\n","protected":false},"featured_media":1790,"comment_status":"open","ping_status":"closed","template":"","meta":{"om_disable_all_campaigns":false,"_monsterinsights_skip_tracking":false,"_monsterinsights_sitenote_active":false,"_monsterinsights_sitenote_note":"","_monsterinsights_sitenote_category":0},"product_cat":[24],"product_tag":[],"_links":{"self":[{"href":"https:\/\/thucphamchayhoalacfood.com\/index.php\/wp-json\/wp\/v2\/product\/1793"}],"collection":[{"href":"https:\/\/thucphamchayhoalacfood.com\/index.php\/wp-json\/wp\/v2\/product"}],"about":[{"href":"https:\/\/thucphamchayhoalacfood.com\/index.php\/wp-json\/wp\/v2\/types\/product"}],"replies":[{"embeddable":true,"href":"https:\/\/thucphamchayhoalacfood.com\/index.php\/wp-json\/wp\/v2\/comments?post=1793"}],"wp:featuredmedia":[{"embeddable":true,"href":"https:\/\/thucphamchayhoalacfood.com\/index.php\/wp-json\/wp\/v2\/media\/1790"}],"wp:attachment":[{"href":"https:\/\/thucphamchayhoalacfood.com\/index.php\/wp-json\/wp\/v2\/media?parent=1793"}],"wp:term":[{"taxonomy":"product_cat","embeddable":true,"href":"https:\/\/thucphamchayhoalacfood.com\/index.php\/wp-json\/wp\/v2\/product_cat?post=1793"},{"taxonomy":"product_tag","embeddable":true,"href":"https:\/\/thucphamchayhoalacfood.com\/index.php\/wp-json\/wp\/v2\/product_tag?post=1793"}],"curies":[{"name":"wp","href":"https:\/\/api.w.org\/{rel}","templated":true}]}}