{"id":1789,"date":"2024-08-18T09:25:51","date_gmt":"2024-08-18T08:25:51","guid":{"rendered":"https:\/\/thucphamchayhoalacfood.com\/index.php\/product\/banh-trung-thu-banh-ngot-dau-xanh-dau-do-hat-sen-mon-la-dua-sua-dua-khach-tuy-chon\/"},"modified":"2025-01-07T15:53:36","modified_gmt":"2025-01-07T15:53:36","slug":"banh-trung-thu-banh-ngot-dau-xanh-dau-do-hat-sen-mon-la-dua-sua-dua-khach-tuy-chon","status":"publish","type":"product","link":"https:\/\/thucphamchayhoalacfood.com\/index.php\/product\/banh-trung-thu-banh-ngot-dau-xanh-dau-do-hat-sen-mon-la-dua-sua-dua-khach-tuy-chon\/","title":{"rendered":"B\u00e1nh trung thu b\u00e1nh ngot ( dau xanh , \u0111\u1eadu \u0111\u1ecf , h\u1ea1t sen , m\u00f4n , l\u00e1 d\u1ee9a , s\u1eefa d\u1eeba, ) ( kh\u00e1ch t\u00f9y ch\u1ecdn )"},"content":{"rendered":"","protected":false},"excerpt":{"rendered":"","protected":false},"featured_media":1788,"comment_status":"open","ping_status":"closed","template":"","meta":{"om_disable_all_campaigns":false,"_monsterinsights_skip_tracking":false,"_monsterinsights_sitenote_active":false,"_monsterinsights_sitenote_note":"","_monsterinsights_sitenote_category":0},"product_cat":[30],"product_tag":[],"_links":{"self":[{"href":"https:\/\/thucphamchayhoalacfood.com\/index.php\/wp-json\/wp\/v2\/product\/1789"}],"collection":[{"href":"https:\/\/thucphamchayhoalacfood.com\/index.php\/wp-json\/wp\/v2\/product"}],"about":[{"href":"https:\/\/thucphamchayhoalacfood.com\/index.php\/wp-json\/wp\/v2\/types\/product"}],"replies":[{"embeddable":true,"href":"https:\/\/thucphamchayhoalacfood.com\/index.php\/wp-json\/wp\/v2\/comments?post=1789"}],"wp:featuredmedia":[{"embeddable":true,"href":"https:\/\/thucphamchayhoalacfood.com\/index.php\/wp-json\/wp\/v2\/media\/1788"}],"wp:attachment":[{"href":"https:\/\/thucphamchayhoalacfood.com\/index.php\/wp-json\/wp\/v2\/media?parent=1789"}],"wp:term":[{"taxonomy":"product_cat","embeddable":true,"href":"https:\/\/thucphamchayhoalacfood.com\/index.php\/wp-json\/wp\/v2\/product_cat?post=1789"},{"taxonomy":"product_tag","embeddable":true,"href":"https:\/\/thucphamchayhoalacfood.com\/index.php\/wp-json\/wp\/v2\/product_tag?post=1789"}],"curies":[{"name":"wp","href":"https:\/\/api.w.org\/{rel}","templated":true}]}}