{"id":1733,"date":"2024-01-12T08:13:26","date_gmt":"2024-01-12T08:13:26","guid":{"rendered":"https:\/\/thucphamchayhoalacfood.com\/index.php\/product\/san-pham-59\/"},"modified":"2024-01-12T08:14:17","modified_gmt":"2024-01-12T08:14:17","slug":"san-pham-59","status":"publish","type":"product","link":"https:\/\/thucphamchayhoalacfood.com\/index.php\/product\/san-pham-59\/","title":{"rendered":"T\u00f4m s\u00fa rim chay"},"content":{"rendered":"<p>T\u00f4m s\u00fa rim \u1edbt chay<\/p>\n<p>M\u1eb7n m\u1eb7n ng\u1ecdt ng\u1ecdt<\/p>\n<p>D\u00f9ng \u0111\u1ec3 \u0103n c\u01a1m ch\u00e1o r\u1ea5t ngon<\/p>\n<p>Th\u00e0nh ph\u1ea7n \u0111\u1ea1m \u0111\u1eadu n\u00e0nh gia v\u1ecb chay<\/p>\n<p>C\u00e1ch s\u1eed d\u1ee5ng th\u00e1o ra \u0103n li\u1ec1n<\/p>\n<p>R\u1ea5t ti\u1ec7n l\u1ee3i<\/p>\n<p>Lh 0969873871<\/p>\n<p>Th\u1ef1c ph\u1ea9m chay Hoa L\u1ea1c<\/p>\n<p>Dc:33 tho\u1ea1i Ng\u1ecdc h\u1ea7u Ho\u00e0 Th\u1ea1nh t\u00e2n phu tphcm<\/p>\n","protected":false},"excerpt":{"rendered":"<p>T\u00f4m s\u00fa rim \u1edbt chay M\u1eb7n m\u1eb7n ng\u1ecdt ng\u1ecdt D\u00f9ng \u0111\u1ec3 \u0103n c\u01a1m ch\u00e1o r\u1ea5t ngon Th\u00e0nh ph\u1ea7n \u0111\u1ea1m \u0111\u1eadu n\u00e0nh gia v\u1ecb chay C\u00e1ch s\u1eed d\u1ee5ng th\u00e1o ra \u0103n li\u1ec1n R\u1ea5t ti\u1ec7n l\u1ee3i Lh 0969873871 Th\u1ef1c ph\u1ea9m chay Hoa L\u1ea1c Dc:33 tho\u1ea1i Ng\u1ecdc h\u1ea7u Ho\u00e0 Th\u1ea1nh t\u00e2n phu tphcm<\/p>\n","protected":false},"featured_media":1735,"comment_status":"open","ping_status":"closed","template":"","meta":{"om_disable_all_campaigns":false,"_monsterinsights_skip_tracking":false,"_monsterinsights_sitenote_active":false,"_monsterinsights_sitenote_note":"","_monsterinsights_sitenote_category":0},"product_cat":[27],"product_tag":[],"_links":{"self":[{"href":"https:\/\/thucphamchayhoalacfood.com\/index.php\/wp-json\/wp\/v2\/product\/1733"}],"collection":[{"href":"https:\/\/thucphamchayhoalacfood.com\/index.php\/wp-json\/wp\/v2\/product"}],"about":[{"href":"https:\/\/thucphamchayhoalacfood.com\/index.php\/wp-json\/wp\/v2\/types\/product"}],"replies":[{"embeddable":true,"href":"https:\/\/thucphamchayhoalacfood.com\/index.php\/wp-json\/wp\/v2\/comments?post=1733"}],"wp:featuredmedia":[{"embeddable":true,"href":"https:\/\/thucphamchayhoalacfood.com\/index.php\/wp-json\/wp\/v2\/media\/1735"}],"wp:attachment":[{"href":"https:\/\/thucphamchayhoalacfood.com\/index.php\/wp-json\/wp\/v2\/media?parent=1733"}],"wp:term":[{"taxonomy":"product_cat","embeddable":true,"href":"https:\/\/thucphamchayhoalacfood.com\/index.php\/wp-json\/wp\/v2\/product_cat?post=1733"},{"taxonomy":"product_tag","embeddable":true,"href":"https:\/\/thucphamchayhoalacfood.com\/index.php\/wp-json\/wp\/v2\/product_tag?post=1733"}],"curies":[{"name":"wp","href":"https:\/\/api.w.org\/{rel}","templated":true}]}}