{"id":1730,"date":"2024-01-12T08:11:08","date_gmt":"2024-01-12T08:11:08","guid":{"rendered":"https:\/\/thucphamchayhoalacfood.com\/index.php\/product\/ba-roi-mot-nang-chay-500gr\/"},"modified":"2025-08-15T11:47:02","modified_gmt":"2025-08-15T10:47:02","slug":"ba-roi-mot-nang-chay-500gr","status":"publish","type":"product","link":"https:\/\/thucphamchayhoalacfood.com\/index.php\/product\/ba-roi-mot-nang-chay-500gr\/","title":{"rendered":"Ba r\u1ecdi m\u1ed9t n\u1eafng chay 500gr"},"content":{"rendered":"<p>Thit ba r\u1ecdi hun kh\u00f3i chay<\/p>\n<p>Lo\u1ea1i nay \u0111\u00e3 \u01b0\u1edbp gia v\u1ecb s\u1eb5n r\u1ed3i nha kh\u00e1ch<\/p>\n<p>Ch\u1ec9 c\u1ea7n l\u00e0m n\u00f3ng l\u1ea1i l\u00e0 \u0103n th\u00f4i<\/p>\n<p>\u0110\u1ea3m b\u1ea3o c\u1ea3 nha s\u1ebd thic m\u00f3n nay<\/p>\n<p>Tr\u01b0\u1edbc gi\u1edd kh\u00e1ch \u0103n bao nhiu lo\u1ea1i nh\u01b0ng kh\u00f4ng thic th\u00ec c\u00f3 th\u1ec3 th\u1eed lo\u1ea1i nay nha<\/p>\n<p>S\u1ebd kh\u00f4ng l\u00e0m kh\u00e1ch th\u1ea5t v\u1ecdng \u0111\u00e2u<\/p>\n<p>Th\u00e0nh ph\u1ea7n : \u0111\u1ea1m \u0111\u1eadu n\u00e0nh gia v\u1ecb chay<\/p>\n<p>Lh :0969873871<\/p>\n<p>Th\u1ef1c ph\u1ea9m chay hoa L\u1ea1c<\/p>\n","protected":false},"excerpt":{"rendered":"<p>Thit ba r\u1ecdi hun kh\u00f3i chay Lo\u1ea1i nay \u0111\u00e3 \u01b0\u1edbp gia v\u1ecb s\u1eb5n r\u1ed3i nha kh\u00e1ch Ch\u1ec9 c\u1ea7n l\u00e0m n\u00f3ng l\u1ea1i l\u00e0 \u0103n th\u00f4i \u0110\u1ea3m b\u1ea3o c\u1ea3 nha s\u1ebd thic m\u00f3n nay Tr\u01b0\u1edbc gi\u1edd kh\u00e1ch \u0103n bao nhiu lo\u1ea1i nh\u01b0ng kh\u00f4ng thic th\u00ec c\u00f3 th\u1ec3 th\u1eed lo\u1ea1i nay nha S\u1ebd kh\u00f4ng l\u00e0m kh\u00e1ch th\u1ea5t v\u1ecdng &hellip; <\/p>\n<div class=\"link-more text-center\"><a href=\"https:\/\/thucphamchayhoalacfood.com\/index.php\/product\/ba-roi-mot-nang-chay-500gr\/\" class=\"more-link py-2 px-4\">Read More<span class=\"screen-reader-text\"> &#8220;Ba r\u1ecdi m\u1ed9t n\u1eafng chay 500gr&#8221;<\/span><\/a><\/div>\n","protected":false},"featured_media":1729,"comment_status":"open","ping_status":"closed","template":"","meta":{"om_disable_all_campaigns":false,"_monsterinsights_skip_tracking":false,"_monsterinsights_sitenote_active":false,"_monsterinsights_sitenote_note":"","_monsterinsights_sitenote_category":0},"product_cat":[24],"product_tag":[],"_links":{"self":[{"href":"https:\/\/thucphamchayhoalacfood.com\/index.php\/wp-json\/wp\/v2\/product\/1730"}],"collection":[{"href":"https:\/\/thucphamchayhoalacfood.com\/index.php\/wp-json\/wp\/v2\/product"}],"about":[{"href":"https:\/\/thucphamchayhoalacfood.com\/index.php\/wp-json\/wp\/v2\/types\/product"}],"replies":[{"embeddable":true,"href":"https:\/\/thucphamchayhoalacfood.com\/index.php\/wp-json\/wp\/v2\/comments?post=1730"}],"wp:featuredmedia":[{"embeddable":true,"href":"https:\/\/thucphamchayhoalacfood.com\/index.php\/wp-json\/wp\/v2\/media\/1729"}],"wp:attachment":[{"href":"https:\/\/thucphamchayhoalacfood.com\/index.php\/wp-json\/wp\/v2\/media?parent=1730"}],"wp:term":[{"taxonomy":"product_cat","embeddable":true,"href":"https:\/\/thucphamchayhoalacfood.com\/index.php\/wp-json\/wp\/v2\/product_cat?post=1730"},{"taxonomy":"product_tag","embeddable":true,"href":"https:\/\/thucphamchayhoalacfood.com\/index.php\/wp-json\/wp\/v2\/product_tag?post=1730"}],"curies":[{"name":"wp","href":"https:\/\/api.w.org\/{rel}","templated":true}]}}