{"id":1724,"date":"2024-01-11T17:55:49","date_gmt":"2024-01-11T17:55:49","guid":{"rendered":"https:\/\/thucphamchayhoalacfood.com\/index.php\/product\/san-pham-58\/"},"modified":"2024-01-11T17:56:46","modified_gmt":"2024-01-11T17:56:46","slug":"san-pham-58","status":"publish","type":"product","link":"https:\/\/thucphamchayhoalacfood.com\/index.php\/product\/san-pham-58\/","title":{"rendered":"H\u1ea1t n\u00eam ng\u01b0u b\u00e1ng 400gr"},"content":{"rendered":"<p>\ud83c\udf3f B\u1ed8T N\u00caM NG\u01afU B\u00c1NG &#8211; V\u1eca NG\u1eccT T\u1ef0 NHI\u00caN T\u1eea C\u1ee6 NG\u01afU B\u00c1NG \ud83c\udf3f<\/p>\n<p>B\u1ed9t n\u00eam l\u00e0 gia v\u1ecb n\u00eam n\u1ebfm kh\u00f4ng th\u1ec3 thi\u1ebfu trong qu\u00e1 tr\u00ecnh ch\u1ebf bi\u1ebfn m\u00f3n \u0103n, g\u00f3p ph\u1ea7n t\u1ea1o n\u00ean v\u1ecb th\u01a1m ngon, \u0111\u1eadm \u0111\u00e0 cho m\u00f3n \u0103n. B\u1ed9t n\u00eam th\u00f4ng th\u01b0\u1eddng \u0111\u01b0\u1ee3c l\u00e0m t\u1eeb nhi\u1ec1u lo\u1ea1i nguy\u00ean li\u1ec7u nh\u01b0 rau c\u1ee7, n\u1ea5m, &#8230;<\/p>\n<p>&#8212;&#8212;&#8212;&#8212;&#8212;&#8212;&#8212;&#8212;&#8212;<\/p>\n<p>B\u1ed9t N\u00eam Ng\u01b0u B\u00e1ng \u0111\u01b0\u1ee3c l\u00e0m t\u1eeb c\u1ee7 ng\u01b0u b\u00e1ng &#8211; lo\u1ea1i c\u1ee7 \u0111\u01b0\u1ee3c m\u1ec7nh danh l\u00e0 &#8220;nh\u00e0 m\u00e1y&#8221; thanh l\u1ecdc m\u1ee1 m\u00e1u v\u00e0 l\u01b0\u1ee3ng \u0111\u01b0\u1eddng trong c\u01a1 th\u1ec3, gi\u00fap c\u01a1 th\u1ec3 \u0111\u00e0o th\u1ea3i \u0111\u1ed9c t\u1ed1. B\u1ed9t N\u00eam Ng\u01b0u B\u00e1ng kh\u00f4ng ch\u1ec9 gi\u00fap m\u00f3n \u0103n th\u00eam \u0111\u1eadm \u0111\u00e0 v\u00e0 t\u1ea1o v\u1ecb ng\u1ecdt t\u1ef1 nhi\u00ean v\u1ed1n c\u00f3 trong c\u1ee7 ng\u01b0u b\u00e1ng, m\u00e0 c\u00f2n cung c\u1ea5p ch\u1ea5t x\u01a1 v\u00e0 d\u01b0\u1ee1ng ch\u1ea5t cho c\u01a1 th\u1ec3, c\u1ea3i thi\u1ec7n ch\u1ee9c n\u0103ng gan v\u00e0 gi\u00fap ti\u00eau ho\u00e1 t\u1ed1t.<\/p>\n<p>\ud83d\udc4d S\u1ea3n ph\u1ea9m thu\u1ea7n 100% thi\u00ean nhi\u00ean<\/p>\n<p>\ud83d\udc4d V\u1ecb th\u01a1m ngon t\u1ef1 nhi\u00ean t\u1eeb ng\u01b0u b\u00e1ng<\/p>\n<p>\ud83d\udc4d Kh\u00f4ng b\u1ed9t ng\u1ecdt<\/p>\n<p>\ud83d\udc4d Kh\u00f4ng ch\u1ea5t b\u1ea3o qu\u1ea3n<\/p>\n<p>\ud83d\udc4d Kh\u00f4ng ch\u1ea5t ch\u1ed1ng v\u00f3n<\/p>\n<p>&#8212;&#8212;&#8212;&#8212;&#8212;&#8212;&#8212;&#8212;&#8212;-<\/p>\n<p>T\u00e2m Minh Foods m\u1eddi b\u1ea1n t\u00ecm mua ngay s\u1ea3n ph\u1ea9m uy t\u00edn v\u00e0 ch\u1ea5t l\u01b0\u1ee3ng n\u00e0y nh\u00e9!<\/p>\n","protected":false},"excerpt":{"rendered":"<p>\ud83c\udf3f B\u1ed8T N\u00caM NG\u01afU B\u00c1NG &#8211; V\u1eca NG\u1eccT T\u1ef0 NHI\u00caN T\u1eea C\u1ee6 NG\u01afU B\u00c1NG \ud83c\udf3f B\u1ed9t n\u00eam l\u00e0 gia v\u1ecb n\u00eam n\u1ebfm kh\u00f4ng th\u1ec3 thi\u1ebfu trong qu\u00e1 tr\u00ecnh ch\u1ebf bi\u1ebfn m\u00f3n \u0103n, g\u00f3p ph\u1ea7n t\u1ea1o n\u00ean v\u1ecb th\u01a1m ngon, \u0111\u1eadm \u0111\u00e0 cho m\u00f3n \u0103n. B\u1ed9t n\u00eam th\u00f4ng th\u01b0\u1eddng \u0111\u01b0\u1ee3c l\u00e0m t\u1eeb nhi\u1ec1u lo\u1ea1i nguy\u00ean li\u1ec7u &hellip; <\/p>\n<div class=\"link-more text-center\"><a href=\"https:\/\/thucphamchayhoalacfood.com\/index.php\/product\/san-pham-58\/\" class=\"more-link py-2 px-4\">Read More<span class=\"screen-reader-text\"> &#8220;H\u1ea1t n\u00eam ng\u01b0u b\u00e1ng 400gr&#8221;<\/span><\/a><\/div>\n","protected":false},"featured_media":1727,"comment_status":"open","ping_status":"closed","template":"","meta":{"om_disable_all_campaigns":false,"_monsterinsights_skip_tracking":false,"_monsterinsights_sitenote_active":false,"_monsterinsights_sitenote_note":"","_monsterinsights_sitenote_category":0},"product_cat":[23],"product_tag":[],"_links":{"self":[{"href":"https:\/\/thucphamchayhoalacfood.com\/index.php\/wp-json\/wp\/v2\/product\/1724"}],"collection":[{"href":"https:\/\/thucphamchayhoalacfood.com\/index.php\/wp-json\/wp\/v2\/product"}],"about":[{"href":"https:\/\/thucphamchayhoalacfood.com\/index.php\/wp-json\/wp\/v2\/types\/product"}],"replies":[{"embeddable":true,"href":"https:\/\/thucphamchayhoalacfood.com\/index.php\/wp-json\/wp\/v2\/comments?post=1724"}],"wp:featuredmedia":[{"embeddable":true,"href":"https:\/\/thucphamchayhoalacfood.com\/index.php\/wp-json\/wp\/v2\/media\/1727"}],"wp:attachment":[{"href":"https:\/\/thucphamchayhoalacfood.com\/index.php\/wp-json\/wp\/v2\/media?parent=1724"}],"wp:term":[{"taxonomy":"product_cat","embeddable":true,"href":"https:\/\/thucphamchayhoalacfood.com\/index.php\/wp-json\/wp\/v2\/product_cat?post=1724"},{"taxonomy":"product_tag","embeddable":true,"href":"https:\/\/thucphamchayhoalacfood.com\/index.php\/wp-json\/wp\/v2\/product_tag?post=1724"}],"curies":[{"name":"wp","href":"https:\/\/api.w.org\/{rel}","templated":true}]}}