{"id":1723,"date":"2024-01-11T17:54:40","date_gmt":"2024-01-11T17:54:40","guid":{"rendered":"https:\/\/thucphamchayhoalacfood.com\/index.php\/product\/ram-bap\/"},"modified":"2025-09-26T04:42:52","modified_gmt":"2025-09-26T03:42:52","slug":"ram-bap","status":"publish","type":"product","link":"https:\/\/thucphamchayhoalacfood.com\/index.php\/product\/ram-bap\/","title":{"rendered":"Ram b\u1eafp"},"content":{"rendered":"<p>\u2764\ufe0f Ram b\u1eafp chay<\/p>\n<p>nh\u00e0 n\u00e0o c\u0169ng th\u00edch, con n\u00edt hay ng\u01b0\u1eddi l\u1edbn \u0111\u1ec1u m\u00ea \u1ea1\ud83e\udd70<\/p>\n<p>\u0110\u01b0\u1ee3c k\u1ebft h\u1ee3p<\/p>\n<p>\u2705 \u0110\u1ed9 ng\u1ecdt c\u1ee7a b\u1eafp M\u1ef9<\/p>\n<p>\u2705\u0110\u1ed9 d\u1ebbo c\u1ee7a b\u1eafp n\u1ebfp<\/p>\n<p>\u2705 Ng\u1ecdt th\u01a1m c\u1ee7a h\u00e0nh t\u00edm L\u00fd S\u01a1n<\/p>\n<p>\u2705 H\u1eb9 qu\u00ea ch\u00ednh g\u1ed1c mi\u1ec1n<\/p>\n<p>Cu\u1ed1n rau s\u1ed1ng b\u00e1nh tr\u00e1ng ngon  lam lun \u1ea1\ud83d\ude0b\ud83d\ude0b<\/p>\n<p>Em giao ram s\u1ed1ng, c\u1ea3 nh\u00e0 chi\u00ean l\u1eeda nh\u1ecf cho ram ch\u00edn v\u00e0ng \u0111\u1ec1u l\u00e0 ngon \u1ea1\ud83d\ude0b<\/p>\n<p>Lh 0969873871<\/p>\n<p>Th\u1ef1c ph\u1ea9m chay hoa L\u1ea1c<\/p>\n<p>Dc :33 tho\u1ea1i Ng\u1ecdc h\u1ea7u ho\u00e0 th\u1ea1nh T\u00e2n phu<\/p>\n","protected":false},"excerpt":{"rendered":"<p>\u2764\ufe0f Ram b\u1eafp chay nh\u00e0 n\u00e0o c\u0169ng th\u00edch, con n\u00edt hay ng\u01b0\u1eddi l\u1edbn \u0111\u1ec1u m\u00ea \u1ea1\ud83e\udd70 \u0110\u01b0\u1ee3c k\u1ebft h\u1ee3p \u2705 \u0110\u1ed9 ng\u1ecdt c\u1ee7a b\u1eafp M\u1ef9 \u2705\u0110\u1ed9 d\u1ebbo c\u1ee7a b\u1eafp n\u1ebfp \u2705 Ng\u1ecdt th\u01a1m c\u1ee7a h\u00e0nh t\u00edm L\u00fd S\u01a1n \u2705 H\u1eb9 qu\u00ea ch\u00ednh g\u1ed1c mi\u1ec1n Cu\u1ed1n rau s\u1ed1ng b\u00e1nh tr\u00e1ng ngon lam lun \u1ea1\ud83d\ude0b\ud83d\ude0b Em giao &hellip; <\/p>\n<div class=\"link-more text-center\"><a href=\"https:\/\/thucphamchayhoalacfood.com\/index.php\/product\/ram-bap\/\" class=\"more-link py-2 px-4\">Read More<span class=\"screen-reader-text\"> &#8220;Ram b\u1eafp&#8221;<\/span><\/a><\/div>\n","protected":false},"featured_media":1722,"comment_status":"open","ping_status":"closed","template":"","meta":{"om_disable_all_campaigns":false,"_monsterinsights_skip_tracking":false,"_monsterinsights_sitenote_active":false,"_monsterinsights_sitenote_note":"","_monsterinsights_sitenote_category":0},"product_cat":[24],"product_tag":[],"_links":{"self":[{"href":"https:\/\/thucphamchayhoalacfood.com\/index.php\/wp-json\/wp\/v2\/product\/1723"}],"collection":[{"href":"https:\/\/thucphamchayhoalacfood.com\/index.php\/wp-json\/wp\/v2\/product"}],"about":[{"href":"https:\/\/thucphamchayhoalacfood.com\/index.php\/wp-json\/wp\/v2\/types\/product"}],"replies":[{"embeddable":true,"href":"https:\/\/thucphamchayhoalacfood.com\/index.php\/wp-json\/wp\/v2\/comments?post=1723"}],"wp:featuredmedia":[{"embeddable":true,"href":"https:\/\/thucphamchayhoalacfood.com\/index.php\/wp-json\/wp\/v2\/media\/1722"}],"wp:attachment":[{"href":"https:\/\/thucphamchayhoalacfood.com\/index.php\/wp-json\/wp\/v2\/media?parent=1723"}],"wp:term":[{"taxonomy":"product_cat","embeddable":true,"href":"https:\/\/thucphamchayhoalacfood.com\/index.php\/wp-json\/wp\/v2\/product_cat?post=1723"},{"taxonomy":"product_tag","embeddable":true,"href":"https:\/\/thucphamchayhoalacfood.com\/index.php\/wp-json\/wp\/v2\/product_tag?post=1723"}],"curies":[{"name":"wp","href":"https:\/\/api.w.org\/{rel}","templated":true}]}}