{"id":172,"date":"2023-09-08T04:22:54","date_gmt":"2023-09-08T03:22:54","guid":{"rendered":"https:\/\/thucphamchayhoalacfood.com\/?post_type=product&#038;p=172"},"modified":"2024-01-11T17:25:42","modified_gmt":"2024-01-11T17:25:42","slug":"ca-hoi-chay-tri-hue-230gr","status":"publish","type":"product","link":"https:\/\/thucphamchayhoalacfood.com\/index.php\/product\/ca-hoi-chay-tri-hue-230gr\/","title":{"rendered":"C\u00e1 H\u1ed3i chay Tr\u00ed Hu\u1ec7 230gr"},"content":{"rendered":"\n<p>Tha\u00e0n ph\u1ea7n : n\u01b0\u1edbc , b\u1ed9t n\u0103ng , ch\u1ea5t t\u1ea1o ng\u1ecdt b\u1ed9t konijac, ch\u1ea5t \u0111i\u1ec1u v\u1ecb<br>c\u00e1ch d\u00f9ng : R\u1ea2 \u0111\u00f4ng \u0103n tr\u1ef1c ti\u1ebfp , cu\u1ed9n sushi, \u0103n tr\u1ef1c ti\u1ebfp v\u1edbi nuoc ch\u1ea5m m\u00f9 t\u1ea1t<br>33 tho\u1ea1i Ng\u1ecdc h\u1ea7u Hoa th\u1ea1nh T\u00e2n Ph\u00fa<br>0969873871<\/p>\n","protected":false},"excerpt":{"rendered":"<p>Tha\u00e0n ph\u1ea7n : n\u01b0\u1edbc , b\u1ed9t n\u0103ng , ch\u1ea5t t\u1ea1o ng\u1ecdt b\u1ed9t konijac, ch\u1ea5t \u0111i\u1ec1u v\u1ecbc\u00e1ch d\u00f9ng : R\u1ea2 \u0111\u00f4ng \u0103n tr\u1ef1c ti\u1ebfp , cu\u1ed9n sushi, \u0103n tr\u1ef1c ti\u1ebfp v\u1edbi nuoc ch\u1ea5m m\u00f9 t\u1ea1t33 tho\u1ea1i Ng\u1ecdc h\u1ea7u Hoa th\u1ea1nh T\u00e2n Ph\u00fa0969873871<\/p>\n","protected":false},"featured_media":171,"comment_status":"open","ping_status":"closed","template":"","meta":{"om_disable_all_campaigns":false,"_monsterinsights_skip_tracking":false,"_monsterinsights_sitenote_active":false,"_monsterinsights_sitenote_note":"","_monsterinsights_sitenote_category":0},"product_cat":[24],"product_tag":[],"_links":{"self":[{"href":"https:\/\/thucphamchayhoalacfood.com\/index.php\/wp-json\/wp\/v2\/product\/172"}],"collection":[{"href":"https:\/\/thucphamchayhoalacfood.com\/index.php\/wp-json\/wp\/v2\/product"}],"about":[{"href":"https:\/\/thucphamchayhoalacfood.com\/index.php\/wp-json\/wp\/v2\/types\/product"}],"replies":[{"embeddable":true,"href":"https:\/\/thucphamchayhoalacfood.com\/index.php\/wp-json\/wp\/v2\/comments?post=172"}],"wp:featuredmedia":[{"embeddable":true,"href":"https:\/\/thucphamchayhoalacfood.com\/index.php\/wp-json\/wp\/v2\/media\/171"}],"wp:attachment":[{"href":"https:\/\/thucphamchayhoalacfood.com\/index.php\/wp-json\/wp\/v2\/media?parent=172"}],"wp:term":[{"taxonomy":"product_cat","embeddable":true,"href":"https:\/\/thucphamchayhoalacfood.com\/index.php\/wp-json\/wp\/v2\/product_cat?post=172"},{"taxonomy":"product_tag","embeddable":true,"href":"https:\/\/thucphamchayhoalacfood.com\/index.php\/wp-json\/wp\/v2\/product_tag?post=172"}],"curies":[{"name":"wp","href":"https:\/\/api.w.org\/{rel}","templated":true}]}}