{"id":1718,"date":"2024-01-11T17:51:57","date_gmt":"2024-01-11T17:51:57","guid":{"rendered":"https:\/\/thucphamchayhoalacfood.com\/index.php\/product\/rong-bien-tron-com-han-quoc-400gr\/"},"modified":"2024-08-21T10:02:10","modified_gmt":"2024-08-21T09:02:10","slug":"rong-bien-tron-com-han-quoc-400gr","status":"publish","type":"product","link":"https:\/\/thucphamchayhoalacfood.com\/index.php\/product\/rong-bien-tron-com-han-quoc-400gr\/","title":{"rendered":"Rong bi\u1ec3n tr\u1ed9n c\u01a1m H\u00e0n Qu\u1ed1c 400gr"},"content":{"rendered":"<p>L\u00c1 KIM V\u1ee4N \/ RONG BI\u1ec2N V\u1ee4N \u0102N LI\u1ec0N 400gr<\/p>\n<p>Xu\u1ea5t x\u1ee9: H\u00e0n Qu\u1ed1c<\/p>\n<p>Th\u01b0\u01a1ng hi\u1ec7u: Wando<\/p>\n<p>Kh\u1ed1i l\u01b0\u1ee3ng: 400gr<\/p>\n<p>Quy c\u00e1ch : 1 th\u00f9ng 10 g\u00f3i<\/p>\n<p>H\u1ea1n s\u1eed d\u1ee5ng: 1 n\u0103m k\u1ec3 t\u1eeb ng\u00e0y s\u1ea3n xu\u1ea5t<\/p>\n<p>\u2705 *  Th\u01b0\u1eddng \u0111\u01b0\u1ee3c d\u00f9ng trong m\u00f3n c\u01a1m tr\u1ed9n bibimbap, m\u00f3n canh H\u00e0n Qu\u1ed1c, \u0103n k\u00e8m v\u1edbi c\u01a1m, l\u00e0m c\u01a1m n\u1eafm rong bi\u1ec3n ho\u1eb7c d\u00f9ng r\u1eafc th\u00eam v\u00e0o c\u00e1c m\u00f3n \u0103n x\u00e0o , \u0103n tr\u1ef1c ti\u1ebfp kh\u00f4ng c\u1ea7n n\u1ea5u n\u01b0\u1edbng l\u1ea1i .<\/p>\n<p>* L\u00e1 kim v\u1ee5n Wando \u0111\u00e3 \u0111\u01b0\u1ee3c n\u01b0\u1edbng v\u00e0 n\u00eam n\u1ebfm s\u1eb5n , c\u00f3 th\u1ec3 d\u00f9ng \u0103n k\u00e8m v\u1edbi h\u1ea7u h\u1ebft c\u00e1c m\u00f3n \u0103n . t\u0103ng gi\u00e1 tr\u1ecb dinh d\u01b0\u1ee1ng, v\u00e0 gi\u00fap m\u00f3n \u0103n tr\u00f4ng h\u1ea5p d\u1eabn , \u0111\u1eb9p m\u1eaft h\u01a1n , thi\u1ebft k\u1ebf bao b\u00ec c\u00f3 s\u1eb5n kho\u00e1 zip ti\u1ec7n l\u1ee3i h\u01a1n khi s\u1eed d\u1ee5ng.<\/p>\n<p>* Th\u01b0\u01a1ng hi\u1ec7u : Saeupyo Wando<\/p>\n<p>* Xu\u1ea5t x\u1ee9 : Jeonnam Korea<\/p>\n<p>* H\u1ea1n s\u1eed d\u1ee5ng :12 th\u00e1ng k\u1ec3 t\u1eeb ng\u00e0y s\u1ea3n xu\u1ea5t<\/p>\n<p>* C\u00e1ch b\u1ea3o qu\u1ea3n : \u0111\u00f3ng k\u00edn mi\u1ec7ng bao b\u1eb1ng kho\u00e1 zip c\u00f3 s\u1eb5n, \u0111\u1ec3 \u1edf n\u01a1i kh\u00f4 r\u00e1o<\/p>\n<p>\ud83d\udccc Ib e  \u1ea1<\/p>\n","protected":false},"excerpt":{"rendered":"<p>L\u00c1 KIM V\u1ee4N \/ RONG BI\u1ec2N V\u1ee4N \u0102N LI\u1ec0N 400gr Xu\u1ea5t x\u1ee9: H\u00e0n Qu\u1ed1c Th\u01b0\u01a1ng hi\u1ec7u: Wando Kh\u1ed1i l\u01b0\u1ee3ng: 400gr Quy c\u00e1ch : 1 th\u00f9ng 10 g\u00f3i H\u1ea1n s\u1eed d\u1ee5ng: 1 n\u0103m k\u1ec3 t\u1eeb ng\u00e0y s\u1ea3n xu\u1ea5t \u2705 * Th\u01b0\u1eddng \u0111\u01b0\u1ee3c d\u00f9ng trong m\u00f3n c\u01a1m tr\u1ed9n bibimbap, m\u00f3n canh H\u00e0n Qu\u1ed1c, \u0103n k\u00e8m v\u1edbi c\u01a1m, &hellip; <\/p>\n<div class=\"link-more text-center\"><a href=\"https:\/\/thucphamchayhoalacfood.com\/index.php\/product\/rong-bien-tron-com-han-quoc-400gr\/\" class=\"more-link py-2 px-4\">Read More<span class=\"screen-reader-text\"> &#8220;Rong bi\u1ec3n tr\u1ed9n c\u01a1m H\u00e0n Qu\u1ed1c 400gr&#8221;<\/span><\/a><\/div>\n","protected":false},"featured_media":1717,"comment_status":"open","ping_status":"closed","template":"","meta":{"om_disable_all_campaigns":false,"_monsterinsights_skip_tracking":false,"_monsterinsights_sitenote_active":false,"_monsterinsights_sitenote_note":"","_monsterinsights_sitenote_category":0},"product_cat":[27],"product_tag":[],"_links":{"self":[{"href":"https:\/\/thucphamchayhoalacfood.com\/index.php\/wp-json\/wp\/v2\/product\/1718"}],"collection":[{"href":"https:\/\/thucphamchayhoalacfood.com\/index.php\/wp-json\/wp\/v2\/product"}],"about":[{"href":"https:\/\/thucphamchayhoalacfood.com\/index.php\/wp-json\/wp\/v2\/types\/product"}],"replies":[{"embeddable":true,"href":"https:\/\/thucphamchayhoalacfood.com\/index.php\/wp-json\/wp\/v2\/comments?post=1718"}],"wp:featuredmedia":[{"embeddable":true,"href":"https:\/\/thucphamchayhoalacfood.com\/index.php\/wp-json\/wp\/v2\/media\/1717"}],"wp:attachment":[{"href":"https:\/\/thucphamchayhoalacfood.com\/index.php\/wp-json\/wp\/v2\/media?parent=1718"}],"wp:term":[{"taxonomy":"product_cat","embeddable":true,"href":"https:\/\/thucphamchayhoalacfood.com\/index.php\/wp-json\/wp\/v2\/product_cat?post=1718"},{"taxonomy":"product_tag","embeddable":true,"href":"https:\/\/thucphamchayhoalacfood.com\/index.php\/wp-json\/wp\/v2\/product_tag?post=1718"}],"curies":[{"name":"wp","href":"https:\/\/api.w.org\/{rel}","templated":true}]}}