{"id":1713,"date":"2024-01-11T17:49:57","date_gmt":"2024-01-11T17:49:57","guid":{"rendered":"https:\/\/thucphamchayhoalacfood.com\/index.php\/product\/san-pham-57\/"},"modified":"2024-09-05T11:11:25","modified_gmt":"2024-09-05T10:11:25","slug":"san-pham-57","status":"publish","type":"product","link":"https:\/\/thucphamchayhoalacfood.com\/index.php\/product\/san-pham-57\/","title":{"rendered":"Rong nho 100gr"},"content":{"rendered":"<p>Rong nho t\u00e1ch n\u01b0\u1edbc : l\u00e0 th\u1ef1c ph\u1ea9m xanh v\u00e0 s\u1ea1ch \u01a1 v\u00f9ng bi\u1ec3n Kh\u00e1nh ho\u00e0 m\u1ed9t \u0111\u1ea7u s\u1ea3n thi\u00ean nhi\u00ean gi\u00e0u kho\u00e1ng ch\u1ea5t r\u1ea5t t\u1ed1t cho c\u01a1 th\u1ec3<\/p>\n<p>Ng\u1eeba b\u1ee9a c\u1ed5, kh\u1ecfe tim , tr\u1ecb t\u00e1o b\u00f3n , muot t\u00f3c chac xuong ,,,<\/p>\n<p>Hsd 12 ng\u0103n m\u00e1t<\/p>\n<p>Ng\u00e2m rong nho v\u1edbi nuoc s\u1ea1ch cho rong ru\u1ed5i l\u1ea1i v\u1edbt rong ra cho v\u00e0o t\u00f4 nuoc \u0111\u00e1 \u0111\u1ec3 rong l\u1ea1nh \u0103n r\u1ea5t gi\u00f2n<\/p>\n<p>D\u00f9ng tr\u1ef1c ti\u1ebfp nh\u01b0 rau xanh \u0103n k\u1ebft hop v\u1edbi x\u1ed1t m\u00e8 rang , d\u1ea7u m\u00e8 , d\u1ea7u gi\u1ea5m \u2026.<\/p>\n<p>D\u00f9ng n\u1ea5u s\u00fap, tr\u1ed9n salad n\u1ea5u ch\u00e8 , tr\u1ed9n g\u1ecfi<\/p>\n<p>Lh 0969873871<\/p>\n<p>Th\u1ef1c ph\u1ea9m chay Hoa L\u1ea1c<\/p>\n<p>33 tho\u1ea1i Ng\u1ecdc H\u1ea7u Ho\u00e0 Th\u1ea1nh T\u00e2n phu<\/p>\n","protected":false},"excerpt":{"rendered":"<p>Rong nho t\u00e1ch n\u01b0\u1edbc : l\u00e0 th\u1ef1c ph\u1ea9m xanh v\u00e0 s\u1ea1ch \u01a1 v\u00f9ng bi\u1ec3n Kh\u00e1nh ho\u00e0 m\u1ed9t \u0111\u1ea7u s\u1ea3n thi\u00ean nhi\u00ean gi\u00e0u kho\u00e1ng ch\u1ea5t r\u1ea5t t\u1ed1t cho c\u01a1 th\u1ec3 Ng\u1eeba b\u1ee9a c\u1ed5, kh\u1ecfe tim , tr\u1ecb t\u00e1o b\u00f3n , muot t\u00f3c chac xuong ,,, Hsd 12 ng\u0103n m\u00e1t Ng\u00e2m rong nho v\u1edbi nuoc s\u1ea1ch cho &hellip; <\/p>\n<div class=\"link-more text-center\"><a href=\"https:\/\/thucphamchayhoalacfood.com\/index.php\/product\/san-pham-57\/\" class=\"more-link py-2 px-4\">Read More<span class=\"screen-reader-text\"> &#8220;Rong nho 100gr&#8221;<\/span><\/a><\/div>\n","protected":false},"featured_media":1714,"comment_status":"open","ping_status":"closed","template":"","meta":{"om_disable_all_campaigns":false,"_monsterinsights_skip_tracking":false,"_monsterinsights_sitenote_active":false,"_monsterinsights_sitenote_note":"","_monsterinsights_sitenote_category":0},"product_cat":[24],"product_tag":[],"_links":{"self":[{"href":"https:\/\/thucphamchayhoalacfood.com\/index.php\/wp-json\/wp\/v2\/product\/1713"}],"collection":[{"href":"https:\/\/thucphamchayhoalacfood.com\/index.php\/wp-json\/wp\/v2\/product"}],"about":[{"href":"https:\/\/thucphamchayhoalacfood.com\/index.php\/wp-json\/wp\/v2\/types\/product"}],"replies":[{"embeddable":true,"href":"https:\/\/thucphamchayhoalacfood.com\/index.php\/wp-json\/wp\/v2\/comments?post=1713"}],"wp:featuredmedia":[{"embeddable":true,"href":"https:\/\/thucphamchayhoalacfood.com\/index.php\/wp-json\/wp\/v2\/media\/1714"}],"wp:attachment":[{"href":"https:\/\/thucphamchayhoalacfood.com\/index.php\/wp-json\/wp\/v2\/media?parent=1713"}],"wp:term":[{"taxonomy":"product_cat","embeddable":true,"href":"https:\/\/thucphamchayhoalacfood.com\/index.php\/wp-json\/wp\/v2\/product_cat?post=1713"},{"taxonomy":"product_tag","embeddable":true,"href":"https:\/\/thucphamchayhoalacfood.com\/index.php\/wp-json\/wp\/v2\/product_tag?post=1713"}],"curies":[{"name":"wp","href":"https:\/\/api.w.org\/{rel}","templated":true}]}}