{"id":1709,"date":"2024-01-11T17:46:44","date_gmt":"2024-01-11T17:46:44","guid":{"rendered":"https:\/\/thucphamchayhoalacfood.com\/index.php\/product\/san-pham-56\/"},"modified":"2025-07-01T07:27:12","modified_gmt":"2025-07-01T06:27:12","slug":"san-pham-56","status":"publish","type":"product","link":"https:\/\/thucphamchayhoalacfood.com\/index.php\/product\/san-pham-56\/","title":{"rendered":"Vit chay chay 250gr ( k\u00e8m n\u01b0\u1edbc s\u1ed1t)"},"content":{"rendered":"<p>V\u1ecbt Quay chay c\u1ea3 nh\u00e0 \u01a1i<\/p>\n<p>L\u00e2u l\u00e2u ta n\u00f3i t\u00ecm dc 1 m\u00f3n \u0103n v\u1eeba mi\u1ec7ng n\u00f3 ngon g\u00ec \u0111\u00e2u lun<\/p>\n<p>Tp :h\u1ee7 ky , n\u1ea5m m\u00e8o , n\u1ea5m kim ch\u00e2m , gia v\u1ecb thu\u1ea7n chay<\/p>\n<p>C\u00e1ch dung: chi\u00ean v\u00e0ng an kem v\u1edbi b\u00fan , b\u00e1nh bao, b\u00e1nh m\u00ec , x\u00f4i , c\u01a1m hoac n\u1ea5u v\u1ecbt ti\u1ec1m chay r\u1ea5t ngon lun ak<\/p>\n<p>Ai ch\u01b0a \u0103n qua n\u00ean th\u1eed nh\u00e9<\/p>\n<p>D\u1ec5 b\u1ecb nghi\u1ec7n l\u1eafm lun<\/p>\n<p>Kh\u00f4ng ngon em ch\u1ecbu g\u00ec c\u0169ng ch\u1ecbu<\/p>\n<p>Lh em li\u1ec1n 0969873871<\/p>\n<p>Th\u1ef1c ph\u1ea9m chay Hoa L\u1ea1c<\/p>\n<p>33 tho\u1ea1i Ng\u1ecdc h\u1ea7u ho\u00e0 th\u1ea1nh T\u00e2n ph\u00fa<\/p>\n","protected":false},"excerpt":{"rendered":"<p>V\u1ecbt Quay chay c\u1ea3 nh\u00e0 \u01a1i L\u00e2u l\u00e2u ta n\u00f3i t\u00ecm dc 1 m\u00f3n \u0103n v\u1eeba mi\u1ec7ng n\u00f3 ngon g\u00ec \u0111\u00e2u lun Tp :h\u1ee7 ky , n\u1ea5m m\u00e8o , n\u1ea5m kim ch\u00e2m , gia v\u1ecb thu\u1ea7n chay C\u00e1ch dung: chi\u00ean v\u00e0ng an kem v\u1edbi b\u00fan , b\u00e1nh bao, b\u00e1nh m\u00ec , x\u00f4i , c\u01a1m hoac &hellip; <\/p>\n<div class=\"link-more text-center\"><a href=\"https:\/\/thucphamchayhoalacfood.com\/index.php\/product\/san-pham-56\/\" class=\"more-link py-2 px-4\">Read More<span class=\"screen-reader-text\"> &#8220;Vit chay chay 250gr ( k\u00e8m n\u01b0\u1edbc s\u1ed1t)&#8221;<\/span><\/a><\/div>\n","protected":false},"featured_media":1712,"comment_status":"open","ping_status":"closed","template":"","meta":{"om_disable_all_campaigns":false,"_monsterinsights_skip_tracking":false,"_monsterinsights_sitenote_active":false,"_monsterinsights_sitenote_note":"","_monsterinsights_sitenote_category":0},"product_cat":[24],"product_tag":[],"_links":{"self":[{"href":"https:\/\/thucphamchayhoalacfood.com\/index.php\/wp-json\/wp\/v2\/product\/1709"}],"collection":[{"href":"https:\/\/thucphamchayhoalacfood.com\/index.php\/wp-json\/wp\/v2\/product"}],"about":[{"href":"https:\/\/thucphamchayhoalacfood.com\/index.php\/wp-json\/wp\/v2\/types\/product"}],"replies":[{"embeddable":true,"href":"https:\/\/thucphamchayhoalacfood.com\/index.php\/wp-json\/wp\/v2\/comments?post=1709"}],"wp:featuredmedia":[{"embeddable":true,"href":"https:\/\/thucphamchayhoalacfood.com\/index.php\/wp-json\/wp\/v2\/media\/1712"}],"wp:attachment":[{"href":"https:\/\/thucphamchayhoalacfood.com\/index.php\/wp-json\/wp\/v2\/media?parent=1709"}],"wp:term":[{"taxonomy":"product_cat","embeddable":true,"href":"https:\/\/thucphamchayhoalacfood.com\/index.php\/wp-json\/wp\/v2\/product_cat?post=1709"},{"taxonomy":"product_tag","embeddable":true,"href":"https:\/\/thucphamchayhoalacfood.com\/index.php\/wp-json\/wp\/v2\/product_tag?post=1709"}],"curies":[{"name":"wp","href":"https:\/\/api.w.org\/{rel}","templated":true}]}}