{"id":1668,"date":"2023-10-19T07:24:49","date_gmt":"2023-10-19T06:24:49","guid":{"rendered":"https:\/\/thucphamchayhoalacfood.com\/index.php\/product\/tuong-kho-quet-thuong-chieu-chay-200gr\/"},"modified":"2025-09-26T04:34:41","modified_gmt":"2025-09-26T03:34:41","slug":"tuong-kho-quet-thuong-chieu-chay-200gr","status":"publish","type":"product","link":"https:\/\/thucphamchayhoalacfood.com\/index.php\/product\/tuong-kho-quet-thuong-chieu-chay-200gr\/","title":{"rendered":"T\u01b0\u01a1ng kho qu\u1eb9t Th\u01b0\u1eddng chi\u1ebfu chay 200gr"},"content":{"rendered":"<p><sup>th\u00e0nh ph\u1ea7n :\u0111\u1eadu n\u00e0nh, \u0111\u01b0\u1eddng tieu ,<\/sup><\/p>\n<p><sup>gia v\u1ecb v\u1eeba \u0111\u1ee7 <\/sup><\/p>\n<p><sup>c\u00e1ch d\u00f9ng :\u0103n v\u1edbi c\u01a1m ho\u1eb7c ch\u1ea5m rau <\/sup><\/p>\n<p><sup>b\u1ea3o qu\u1ea3n n\u01a1i kh\u00f4 tho\u00e1ng m\u00e1t <\/sup><\/p>\n<p><sup>33 tho\u1ea1i Ng\u1ecdc h\u1ea7u ho\u00e0 th\u1ea1nh T\u00e2n Ph\u00fa <\/sup><\/p>\n<p><sup>Th\u1ef1c ph\u1ea9m chay hoa l\u1ea1c <\/sup><\/p>\n<p><sup>0969873871<\/sup><\/p>\n","protected":false},"excerpt":{"rendered":"<p>th\u00e0nh ph\u1ea7n :\u0111\u1eadu n\u00e0nh, \u0111\u01b0\u1eddng tieu , gia v\u1ecb v\u1eeba \u0111\u1ee7 c\u00e1ch d\u00f9ng :\u0103n v\u1edbi c\u01a1m ho\u1eb7c ch\u1ea5m rau b\u1ea3o qu\u1ea3n n\u01a1i kh\u00f4 tho\u00e1ng m\u00e1t 33 tho\u1ea1i Ng\u1ecdc h\u1ea7u ho\u00e0 th\u1ea1nh T\u00e2n Ph\u00fa Th\u1ef1c ph\u1ea9m chay hoa l\u1ea1c 0969873871<\/p>\n","protected":false},"featured_media":1666,"comment_status":"open","ping_status":"closed","template":"","meta":{"om_disable_all_campaigns":false,"_monsterinsights_skip_tracking":false,"_monsterinsights_sitenote_active":false,"_monsterinsights_sitenote_note":"","_monsterinsights_sitenote_category":0},"product_cat":[25],"product_tag":[],"_links":{"self":[{"href":"https:\/\/thucphamchayhoalacfood.com\/index.php\/wp-json\/wp\/v2\/product\/1668"}],"collection":[{"href":"https:\/\/thucphamchayhoalacfood.com\/index.php\/wp-json\/wp\/v2\/product"}],"about":[{"href":"https:\/\/thucphamchayhoalacfood.com\/index.php\/wp-json\/wp\/v2\/types\/product"}],"replies":[{"embeddable":true,"href":"https:\/\/thucphamchayhoalacfood.com\/index.php\/wp-json\/wp\/v2\/comments?post=1668"}],"wp:featuredmedia":[{"embeddable":true,"href":"https:\/\/thucphamchayhoalacfood.com\/index.php\/wp-json\/wp\/v2\/media\/1666"}],"wp:attachment":[{"href":"https:\/\/thucphamchayhoalacfood.com\/index.php\/wp-json\/wp\/v2\/media?parent=1668"}],"wp:term":[{"taxonomy":"product_cat","embeddable":true,"href":"https:\/\/thucphamchayhoalacfood.com\/index.php\/wp-json\/wp\/v2\/product_cat?post=1668"},{"taxonomy":"product_tag","embeddable":true,"href":"https:\/\/thucphamchayhoalacfood.com\/index.php\/wp-json\/wp\/v2\/product_tag?post=1668"}],"curies":[{"name":"wp","href":"https:\/\/api.w.org\/{rel}","templated":true}]}}