{"id":1657,"date":"2023-10-19T07:20:17","date_gmt":"2023-10-19T06:20:17","guid":{"rendered":"https:\/\/thucphamchayhoalacfood.com\/index.php\/product\/ga-kho-sa-chay-thuong-chieu-200gr\/"},"modified":"2025-07-18T14:32:35","modified_gmt":"2025-07-18T13:32:35","slug":"ga-kho-sa-chay-thuong-chieu-200gr","status":"publish","type":"product","link":"https:\/\/thucphamchayhoalacfood.com\/index.php\/product\/ga-kho-sa-chay-thuong-chieu-200gr\/","title":{"rendered":"G\u00e0 kho s\u1ea3 chay Th\u01b0\u1eddng chi\u1ebfu 200gr"},"content":{"rendered":"<p>G\u00e0 kho s\u1ea3 chay Th\u01b0\u1eddng chi\u1ebfu 200gr<\/p>\n<p><sup>th\u00e0nh ph\u1ea7n : \u0111\u1ea1m \u0111\u1eadu n\u00e0nh gia v\u1ecb chay <\/sup><\/p>\n<p><sup>c\u00e1ch d\u00f9ng : m\u1edf ra d\u00f9ng ngay hoac lam n\u00f3ng <\/sup><\/p>\n<p><sup> li\u00ean h\u1ec7 0969873871 <\/sup><\/p>\n","protected":false},"excerpt":{"rendered":"<p>G\u00e0 kho s\u1ea3 chay Th\u01b0\u1eddng chi\u1ebfu 200gr th\u00e0nh ph\u1ea7n : \u0111\u1ea1m \u0111\u1eadu n\u00e0nh gia v\u1ecb chay c\u00e1ch d\u00f9ng : m\u1edf ra d\u00f9ng ngay hoac lam n\u00f3ng li\u00ean h\u1ec7 0969873871<\/p>\n","protected":false},"featured_media":1656,"comment_status":"open","ping_status":"closed","template":"","meta":{"om_disable_all_campaigns":false,"_monsterinsights_skip_tracking":false,"_monsterinsights_sitenote_active":false,"_monsterinsights_sitenote_note":"","_monsterinsights_sitenote_category":0},"product_cat":[24],"product_tag":[],"_links":{"self":[{"href":"https:\/\/thucphamchayhoalacfood.com\/index.php\/wp-json\/wp\/v2\/product\/1657"}],"collection":[{"href":"https:\/\/thucphamchayhoalacfood.com\/index.php\/wp-json\/wp\/v2\/product"}],"about":[{"href":"https:\/\/thucphamchayhoalacfood.com\/index.php\/wp-json\/wp\/v2\/types\/product"}],"replies":[{"embeddable":true,"href":"https:\/\/thucphamchayhoalacfood.com\/index.php\/wp-json\/wp\/v2\/comments?post=1657"}],"wp:featuredmedia":[{"embeddable":true,"href":"https:\/\/thucphamchayhoalacfood.com\/index.php\/wp-json\/wp\/v2\/media\/1656"}],"wp:attachment":[{"href":"https:\/\/thucphamchayhoalacfood.com\/index.php\/wp-json\/wp\/v2\/media?parent=1657"}],"wp:term":[{"taxonomy":"product_cat","embeddable":true,"href":"https:\/\/thucphamchayhoalacfood.com\/index.php\/wp-json\/wp\/v2\/product_cat?post=1657"},{"taxonomy":"product_tag","embeddable":true,"href":"https:\/\/thucphamchayhoalacfood.com\/index.php\/wp-json\/wp\/v2\/product_tag?post=1657"}],"curies":[{"name":"wp","href":"https:\/\/api.w.org\/{rel}","templated":true}]}}