{"id":1642,"date":"2023-10-15T05:10:20","date_gmt":"2023-10-15T04:10:20","guid":{"rendered":"https:\/\/thucphamchayhoalacfood.com\/index.php\/product\/san-pham-50\/"},"modified":"2025-09-25T10:59:41","modified_gmt":"2025-09-25T09:59:41","slug":"san-pham-50","status":"publish","type":"product","link":"https:\/\/thucphamchayhoalacfood.com\/index.php\/product\/san-pham-50\/","title":{"rendered":"Com ch\u00e1y Ch\u00e0 b\u00f4ng chay Di\u1ec7p khang 170gr"},"content":{"rendered":"<p>C\u01a0M CH\u00c1Y CHAY DI\u1ec6P KHANG ( \/ CH\u00c0 B\u00d4NG )<\/p>\n<p>L\u00e0m m\u01b0a l\u00e0m gi\u00f3 trong l\u00e0ng c\u01a1m chay chay v\u00ec \u0111\u1ed9 ngon c\u1ee7a n\u00f3<\/p>\n<p>&#8211;<\/p>\n<p>&#8211; Tr\u1ecdng l\u01b0\u1ee3ng g\u00f3i 170g-190gr<\/p>\n<p>Gi\u00e1 28k \/ g\u00f3i<\/p>\n<p>&#8211; C\u01a1m ch\u00e1y chay l\u00e0m t\u1eeb g\u1ea1o th\u01a1m, s\u1ea5y gi\u00f2n, ph\u1ee7 1 l\u1edbp ch\u00e0 b\u00f4ng chay \/ rong bi\u1ec3n.<\/p>\n<p>&#8211; Ph\u00f9 h\u1ee3p cho c\u00e1c b\u1ea1n v\u0103n ph\u00f2ng \u0103n chay v\u00e0o c\u00e1c ng\u00e0y r\u1eb1m, m\u00f9ng 1, c\u01a1m ch\u00e1y \u0111\u1eb7t bi\u1ec7t gi\u00f2n , th\u01a1m ngon<\/p>\n<p>&#8211; Chay m\u1eb7n \u0111\u1ec1u d\u00f9ng \u0111\u01b0\u1ee3c.<\/p>\n<p>&#8211; S\u1ea3n xu\u1ea5t t\u1ea1i Vi\u1ec7t Nam.<\/p>\n<p>Lh : 0969873871<\/p>\n<p>Thuc ph\u1ea9m chay Hoa L\u1ea1c<\/p>\n<p>\u0110c : 33 tho\u1ea1i Ng\u1ecdc h\u1ea7u ho\u00e0 th\u00e0nh tan ph\u00fa<\/p>\n","protected":false},"excerpt":{"rendered":"<p>C\u01a0M CH\u00c1Y CHAY DI\u1ec6P KHANG ( \/ CH\u00c0 B\u00d4NG ) L\u00e0m m\u01b0a l\u00e0m gi\u00f3 trong l\u00e0ng c\u01a1m chay chay v\u00ec \u0111\u1ed9 ngon c\u1ee7a n\u00f3 &#8211; &#8211; Tr\u1ecdng l\u01b0\u1ee3ng g\u00f3i 170g-190gr Gi\u00e1 28k \/ g\u00f3i &#8211; C\u01a1m ch\u00e1y chay l\u00e0m t\u1eeb g\u1ea1o th\u01a1m, s\u1ea5y gi\u00f2n, ph\u1ee7 1 l\u1edbp ch\u00e0 b\u00f4ng chay \/ rong bi\u1ec3n. &#8211; Ph\u00f9 &hellip; <\/p>\n<div class=\"link-more text-center\"><a href=\"https:\/\/thucphamchayhoalacfood.com\/index.php\/product\/san-pham-50\/\" class=\"more-link py-2 px-4\">Read More<span class=\"screen-reader-text\"> &#8220;Com ch\u00e1y Ch\u00e0 b\u00f4ng chay Di\u1ec7p khang 170gr&#8221;<\/span><\/a><\/div>\n","protected":false},"featured_media":1645,"comment_status":"open","ping_status":"closed","template":"","meta":{"om_disable_all_campaigns":false,"_monsterinsights_skip_tracking":false,"_monsterinsights_sitenote_active":false,"_monsterinsights_sitenote_note":"","_monsterinsights_sitenote_category":0},"product_cat":[27],"product_tag":[],"_links":{"self":[{"href":"https:\/\/thucphamchayhoalacfood.com\/index.php\/wp-json\/wp\/v2\/product\/1642"}],"collection":[{"href":"https:\/\/thucphamchayhoalacfood.com\/index.php\/wp-json\/wp\/v2\/product"}],"about":[{"href":"https:\/\/thucphamchayhoalacfood.com\/index.php\/wp-json\/wp\/v2\/types\/product"}],"replies":[{"embeddable":true,"href":"https:\/\/thucphamchayhoalacfood.com\/index.php\/wp-json\/wp\/v2\/comments?post=1642"}],"wp:featuredmedia":[{"embeddable":true,"href":"https:\/\/thucphamchayhoalacfood.com\/index.php\/wp-json\/wp\/v2\/media\/1645"}],"wp:attachment":[{"href":"https:\/\/thucphamchayhoalacfood.com\/index.php\/wp-json\/wp\/v2\/media?parent=1642"}],"wp:term":[{"taxonomy":"product_cat","embeddable":true,"href":"https:\/\/thucphamchayhoalacfood.com\/index.php\/wp-json\/wp\/v2\/product_cat?post=1642"},{"taxonomy":"product_tag","embeddable":true,"href":"https:\/\/thucphamchayhoalacfood.com\/index.php\/wp-json\/wp\/v2\/product_tag?post=1642"}],"curies":[{"name":"wp","href":"https:\/\/api.w.org\/{rel}","templated":true}]}}