{"id":1639,"date":"2023-10-11T12:36:07","date_gmt":"2023-10-11T11:36:07","guid":{"rendered":"https:\/\/thucphamchayhoalacfood.com\/index.php\/product\/san-pham-49\/"},"modified":"2025-07-26T07:00:07","modified_gmt":"2025-07-26T06:00:07","slug":"san-pham-49","status":"publish","type":"product","link":"https:\/\/thucphamchayhoalacfood.com\/index.php\/product\/san-pham-49\/","title":{"rendered":"B\u00f2 l\u00e1t chay Th\u00e1i d\u01b0\u01a1ng 1kg"},"content":{"rendered":"<p>\u0110am \u0111\u1eadu \u1ea3nh gia v\u1ecb chay<\/p>\n<p>Ng\u00e2m m\u1ec1m v\u1edbt ra l\u00e0m theo so thic m\u00f3n an<\/p>\n","protected":false},"excerpt":{"rendered":"<p>\u0110am \u0111\u1eadu \u1ea3nh gia v\u1ecb chay Ng\u00e2m m\u1ec1m v\u1edbt ra l\u00e0m theo so thic m\u00f3n an<\/p>\n","protected":false},"featured_media":1640,"comment_status":"open","ping_status":"closed","template":"","meta":{"om_disable_all_campaigns":false,"_monsterinsights_skip_tracking":false,"_monsterinsights_sitenote_active":false,"_monsterinsights_sitenote_note":"","_monsterinsights_sitenote_category":0},"product_cat":[23],"product_tag":[],"_links":{"self":[{"href":"https:\/\/thucphamchayhoalacfood.com\/index.php\/wp-json\/wp\/v2\/product\/1639"}],"collection":[{"href":"https:\/\/thucphamchayhoalacfood.com\/index.php\/wp-json\/wp\/v2\/product"}],"about":[{"href":"https:\/\/thucphamchayhoalacfood.com\/index.php\/wp-json\/wp\/v2\/types\/product"}],"replies":[{"embeddable":true,"href":"https:\/\/thucphamchayhoalacfood.com\/index.php\/wp-json\/wp\/v2\/comments?post=1639"}],"wp:featuredmedia":[{"embeddable":true,"href":"https:\/\/thucphamchayhoalacfood.com\/index.php\/wp-json\/wp\/v2\/media\/1640"}],"wp:attachment":[{"href":"https:\/\/thucphamchayhoalacfood.com\/index.php\/wp-json\/wp\/v2\/media?parent=1639"}],"wp:term":[{"taxonomy":"product_cat","embeddable":true,"href":"https:\/\/thucphamchayhoalacfood.com\/index.php\/wp-json\/wp\/v2\/product_cat?post=1639"},{"taxonomy":"product_tag","embeddable":true,"href":"https:\/\/thucphamchayhoalacfood.com\/index.php\/wp-json\/wp\/v2\/product_tag?post=1639"}],"curies":[{"name":"wp","href":"https:\/\/api.w.org\/{rel}","templated":true}]}}