{"id":1638,"date":"2023-10-11T12:35:30","date_gmt":"2023-10-11T11:35:30","guid":{"rendered":"https:\/\/thucphamchayhoalacfood.com\/index.php\/product\/suon-non-thai-duong-chu-a-1kg\/"},"modified":"2024-08-21T10:00:49","modified_gmt":"2024-08-21T09:00:49","slug":"suon-non-thai-duong-chu-a-1kg","status":"publish","type":"product","link":"https:\/\/thucphamchayhoalacfood.com\/index.php\/product\/suon-non-thai-duong-chu-a-1kg\/","title":{"rendered":"S\u01b0\u1eddn non th\u00e1i d\u01b0\u01a1ng ch\u1eef A 1kg"},"content":{"rendered":"<p>Th\u00e0nh ph\u1ea7n : \u0111\u1ea1m \u0111\u1eadu n\u00e0nh , b\u1ed9t b\u1eafp gia v\u1ecb chay<\/p>\n<p>Ng\u00e2m m\u1ec1m v\u1edbt ra l\u00e0m c\u00e1c m\u00f3n theo s\u1edf th\u00edch<\/p>\n","protected":false},"excerpt":{"rendered":"<p>Th\u00e0nh ph\u1ea7n : \u0111\u1ea1m \u0111\u1eadu n\u00e0nh , b\u1ed9t b\u1eafp gia v\u1ecb chay Ng\u00e2m m\u1ec1m v\u1edbt ra l\u00e0m c\u00e1c m\u00f3n theo s\u1edf th\u00edch<\/p>\n","protected":false},"featured_media":1637,"comment_status":"open","ping_status":"closed","template":"","meta":{"om_disable_all_campaigns":false,"_monsterinsights_skip_tracking":false,"_monsterinsights_sitenote_active":false,"_monsterinsights_sitenote_note":"","_monsterinsights_sitenote_category":0},"product_cat":[24],"product_tag":[],"_links":{"self":[{"href":"https:\/\/thucphamchayhoalacfood.com\/index.php\/wp-json\/wp\/v2\/product\/1638"}],"collection":[{"href":"https:\/\/thucphamchayhoalacfood.com\/index.php\/wp-json\/wp\/v2\/product"}],"about":[{"href":"https:\/\/thucphamchayhoalacfood.com\/index.php\/wp-json\/wp\/v2\/types\/product"}],"replies":[{"embeddable":true,"href":"https:\/\/thucphamchayhoalacfood.com\/index.php\/wp-json\/wp\/v2\/comments?post=1638"}],"wp:featuredmedia":[{"embeddable":true,"href":"https:\/\/thucphamchayhoalacfood.com\/index.php\/wp-json\/wp\/v2\/media\/1637"}],"wp:attachment":[{"href":"https:\/\/thucphamchayhoalacfood.com\/index.php\/wp-json\/wp\/v2\/media?parent=1638"}],"wp:term":[{"taxonomy":"product_cat","embeddable":true,"href":"https:\/\/thucphamchayhoalacfood.com\/index.php\/wp-json\/wp\/v2\/product_cat?post=1638"},{"taxonomy":"product_tag","embeddable":true,"href":"https:\/\/thucphamchayhoalacfood.com\/index.php\/wp-json\/wp\/v2\/product_tag?post=1638"}],"curies":[{"name":"wp","href":"https:\/\/api.w.org\/{rel}","templated":true}]}}