{"id":1632,"date":"2023-10-11T12:26:18","date_gmt":"2023-10-11T11:26:18","guid":{"rendered":"https:\/\/thucphamchayhoalacfood.com\/index.php\/product\/san-pham-47\/"},"modified":"2025-07-20T07:09:06","modified_gmt":"2025-07-20T06:09:06","slug":"san-pham-47","status":"publish","type":"product","link":"https:\/\/thucphamchayhoalacfood.com\/index.php\/product\/san-pham-47\/","title":{"rendered":"Th\u1ecbt c\u1ee5c hamberger \u00c2u L\u1ea1c chay 1kg  ( h\u00e0ng \u0111\u00f4ng l\u1ea1nh )"},"content":{"rendered":"<p>Th\u00e0nh ph\u1ea7n :\u0111\u1ea1m \u0111\u1eadu nanh , ch\u1ea5t x\u01a1 t\u1eeb \u0111\u1eadu n\u00e0nh gia v\u1ecb chay<\/p>\n<p>T\u1ea3 \u0111\u00f4ng ham n\u00f3ng d\u00f9ng chung v\u1edbi b\u1ea1n m\u00ec , tr\u00f4n salad<\/p>\n","protected":false},"excerpt":{"rendered":"<p>Th\u00e0nh ph\u1ea7n :\u0111\u1ea1m \u0111\u1eadu nanh , ch\u1ea5t x\u01a1 t\u1eeb \u0111\u1eadu n\u00e0nh gia v\u1ecb chay T\u1ea3 \u0111\u00f4ng ham n\u00f3ng d\u00f9ng chung v\u1edbi b\u1ea1n m\u00ec , tr\u00f4n salad<\/p>\n","protected":false},"featured_media":1633,"comment_status":"open","ping_status":"closed","template":"","meta":{"om_disable_all_campaigns":false,"_monsterinsights_skip_tracking":false,"_monsterinsights_sitenote_active":false,"_monsterinsights_sitenote_note":"","_monsterinsights_sitenote_category":0},"product_cat":[24],"product_tag":[],"_links":{"self":[{"href":"https:\/\/thucphamchayhoalacfood.com\/index.php\/wp-json\/wp\/v2\/product\/1632"}],"collection":[{"href":"https:\/\/thucphamchayhoalacfood.com\/index.php\/wp-json\/wp\/v2\/product"}],"about":[{"href":"https:\/\/thucphamchayhoalacfood.com\/index.php\/wp-json\/wp\/v2\/types\/product"}],"replies":[{"embeddable":true,"href":"https:\/\/thucphamchayhoalacfood.com\/index.php\/wp-json\/wp\/v2\/comments?post=1632"}],"wp:featuredmedia":[{"embeddable":true,"href":"https:\/\/thucphamchayhoalacfood.com\/index.php\/wp-json\/wp\/v2\/media\/1633"}],"wp:attachment":[{"href":"https:\/\/thucphamchayhoalacfood.com\/index.php\/wp-json\/wp\/v2\/media?parent=1632"}],"wp:term":[{"taxonomy":"product_cat","embeddable":true,"href":"https:\/\/thucphamchayhoalacfood.com\/index.php\/wp-json\/wp\/v2\/product_cat?post=1632"},{"taxonomy":"product_tag","embeddable":true,"href":"https:\/\/thucphamchayhoalacfood.com\/index.php\/wp-json\/wp\/v2\/product_tag?post=1632"}],"curies":[{"name":"wp","href":"https:\/\/api.w.org\/{rel}","templated":true}]}}