{"id":1630,"date":"2023-10-11T12:22:34","date_gmt":"2023-10-11T11:22:34","guid":{"rendered":"https:\/\/thucphamchayhoalacfood.com\/index.php\/product\/san-pham-46\/"},"modified":"2024-08-21T09:40:27","modified_gmt":"2024-08-21T08:40:27","slug":"san-pham-46","status":"publish","type":"product","link":"https:\/\/thucphamchayhoalacfood.com\/index.php\/product\/san-pham-46\/","title":{"rendered":"G\u00e0 mi\u1ebfng chi\u00ean \u00c2u L\u1ea1c chay 200gr ( h\u00e0ng \u0111\u00f4ng l\u1ea1nh )"},"content":{"rendered":"<p>Th\u00e0nh ph\u1ea7n : \u0111\u1ea1m \u0111\u1eadu nanh ch\u1ea5t x\u01a1 l\u00faa m\u00ec gia v\u1ecb chay<\/p>\n<p>R\u1ea5t \u0111\u00f4ng chi\u00ean an voi com l\u00e0m g\u1ecfi<\/p>\n","protected":false},"excerpt":{"rendered":"<p>Th\u00e0nh ph\u1ea7n : \u0111\u1ea1m \u0111\u1eadu nanh ch\u1ea5t x\u01a1 l\u00faa m\u00ec gia v\u1ecb chay R\u1ea5t \u0111\u00f4ng chi\u00ean an voi com l\u00e0m g\u1ecfi<\/p>\n","protected":false},"featured_media":1631,"comment_status":"open","ping_status":"closed","template":"","meta":{"om_disable_all_campaigns":false,"_monsterinsights_skip_tracking":false,"_monsterinsights_sitenote_active":false,"_monsterinsights_sitenote_note":"","_monsterinsights_sitenote_category":0},"product_cat":[24],"product_tag":[],"_links":{"self":[{"href":"https:\/\/thucphamchayhoalacfood.com\/index.php\/wp-json\/wp\/v2\/product\/1630"}],"collection":[{"href":"https:\/\/thucphamchayhoalacfood.com\/index.php\/wp-json\/wp\/v2\/product"}],"about":[{"href":"https:\/\/thucphamchayhoalacfood.com\/index.php\/wp-json\/wp\/v2\/types\/product"}],"replies":[{"embeddable":true,"href":"https:\/\/thucphamchayhoalacfood.com\/index.php\/wp-json\/wp\/v2\/comments?post=1630"}],"wp:featuredmedia":[{"embeddable":true,"href":"https:\/\/thucphamchayhoalacfood.com\/index.php\/wp-json\/wp\/v2\/media\/1631"}],"wp:attachment":[{"href":"https:\/\/thucphamchayhoalacfood.com\/index.php\/wp-json\/wp\/v2\/media?parent=1630"}],"wp:term":[{"taxonomy":"product_cat","embeddable":true,"href":"https:\/\/thucphamchayhoalacfood.com\/index.php\/wp-json\/wp\/v2\/product_cat?post=1630"},{"taxonomy":"product_tag","embeddable":true,"href":"https:\/\/thucphamchayhoalacfood.com\/index.php\/wp-json\/wp\/v2\/product_tag?post=1630"}],"curies":[{"name":"wp","href":"https:\/\/api.w.org\/{rel}","templated":true}]}}