{"id":1624,"date":"2023-10-10T14:39:24","date_gmt":"2023-10-10T13:39:24","guid":{"rendered":"https:\/\/thucphamchayhoalacfood.com\/index.php\/product\/san-pham-44\/"},"modified":"2025-09-26T04:44:37","modified_gmt":"2025-09-26T03:44:37","slug":"san-pham-44","status":"publish","type":"product","link":"https:\/\/thucphamchayhoalacfood.com\/index.php\/product\/san-pham-44\/","title":{"rendered":"M\u1ecdc vi\u00ean chay ph\u01b0\u01a1ng Loan chay 500gr"},"content":{"rendered":"<p>Thanh ph\u1ea7n \u0111\u1ea1m \u0111\u1eadu n\u00e0nh n\u1ea5m gia v\u1ecb chay<\/p>\n<p>R\u1ea5t \u0111\u00f4ng chi\u00ean x\u00e0o n\u1ea5u canh tha l\u1ea9u<\/p>\n","protected":false},"excerpt":{"rendered":"<p>Thanh ph\u1ea7n \u0111\u1ea1m \u0111\u1eadu n\u00e0nh n\u1ea5m gia v\u1ecb chay R\u1ea5t \u0111\u00f4ng chi\u00ean x\u00e0o n\u1ea5u canh tha l\u1ea9u<\/p>\n","protected":false},"featured_media":1623,"comment_status":"open","ping_status":"closed","template":"","meta":{"om_disable_all_campaigns":false,"_monsterinsights_skip_tracking":false,"_monsterinsights_sitenote_active":false,"_monsterinsights_sitenote_note":"","_monsterinsights_sitenote_category":0},"product_cat":[24],"product_tag":[],"_links":{"self":[{"href":"https:\/\/thucphamchayhoalacfood.com\/index.php\/wp-json\/wp\/v2\/product\/1624"}],"collection":[{"href":"https:\/\/thucphamchayhoalacfood.com\/index.php\/wp-json\/wp\/v2\/product"}],"about":[{"href":"https:\/\/thucphamchayhoalacfood.com\/index.php\/wp-json\/wp\/v2\/types\/product"}],"replies":[{"embeddable":true,"href":"https:\/\/thucphamchayhoalacfood.com\/index.php\/wp-json\/wp\/v2\/comments?post=1624"}],"wp:featuredmedia":[{"embeddable":true,"href":"https:\/\/thucphamchayhoalacfood.com\/index.php\/wp-json\/wp\/v2\/media\/1623"}],"wp:attachment":[{"href":"https:\/\/thucphamchayhoalacfood.com\/index.php\/wp-json\/wp\/v2\/media?parent=1624"}],"wp:term":[{"taxonomy":"product_cat","embeddable":true,"href":"https:\/\/thucphamchayhoalacfood.com\/index.php\/wp-json\/wp\/v2\/product_cat?post=1624"},{"taxonomy":"product_tag","embeddable":true,"href":"https:\/\/thucphamchayhoalacfood.com\/index.php\/wp-json\/wp\/v2\/product_tag?post=1624"}],"curies":[{"name":"wp","href":"https:\/\/api.w.org\/{rel}","templated":true}]}}