{"id":1620,"date":"2023-10-10T12:37:34","date_gmt":"2023-10-10T11:37:34","guid":{"rendered":"https:\/\/thucphamchayhoalacfood.com\/index.php\/product\/san-pham-43\/"},"modified":"2025-06-07T11:18:06","modified_gmt":"2025-06-07T10:18:06","slug":"san-pham-43","status":"publish","type":"product","link":"https:\/\/thucphamchayhoalacfood.com\/index.php\/product\/san-pham-43\/","title":{"rendered":"Ch\u1ea3 m\u1ef1c xo\u1eafn chay 500gr ( h\u00e0ng \u0111\u00f4ng l\u1ea1nh )"},"content":{"rendered":"<p>Th\u00e0nh ph\u1ea7n; b\u1ed9t b\u1eafp gia v\u1ecb chay \u0111\u1ea1m \u0111\u1eadu nanh<\/p>\n<p>R\u1ea5t \u0111\u00f4ng chi\u00ean x\u00e0o t\u00f9y th\u00edch<\/p>\n","protected":false},"excerpt":{"rendered":"<p>Th\u00e0nh ph\u1ea7n; b\u1ed9t b\u1eafp gia v\u1ecb chay \u0111\u1ea1m \u0111\u1eadu nanh R\u1ea5t \u0111\u00f4ng chi\u00ean x\u00e0o t\u00f9y th\u00edch<\/p>\n","protected":false},"featured_media":1618,"comment_status":"open","ping_status":"closed","template":"","meta":{"om_disable_all_campaigns":false,"_monsterinsights_skip_tracking":false,"_monsterinsights_sitenote_active":false,"_monsterinsights_sitenote_note":"","_monsterinsights_sitenote_category":0},"product_cat":[31],"product_tag":[],"_links":{"self":[{"href":"https:\/\/thucphamchayhoalacfood.com\/index.php\/wp-json\/wp\/v2\/product\/1620"}],"collection":[{"href":"https:\/\/thucphamchayhoalacfood.com\/index.php\/wp-json\/wp\/v2\/product"}],"about":[{"href":"https:\/\/thucphamchayhoalacfood.com\/index.php\/wp-json\/wp\/v2\/types\/product"}],"replies":[{"embeddable":true,"href":"https:\/\/thucphamchayhoalacfood.com\/index.php\/wp-json\/wp\/v2\/comments?post=1620"}],"wp:featuredmedia":[{"embeddable":true,"href":"https:\/\/thucphamchayhoalacfood.com\/index.php\/wp-json\/wp\/v2\/media\/1618"}],"wp:attachment":[{"href":"https:\/\/thucphamchayhoalacfood.com\/index.php\/wp-json\/wp\/v2\/media?parent=1620"}],"wp:term":[{"taxonomy":"product_cat","embeddable":true,"href":"https:\/\/thucphamchayhoalacfood.com\/index.php\/wp-json\/wp\/v2\/product_cat?post=1620"},{"taxonomy":"product_tag","embeddable":true,"href":"https:\/\/thucphamchayhoalacfood.com\/index.php\/wp-json\/wp\/v2\/product_tag?post=1620"}],"curies":[{"name":"wp","href":"https:\/\/api.w.org\/{rel}","templated":true}]}}