{"id":1610,"date":"2023-10-10T12:31:04","date_gmt":"2023-10-10T11:31:04","guid":{"rendered":"https:\/\/thucphamchayhoalacfood.com\/index.php\/product\/san-pham-41\/"},"modified":"2025-09-26T04:39:45","modified_gmt":"2025-09-26T03:39:45","slug":"san-pham-41","status":"publish","type":"product","link":"https:\/\/thucphamchayhoalacfood.com\/index.php\/product\/san-pham-41\/","title":{"rendered":"S\u01b0\u1eddn non \u01b0\u1edbp chao khoai m\u00f4n chay 100gr"},"content":{"rendered":"<p>Kh\u00f4 s\u01b0\u1eddn non \u01b0\u1edbp chao khoai m\u00f4n chay<\/p>\n<p>L\u1ea7n \u0111\u1ea7u ti\u00ean e th\u1ea5y m\u00f3n n\u00e0y ngon xu\u1ea5t s\u1eafc c\u1ea3 nh\u00e0<\/p>\n<p>N\u00ean \u0103n th\u1eed nh\u00e9<\/p>\n<p>Kh\u00f4ng l\u00e0m c\u1ea3 nh\u00e0 th\u1ea5y v\u1ecdng \u0111\u00e2u<\/p>\n<p>Chi\u00ean l\u00ean th\u01a1m m\u00f9i chao , gi\u00f2n x\u1ed1p k c\u1ee9ng v\u00e0 dai gi\u1ed1ng m\u1ea5y lo\u1ea1i kh\u00e1c \u0111\u00e2u nh\u00e9<\/p>\n<p>\u0110\u1ea3m b\u1ea3o \u0103n l\u00e0 ghi\u1ec1n<\/p>\n<p>Ch\u1ec9 c\u1ea7n chi\u00ean l\u00ean l\u00e0 c\u00f3 th\u1ec3 d\u00f9ng \u0111\u01b0\u1ee3c r\u1ed3i n\u00e8<\/p>\n<p>G\u00f3i nh\u1ecf 100gr<\/p>\n<p>Lh 0969873871<\/p>\n<p>Th\u1ef1c ph\u1ea9m chay Hoa L\u1ea1c<\/p>\n","protected":false},"excerpt":{"rendered":"<p>Kh\u00f4 s\u01b0\u1eddn non \u01b0\u1edbp chao khoai m\u00f4n chay L\u1ea7n \u0111\u1ea7u ti\u00ean e th\u1ea5y m\u00f3n n\u00e0y ngon xu\u1ea5t s\u1eafc c\u1ea3 nh\u00e0 N\u00ean \u0103n th\u1eed nh\u00e9 Kh\u00f4ng l\u00e0m c\u1ea3 nh\u00e0 th\u1ea5y v\u1ecdng \u0111\u00e2u Chi\u00ean l\u00ean th\u01a1m m\u00f9i chao , gi\u00f2n x\u1ed1p k c\u1ee9ng v\u00e0 dai gi\u1ed1ng m\u1ea5y lo\u1ea1i kh\u00e1c \u0111\u00e2u nh\u00e9 \u0110\u1ea3m b\u1ea3o \u0103n l\u00e0 ghi\u1ec1n Ch\u1ec9 &hellip; <\/p>\n<div class=\"link-more text-center\"><a href=\"https:\/\/thucphamchayhoalacfood.com\/index.php\/product\/san-pham-41\/\" class=\"more-link py-2 px-4\">Read More<span class=\"screen-reader-text\"> &#8220;S\u01b0\u1eddn non \u01b0\u1edbp chao khoai m\u00f4n chay 100gr&#8221;<\/span><\/a><\/div>\n","protected":false},"featured_media":1611,"comment_status":"open","ping_status":"closed","template":"","meta":{"om_disable_all_campaigns":false,"_monsterinsights_skip_tracking":false,"_monsterinsights_sitenote_active":false,"_monsterinsights_sitenote_note":"","_monsterinsights_sitenote_category":0},"product_cat":[23],"product_tag":[],"_links":{"self":[{"href":"https:\/\/thucphamchayhoalacfood.com\/index.php\/wp-json\/wp\/v2\/product\/1610"}],"collection":[{"href":"https:\/\/thucphamchayhoalacfood.com\/index.php\/wp-json\/wp\/v2\/product"}],"about":[{"href":"https:\/\/thucphamchayhoalacfood.com\/index.php\/wp-json\/wp\/v2\/types\/product"}],"replies":[{"embeddable":true,"href":"https:\/\/thucphamchayhoalacfood.com\/index.php\/wp-json\/wp\/v2\/comments?post=1610"}],"wp:featuredmedia":[{"embeddable":true,"href":"https:\/\/thucphamchayhoalacfood.com\/index.php\/wp-json\/wp\/v2\/media\/1611"}],"wp:attachment":[{"href":"https:\/\/thucphamchayhoalacfood.com\/index.php\/wp-json\/wp\/v2\/media?parent=1610"}],"wp:term":[{"taxonomy":"product_cat","embeddable":true,"href":"https:\/\/thucphamchayhoalacfood.com\/index.php\/wp-json\/wp\/v2\/product_cat?post=1610"},{"taxonomy":"product_tag","embeddable":true,"href":"https:\/\/thucphamchayhoalacfood.com\/index.php\/wp-json\/wp\/v2\/product_tag?post=1610"}],"curies":[{"name":"wp","href":"https:\/\/api.w.org\/{rel}","templated":true}]}}