{"id":1604,"date":"2023-10-10T12:26:25","date_gmt":"2023-10-10T11:26:25","guid":{"rendered":"https:\/\/thucphamchayhoalacfood.com\/index.php\/product\/san-pham-40\/"},"modified":"2023-10-16T06:47:32","modified_gmt":"2023-10-16T05:47:32","slug":"san-pham-40","status":"publish","type":"product","link":"https:\/\/thucphamchayhoalacfood.com\/index.php\/product\/san-pham-40\/","title":{"rendered":"B\u00f2 l\u00e1 l\u1edbp chay Hoa L\u1ea1c 500gr ( h\u00e0ng \u0111\u00f4ng l\u1ea1nh)"},"content":{"rendered":"<p>B\u00f2 l\u00e1 l\u1edbp chay chay nh\u00e0 Hoa L\u1ea1c nhe<\/p>\n<p>Dung \u0111\u1ec3 \u0103n b\u00fan cu\u1ed1n rau s\u1ed1ng , b\u00e1nh h\u1ecfi  r\u1ea5t ngon<\/p>\n<p>Ai mu\u1ed1n l\u00e0m m\u1eb9t b\u00fan \u0111\u1eadu m\u1eafm t\u00f4m th\u00ec k\u00e8m th\u00eam CH\u1ea2 C\u1ed0M v\u00e0 m\u1eafm t\u00f4m chay b\u00ean em nua nhe<\/p>\n<p>Chi\u00ean ho\u1eb7c n\u01b0\u1edbng hoac b\u1ecf l\u00f2 quay l\u00e0 \u0111\u01b0\u1ee3c<\/p>\n<p>Nhanh ti\u1ec7n l\u1ee3i ngon kh\u00f4ng ng\u00e1n nha c\u1ea3 nha<\/p>\n<p>\u0102n k\u00e8m v\u1edbi n\u01b0\u1edbc m\u1eafm chua ng\u1ecdt hay m\u1eafm n\u00eam b\u00ean em l\u00e0 h\u01a1i b\u1ecb \u0111\u1ec9nh nhe<\/p>\n<p>Lh 0969873871<\/p>\n<p>Th\u1ef1c ph\u1ea9m chay Hoa L\u1ea1c<\/p>\n<p>Dc : 33 tho\u1ea1i Ng\u1ecdc h\u1ea7u ho\u00e0 th\u1ea1nh T\u00e2n Ph\u00fa<\/p>\n","protected":false},"excerpt":{"rendered":"<p>B\u00f2 l\u00e1 l\u1edbp chay chay nh\u00e0 Hoa L\u1ea1c nhe Dung \u0111\u1ec3 \u0103n b\u00fan cu\u1ed1n rau s\u1ed1ng , b\u00e1nh h\u1ecfi r\u1ea5t ngon Ai mu\u1ed1n l\u00e0m m\u1eb9t b\u00fan \u0111\u1eadu m\u1eafm t\u00f4m th\u00ec k\u00e8m th\u00eam CH\u1ea2 C\u1ed0M v\u00e0 m\u1eafm t\u00f4m chay b\u00ean em nua nhe Chi\u00ean ho\u1eb7c n\u01b0\u1edbng hoac b\u1ecf l\u00f2 quay l\u00e0 \u0111\u01b0\u1ee3c Nhanh ti\u1ec7n l\u1ee3i ngon &hellip; <\/p>\n<div class=\"link-more text-center\"><a href=\"https:\/\/thucphamchayhoalacfood.com\/index.php\/product\/san-pham-40\/\" class=\"more-link py-2 px-4\">Read More<span class=\"screen-reader-text\"> &#8220;B\u00f2 l\u00e1 l\u1edbp chay Hoa L\u1ea1c 500gr ( h\u00e0ng \u0111\u00f4ng l\u1ea1nh)&#8221;<\/span><\/a><\/div>\n","protected":false},"featured_media":1606,"comment_status":"open","ping_status":"closed","template":"","meta":{"om_disable_all_campaigns":false,"_monsterinsights_skip_tracking":false,"_monsterinsights_sitenote_active":false,"_monsterinsights_sitenote_note":"","_monsterinsights_sitenote_category":0},"product_cat":[24],"product_tag":[],"_links":{"self":[{"href":"https:\/\/thucphamchayhoalacfood.com\/index.php\/wp-json\/wp\/v2\/product\/1604"}],"collection":[{"href":"https:\/\/thucphamchayhoalacfood.com\/index.php\/wp-json\/wp\/v2\/product"}],"about":[{"href":"https:\/\/thucphamchayhoalacfood.com\/index.php\/wp-json\/wp\/v2\/types\/product"}],"replies":[{"embeddable":true,"href":"https:\/\/thucphamchayhoalacfood.com\/index.php\/wp-json\/wp\/v2\/comments?post=1604"}],"wp:featuredmedia":[{"embeddable":true,"href":"https:\/\/thucphamchayhoalacfood.com\/index.php\/wp-json\/wp\/v2\/media\/1606"}],"wp:attachment":[{"href":"https:\/\/thucphamchayhoalacfood.com\/index.php\/wp-json\/wp\/v2\/media?parent=1604"}],"wp:term":[{"taxonomy":"product_cat","embeddable":true,"href":"https:\/\/thucphamchayhoalacfood.com\/index.php\/wp-json\/wp\/v2\/product_cat?post=1604"},{"taxonomy":"product_tag","embeddable":true,"href":"https:\/\/thucphamchayhoalacfood.com\/index.php\/wp-json\/wp\/v2\/product_tag?post=1604"}],"curies":[{"name":"wp","href":"https:\/\/api.w.org\/{rel}","templated":true}]}}