{"id":1597,"date":"2023-10-10T12:20:35","date_gmt":"2023-10-10T11:20:35","guid":{"rendered":"https:\/\/thucphamchayhoalacfood.com\/index.php\/product\/san-pham-38\/"},"modified":"2025-09-26T04:55:11","modified_gmt":"2025-09-26T03:55:11","slug":"san-pham-38","status":"publish","type":"product","link":"https:\/\/thucphamchayhoalacfood.com\/index.php\/product\/san-pham-38\/","title":{"rendered":"Ch\u1ea3 c\u1ed1m thu\u1ea7n chay 500gr ( h\u00e0ng nh\u00e0 l\u00e0m )"},"content":{"rendered":"<p>\ud83c\udf3c\ud83c\udf3cCH\u1ea2 C\u1ed0M H\u00c0 N\u1ed8I c CHAY<\/p>\n<p>ch\u1ea3 c\u1ed1m chay c\u00f3 th\u00e0nh ph\u1ea7n t\u1eeb thi\u00ean nhi\u00ean an to\u00e0n cho s\u1ee9c kh\u1ecfe. T\u1ea5t c\u1ea3 k\u1ebft h\u1ee3p t\u1ea1o th\u00e0nh m\u00f3n \u0103n chay h\u1ea5p d\u1eabn m\u00e0 ngay c\u1ea3 ng\u01b0\u1eddi l\u1edbn hay tr\u1ebb nh\u1ecf \u0111\u1ec1u th\u00edch d\u00f9ng \u1ea1.<\/p>\n<p>Qu\u00fd kh\u00e1ch ch\u1ec9 c\u1ea7n r\u00e3 \u0111ong chi\u00ean l\u00ean ch\u1ea5m t\u01b0\u01a1ng \u1edbt \u0103n c\u0169ng r\u1ea5t ngon \u1ea1, ho\u1eb7c l\u00e0m m\u1eb9t b\u00fan \u0111\u1eadu, kho, \u0103n v\u1edbi b\u00e1nh m\u00ec c\u0169ng r\u1ea5t ngon \u1ea1. C\u00e1c b\u00e9 nh\u00e0 con th\u00ec th\u00edch chi\u00ean l\u00ean ch\u1ea5m t\u01b0\u01a1ng \u1edbt th\u00f4i \u1ea1. \ud83e\udd70<\/p>\n<p>Ch\u1ea3 c\u1ed1m H\u00e0 N\u1ed9i thu\u1ea7n chay n\u00e0y r\u1ea5t ngon m\u1ecdi ng\u01b0\u1eddi d\u00f9ng th\u1eed nh\u00e9 \u1ea1.<\/p>\n<p>\ud83d\ude4f\ud83c\udffbK\u00ednh Ch\u00fac m\u1ecdi ng\u01b0\u1eddi c\u00f3 nh\u1eefng b\u1eeda \u0103n chay th\u1eadt l\u00e0 ngon mi\u1ec7ng \u1ea1\ud83d\ude4f\ud83c\udffb<\/p>\n<p>Lh 0969873871<\/p>\n<p>Th\u1ef1c ph\u1ea9m chay hoa L\u1ea1c<\/p>\n","protected":false},"excerpt":{"rendered":"<p>\ud83c\udf3c\ud83c\udf3cCH\u1ea2 C\u1ed0M H\u00c0 N\u1ed8I c CHAY ch\u1ea3 c\u1ed1m chay c\u00f3 th\u00e0nh ph\u1ea7n t\u1eeb thi\u00ean nhi\u00ean an to\u00e0n cho s\u1ee9c kh\u1ecfe. T\u1ea5t c\u1ea3 k\u1ebft h\u1ee3p t\u1ea1o th\u00e0nh m\u00f3n \u0103n chay h\u1ea5p d\u1eabn m\u00e0 ngay c\u1ea3 ng\u01b0\u1eddi l\u1edbn hay tr\u1ebb nh\u1ecf \u0111\u1ec1u th\u00edch d\u00f9ng \u1ea1. Qu\u00fd kh\u00e1ch ch\u1ec9 c\u1ea7n r\u00e3 \u0111ong chi\u00ean l\u00ean ch\u1ea5m t\u01b0\u01a1ng \u1edbt \u0103n &hellip; <\/p>\n<div class=\"link-more text-center\"><a href=\"https:\/\/thucphamchayhoalacfood.com\/index.php\/product\/san-pham-38\/\" class=\"more-link py-2 px-4\">Read More<span class=\"screen-reader-text\"> &#8220;Ch\u1ea3 c\u1ed1m thu\u1ea7n chay 500gr ( h\u00e0ng nh\u00e0 l\u00e0m )&#8221;<\/span><\/a><\/div>\n","protected":false},"featured_media":2229,"comment_status":"open","ping_status":"closed","template":"","meta":{"om_disable_all_campaigns":false,"_monsterinsights_skip_tracking":false,"_monsterinsights_sitenote_active":false,"_monsterinsights_sitenote_note":"","_monsterinsights_sitenote_category":0},"product_cat":[31],"product_tag":[],"_links":{"self":[{"href":"https:\/\/thucphamchayhoalacfood.com\/index.php\/wp-json\/wp\/v2\/product\/1597"}],"collection":[{"href":"https:\/\/thucphamchayhoalacfood.com\/index.php\/wp-json\/wp\/v2\/product"}],"about":[{"href":"https:\/\/thucphamchayhoalacfood.com\/index.php\/wp-json\/wp\/v2\/types\/product"}],"replies":[{"embeddable":true,"href":"https:\/\/thucphamchayhoalacfood.com\/index.php\/wp-json\/wp\/v2\/comments?post=1597"}],"wp:featuredmedia":[{"embeddable":true,"href":"https:\/\/thucphamchayhoalacfood.com\/index.php\/wp-json\/wp\/v2\/media\/2229"}],"wp:attachment":[{"href":"https:\/\/thucphamchayhoalacfood.com\/index.php\/wp-json\/wp\/v2\/media?parent=1597"}],"wp:term":[{"taxonomy":"product_cat","embeddable":true,"href":"https:\/\/thucphamchayhoalacfood.com\/index.php\/wp-json\/wp\/v2\/product_cat?post=1597"},{"taxonomy":"product_tag","embeddable":true,"href":"https:\/\/thucphamchayhoalacfood.com\/index.php\/wp-json\/wp\/v2\/product_tag?post=1597"}],"curies":[{"name":"wp","href":"https:\/\/api.w.org\/{rel}","templated":true}]}}