{"id":1592,"date":"2023-10-10T12:05:28","date_gmt":"2023-10-10T11:05:28","guid":{"rendered":"https:\/\/thucphamchayhoalacfood.com\/index.php\/product\/san-pham-37\/"},"modified":"2025-01-07T16:04:00","modified_gmt":"2025-01-07T16:04:00","slug":"san-pham-37","status":"publish","type":"product","link":"https:\/\/thucphamchayhoalacfood.com\/index.php\/product\/san-pham-37\/","title":{"rendered":"Ch\u1ea3 c\u00e1 th\u00e1c l\u00e1c thu\u1ea7n chay 500gr h\u00e0ng nh\u00e0 l\u00e0m"},"content":{"rendered":"<p>\ud83c\udf3a\ud83c\udf3aCH\u1ea2 TH\u00c1C L\u00c1C THU\u1ea6N CHAY nh\u00e0 l\u00e0m dai dai ch\u1ee9 kh\u00f4ng b\u1edf nh\u00e9 qu\u00fd kh\u00e1ch.<\/p>\n<p>\u2705Th\u00e0nh ph\u1ea7n \u0111\u01b0\u1ee3c l\u00e0m t\u1eeb Rong bi\u1ec3n, c\u0103n l\u00faa m\u00ec, n\u1ea5m b\u00e0o ng\u01b0, s\u1eeda h\u1ea1t, gia v\u1ecb thu\u1ea7n chay&#8230;<\/p>\n<p>\u274c100% kh\u00f4ng ch\u1ea5t b\u1ea3o qu\u1ea3n, kh\u00f4ng ch\u1ea5t t\u1ea1o m\u00f9i, kh\u00f4ng \u0111\u1eadu n\u00e0nh, kh\u00f4ng ng\u0169 v\u1ecb t\u00e2n, kh\u00f4ng \u0111\u01b0\u1eddng tinh luy\u1ec7n, kh\u00f4ng b\u1ed9t ng\u1ecdt.<\/p>\n<p>\ud83d\udca5\u0110\u1eb7c bi\u1ec7t ch\u1ea3 th\u00e1c l\u00e1c thu\u1ea7n chay nh\u00e0 em r\u1ea5t ngon v\u00e0 an to\u00e0n cho ng\u01b0\u1eddi thu\u1ea7n chay , em bao cho kh\u00e1ch d\u00f9ng th\u1eed lu\u00f4n \u1ea1!<\/p>\n<p>\u27a1\ufe0f\u27a1\ufe0fKhi d\u00f9ng qu\u00fd kh\u00e1ch ch\u1ec9 c\u1ea7n r\u1ea3 \u0111\u00f4ng v\u00e0 chi\u00ean v\u00e0ng gi\u00f2n cho n\u00f3ng ch\u1ea5m t\u01b0\u01a1ng \u1edbt, kho, ho\u1eb7c \u0111\u1ec3 v\u00e0o b\u00e1nh m\u00ec, th\u1ea3 l\u1ea9u, s\u1ed1t c\u00e0, \u0103n c\u01a1m, \u0103n b\u00fan&#8230; c\u00e1c ki\u1ec3u \u0111\u1ec1u ngon \u1ea1.<\/p>\n<p>Lh 0969873871<\/p>\n<p>Th\u1ef1c ph\u1ea9m chay Hoa L\u1ea1c<\/p>\n","protected":false},"excerpt":{"rendered":"<p>\ud83c\udf3a\ud83c\udf3aCH\u1ea2 TH\u00c1C L\u00c1C THU\u1ea6N CHAY nh\u00e0 l\u00e0m dai dai ch\u1ee9 kh\u00f4ng b\u1edf nh\u00e9 qu\u00fd kh\u00e1ch. \u2705Th\u00e0nh ph\u1ea7n \u0111\u01b0\u1ee3c l\u00e0m t\u1eeb Rong bi\u1ec3n, c\u0103n l\u00faa m\u00ec, n\u1ea5m b\u00e0o ng\u01b0, s\u1eeda h\u1ea1t, gia v\u1ecb thu\u1ea7n chay&#8230; \u274c100% kh\u00f4ng ch\u1ea5t b\u1ea3o qu\u1ea3n, kh\u00f4ng ch\u1ea5t t\u1ea1o m\u00f9i, kh\u00f4ng \u0111\u1eadu n\u00e0nh, kh\u00f4ng ng\u0169 v\u1ecb t\u00e2n, kh\u00f4ng \u0111\u01b0\u1eddng tinh luy\u1ec7n, kh\u00f4ng &hellip; <\/p>\n<div class=\"link-more text-center\"><a href=\"https:\/\/thucphamchayhoalacfood.com\/index.php\/product\/san-pham-37\/\" class=\"more-link py-2 px-4\">Read More<span class=\"screen-reader-text\"> &#8220;Ch\u1ea3 c\u00e1 th\u00e1c l\u00e1c thu\u1ea7n chay 500gr h\u00e0ng nh\u00e0 l\u00e0m&#8221;<\/span><\/a><\/div>\n","protected":false},"featured_media":1593,"comment_status":"open","ping_status":"closed","template":"","meta":{"om_disable_all_campaigns":false,"_monsterinsights_skip_tracking":false,"_monsterinsights_sitenote_active":false,"_monsterinsights_sitenote_note":"","_monsterinsights_sitenote_category":0},"product_cat":[31],"product_tag":[],"_links":{"self":[{"href":"https:\/\/thucphamchayhoalacfood.com\/index.php\/wp-json\/wp\/v2\/product\/1592"}],"collection":[{"href":"https:\/\/thucphamchayhoalacfood.com\/index.php\/wp-json\/wp\/v2\/product"}],"about":[{"href":"https:\/\/thucphamchayhoalacfood.com\/index.php\/wp-json\/wp\/v2\/types\/product"}],"replies":[{"embeddable":true,"href":"https:\/\/thucphamchayhoalacfood.com\/index.php\/wp-json\/wp\/v2\/comments?post=1592"}],"wp:featuredmedia":[{"embeddable":true,"href":"https:\/\/thucphamchayhoalacfood.com\/index.php\/wp-json\/wp\/v2\/media\/1593"}],"wp:attachment":[{"href":"https:\/\/thucphamchayhoalacfood.com\/index.php\/wp-json\/wp\/v2\/media?parent=1592"}],"wp:term":[{"taxonomy":"product_cat","embeddable":true,"href":"https:\/\/thucphamchayhoalacfood.com\/index.php\/wp-json\/wp\/v2\/product_cat?post=1592"},{"taxonomy":"product_tag","embeddable":true,"href":"https:\/\/thucphamchayhoalacfood.com\/index.php\/wp-json\/wp\/v2\/product_tag?post=1592"}],"curies":[{"name":"wp","href":"https:\/\/api.w.org\/{rel}","templated":true}]}}