{"id":159,"date":"2023-09-08T04:19:53","date_gmt":"2023-09-08T03:19:53","guid":{"rendered":"https:\/\/thucphamchayhoalacfood.com\/?post_type=product&#038;p=159"},"modified":"2025-07-18T14:34:21","modified_gmt":"2025-07-18T13:34:21","slug":"heo-sua-lon-nguyen-con-chay-tri-hue","status":"publish","type":"product","link":"https:\/\/thucphamchayhoalacfood.com\/index.php\/product\/heo-sua-lon-nguyen-con-chay-tri-hue\/","title":{"rendered":"Heo s\u1eefa l\u1edbn nguy\u00ean con chay Tr\u00ed Hu\u1ec7"},"content":{"rendered":"\n<p>chi\u00ean , n\u01b0\u1edbng c\u00f3 g\u00f3i n\u01b0\u1edbc s\u1ed1t<br>d\u00f9ng chung v\u1edbi b\u00e1nh bao, b\u00fan , b\u00e1nh h\u1ecfi<br>h\u00e0ng \u0111\u00f4ng l\u1ea1nh<br>hsd 1 n\u0103m<br>H\u00e0ng \u0110\u00e0i Loan<\/p>\n","protected":false},"excerpt":{"rendered":"<p>chi\u00ean , n\u01b0\u1edbng c\u00f3 g\u00f3i n\u01b0\u1edbc s\u1ed1td\u00f9ng chung v\u1edbi b\u00e1nh bao, b\u00fan , b\u00e1nh h\u1ecfih\u00e0ng \u0111\u00f4ng l\u1ea1nhhsd 1 n\u0103mH\u00e0ng \u0110\u00e0i Loan<\/p>\n","protected":false},"featured_media":160,"comment_status":"open","ping_status":"closed","template":"","meta":{"om_disable_all_campaigns":false,"_monsterinsights_skip_tracking":false,"_monsterinsights_sitenote_active":false,"_monsterinsights_sitenote_note":"","_monsterinsights_sitenote_category":0},"product_cat":[24],"product_tag":[],"_links":{"self":[{"href":"https:\/\/thucphamchayhoalacfood.com\/index.php\/wp-json\/wp\/v2\/product\/159"}],"collection":[{"href":"https:\/\/thucphamchayhoalacfood.com\/index.php\/wp-json\/wp\/v2\/product"}],"about":[{"href":"https:\/\/thucphamchayhoalacfood.com\/index.php\/wp-json\/wp\/v2\/types\/product"}],"replies":[{"embeddable":true,"href":"https:\/\/thucphamchayhoalacfood.com\/index.php\/wp-json\/wp\/v2\/comments?post=159"}],"wp:featuredmedia":[{"embeddable":true,"href":"https:\/\/thucphamchayhoalacfood.com\/index.php\/wp-json\/wp\/v2\/media\/160"}],"wp:attachment":[{"href":"https:\/\/thucphamchayhoalacfood.com\/index.php\/wp-json\/wp\/v2\/media?parent=159"}],"wp:term":[{"taxonomy":"product_cat","embeddable":true,"href":"https:\/\/thucphamchayhoalacfood.com\/index.php\/wp-json\/wp\/v2\/product_cat?post=159"},{"taxonomy":"product_tag","embeddable":true,"href":"https:\/\/thucphamchayhoalacfood.com\/index.php\/wp-json\/wp\/v2\/product_tag?post=159"}],"curies":[{"name":"wp","href":"https:\/\/api.w.org\/{rel}","templated":true}]}}