{"id":1588,"date":"2023-10-03T05:20:17","date_gmt":"2023-10-03T04:20:17","guid":{"rendered":"https:\/\/thucphamchayhoalacfood.com\/index.php\/product\/kho-tra-1-nang-chay-500gr\/"},"modified":"2023-10-03T05:20:26","modified_gmt":"2023-10-03T04:20:26","slug":"kho-tra-1-nang-chay-500gr","status":"publish","type":"product","link":"https:\/\/thucphamchayhoalacfood.com\/index.php\/product\/kho-tra-1-nang-chay-500gr\/","title":{"rendered":"Kh\u00f4 tra 1 n\u1eafng chay 500gr"},"content":{"rendered":"<p>\ud83c\udf40\ud83c\udf40KH\u00d4 TRA M\u1ed8T N\u1eaeNG THU\u1ea6N CHAY si\u00eau b\u1eaft c\u01a1m<\/p>\n<p>Kh\u00f4 c\u00e1 d\u1ee9a mu\u1ed1i s\u1ea3 chay<\/p>\n<p>\u27a1\ufe0f\u27a1\ufe0fKh\u00f4 TRA chay m\u1ed9t n\u1eafng l\u00e0 m\u1ed9t m\u00f3n chay ngon \u0111\u01b0\u1ee3c l\u00e0m t\u1eeb 100% h\u1ee7 ky t\u01b0\u01a1i nguy\u00ean ch\u1ea5t h\u00f2a quy\u1ec7n v\u1edbi c\u00f4ng th\u1ee9c ri\u00eang bi\u1ec7t v\u00e0 gia v\u1ecb thu\u1ea7n chay t\u1ea1o n\u00ean m\u1ed9t m\u00f3n \u0103n r\u1ea5t ngon, d\u1ec5 ghi\u1ec1n v\u00e0 r\u1ea5t hao c\u01a1m \u1ea1!<\/p>\n<p>\u274c kh\u00f4ng b\u1ed9t ng\u1ecdt, kh\u00f4ng ng\u0169 v\u1ecb t\u00e2n, kh\u00f4ng ch\u1ea5t \u0111\u1ed9c h\u1ea1i, an to\u00e0n cho s\u1ee9c kh\u1ecfe, \u0111\u1ea7y \u0111\u1ee7 dinh d\u01b0\u1ee1ng cho m\u1ecdi ng\u01b0\u1eddi d\u00f9ng chay ngon mi\u1ec7ng.<\/p>\n<p>\u27a1\ufe0f\u27a1\ufe0f\u27a1\ufe0fKhi d\u00f9ng qu\u00fd kh\u00e1ch ch\u1ec9 c\u1ea7n r\u1ea3 \u0111\u00f4ng r\u1ed3i m\u00ecnh chi\u00ean l\u00ean d\u00f9ng v\u1edbi c\u01a1m tr\u1eafng \u1ea1. V\u1eeba nhanh v\u1eeba ngon n\u1eefa \u1ea1!<\/p>\n<p>\ud83d\ude4fCH\u00daC QU\u00dd KH\u00c1CH C\u00d3 NH\u1eeeNG B\u1eecA \u0102N CHAY TH\u1eacT L\u00c0 NGON MI\u1ec6NG\ud83d\ude4f<\/p>\n<p>Lh 0969873871<\/p>\n<p>Th\u1ef1c ph\u1ea9m chay Hoa L\u1ea1c<\/p>\n<p>Dc 33 tho\u1ea1i Ng\u1ecdc h\u1ea7u ho\u00e0 th\u1ea1nh T\u00e2n Ph\u00fa<\/p>\n","protected":false},"excerpt":{"rendered":"<p>\ud83c\udf40\ud83c\udf40KH\u00d4 TRA M\u1ed8T N\u1eaeNG THU\u1ea6N CHAY si\u00eau b\u1eaft c\u01a1m Kh\u00f4 c\u00e1 d\u1ee9a mu\u1ed1i s\u1ea3 chay \u27a1\ufe0f\u27a1\ufe0fKh\u00f4 TRA chay m\u1ed9t n\u1eafng l\u00e0 m\u1ed9t m\u00f3n chay ngon \u0111\u01b0\u1ee3c l\u00e0m t\u1eeb 100% h\u1ee7 ky t\u01b0\u01a1i nguy\u00ean ch\u1ea5t h\u00f2a quy\u1ec7n v\u1edbi c\u00f4ng th\u1ee9c ri\u00eang bi\u1ec7t v\u00e0 gia v\u1ecb thu\u1ea7n chay t\u1ea1o n\u00ean m\u1ed9t m\u00f3n \u0103n r\u1ea5t ngon, d\u1ec5 ghi\u1ec1n &hellip; <\/p>\n<div class=\"link-more text-center\"><a href=\"https:\/\/thucphamchayhoalacfood.com\/index.php\/product\/kho-tra-1-nang-chay-500gr\/\" class=\"more-link py-2 px-4\">Read More<span class=\"screen-reader-text\"> &#8220;Kh\u00f4 tra 1 n\u1eafng chay 500gr&#8221;<\/span><\/a><\/div>\n","protected":false},"featured_media":1585,"comment_status":"open","ping_status":"closed","template":"","meta":{"om_disable_all_campaigns":false,"_monsterinsights_skip_tracking":false,"_monsterinsights_sitenote_active":false,"_monsterinsights_sitenote_note":"","_monsterinsights_sitenote_category":0},"product_cat":[24],"product_tag":[],"_links":{"self":[{"href":"https:\/\/thucphamchayhoalacfood.com\/index.php\/wp-json\/wp\/v2\/product\/1588"}],"collection":[{"href":"https:\/\/thucphamchayhoalacfood.com\/index.php\/wp-json\/wp\/v2\/product"}],"about":[{"href":"https:\/\/thucphamchayhoalacfood.com\/index.php\/wp-json\/wp\/v2\/types\/product"}],"replies":[{"embeddable":true,"href":"https:\/\/thucphamchayhoalacfood.com\/index.php\/wp-json\/wp\/v2\/comments?post=1588"}],"wp:featuredmedia":[{"embeddable":true,"href":"https:\/\/thucphamchayhoalacfood.com\/index.php\/wp-json\/wp\/v2\/media\/1585"}],"wp:attachment":[{"href":"https:\/\/thucphamchayhoalacfood.com\/index.php\/wp-json\/wp\/v2\/media?parent=1588"}],"wp:term":[{"taxonomy":"product_cat","embeddable":true,"href":"https:\/\/thucphamchayhoalacfood.com\/index.php\/wp-json\/wp\/v2\/product_cat?post=1588"},{"taxonomy":"product_tag","embeddable":true,"href":"https:\/\/thucphamchayhoalacfood.com\/index.php\/wp-json\/wp\/v2\/product_tag?post=1588"}],"curies":[{"name":"wp","href":"https:\/\/api.w.org\/{rel}","templated":true}]}}