{"id":1583,"date":"2023-10-03T05:09:42","date_gmt":"2023-10-03T04:09:42","guid":{"rendered":"https:\/\/thucphamchayhoalacfood.com\/index.php\/product\/san-pham-35\/"},"modified":"2025-06-07T11:14:46","modified_gmt":"2025-06-07T10:14:46","slug":"san-pham-35","status":"publish","type":"product","link":"https:\/\/thucphamchayhoalacfood.com\/index.php\/product\/san-pham-35\/","title":{"rendered":"Ch\u1ea3 b\u00f2 chay"},"content":{"rendered":"<p>\ud83c\udf40CH\u1ea2 B\u00d2 CHAY<\/p>\n<p>Ch\u1ea3 b\u00f2 chay s\u1ebd th\u01a1m th\u01a1m v\u1ecb ti\u00eau v\u00e0 n\u1ea5m, k\u1ebft h\u1ee3p v\u1edbi tinh b\u1ed9t m\u00ec v\u00e0 t\u00e0u h\u0169 ky dai dai, ch\u1eafc ch\u1eafn s\u1ebd cho m\u1ecdi ng\u01b0\u1eddi tr\u1ea3i nghi\u1ec7m m\u00f3n ch\u1ea3 chay r\u1ea5t b\u1eaft mi\u1ec7ng \u1ea1.<\/p>\n<p>\ud83c\udf40cach d\u00f9ng : r\u1ea5t \u0111\u00f4ng d\u00f9ng \u0111\u1ec3 kho chi\u00ean , k\u1eb9p b\u00e1nh m\u00ec , \u0111\u1ed3 ngu\u1ed9i, d\u00f9ng ch\u1ea3 n\u1ea5u b\u00fan b\u00f2 r\u1ea5t ngon<\/p>\n<p>Lh 0969873871<\/p>\n<p>Th\u1ef1c ph\u1ea9m chay Hoa L\u1ea1c<\/p>\n<p>Dc : 33 tho\u1ea1i Ng\u1ecdc h\u1ea7u ho\u00e0 th\u1ea1nh T\u00e2n Ph\u00fa<\/p>\n","protected":false},"excerpt":{"rendered":"<p>\ud83c\udf40CH\u1ea2 B\u00d2 CHAY Ch\u1ea3 b\u00f2 chay s\u1ebd th\u01a1m th\u01a1m v\u1ecb ti\u00eau v\u00e0 n\u1ea5m, k\u1ebft h\u1ee3p v\u1edbi tinh b\u1ed9t m\u00ec v\u00e0 t\u00e0u h\u0169 ky dai dai, ch\u1eafc ch\u1eafn s\u1ebd cho m\u1ecdi ng\u01b0\u1eddi tr\u1ea3i nghi\u1ec7m m\u00f3n ch\u1ea3 chay r\u1ea5t b\u1eaft mi\u1ec7ng \u1ea1. \ud83c\udf40cach d\u00f9ng : r\u1ea5t \u0111\u00f4ng d\u00f9ng \u0111\u1ec3 kho chi\u00ean , k\u1eb9p b\u00e1nh m\u00ec , \u0111\u1ed3 &hellip; <\/p>\n<div class=\"link-more text-center\"><a href=\"https:\/\/thucphamchayhoalacfood.com\/index.php\/product\/san-pham-35\/\" class=\"more-link py-2 px-4\">Read More<span class=\"screen-reader-text\"> &#8220;Ch\u1ea3 b\u00f2 chay&#8221;<\/span><\/a><\/div>\n","protected":false},"featured_media":1584,"comment_status":"open","ping_status":"closed","template":"","meta":{"om_disable_all_campaigns":false,"_monsterinsights_skip_tracking":false,"_monsterinsights_sitenote_active":false,"_monsterinsights_sitenote_note":"","_monsterinsights_sitenote_category":0},"product_cat":[31],"product_tag":[],"_links":{"self":[{"href":"https:\/\/thucphamchayhoalacfood.com\/index.php\/wp-json\/wp\/v2\/product\/1583"}],"collection":[{"href":"https:\/\/thucphamchayhoalacfood.com\/index.php\/wp-json\/wp\/v2\/product"}],"about":[{"href":"https:\/\/thucphamchayhoalacfood.com\/index.php\/wp-json\/wp\/v2\/types\/product"}],"replies":[{"embeddable":true,"href":"https:\/\/thucphamchayhoalacfood.com\/index.php\/wp-json\/wp\/v2\/comments?post=1583"}],"wp:featuredmedia":[{"embeddable":true,"href":"https:\/\/thucphamchayhoalacfood.com\/index.php\/wp-json\/wp\/v2\/media\/1584"}],"wp:attachment":[{"href":"https:\/\/thucphamchayhoalacfood.com\/index.php\/wp-json\/wp\/v2\/media?parent=1583"}],"wp:term":[{"taxonomy":"product_cat","embeddable":true,"href":"https:\/\/thucphamchayhoalacfood.com\/index.php\/wp-json\/wp\/v2\/product_cat?post=1583"},{"taxonomy":"product_tag","embeddable":true,"href":"https:\/\/thucphamchayhoalacfood.com\/index.php\/wp-json\/wp\/v2\/product_tag?post=1583"}],"curies":[{"name":"wp","href":"https:\/\/api.w.org\/{rel}","templated":true}]}}