{"id":1579,"date":"2023-10-01T11:07:54","date_gmt":"2023-10-01T10:07:54","guid":{"rendered":"https:\/\/thucphamchayhoalacfood.com\/index.php\/product\/san-pham-34\/"},"modified":"2025-04-24T08:07:06","modified_gmt":"2025-04-24T07:07:06","slug":"san-pham-34","status":"publish","type":"product","link":"https:\/\/thucphamchayhoalacfood.com\/index.php\/product\/san-pham-34\/","title":{"rendered":"C\u00e1 l\u00f3c phile mu\u1ed1i s\u1ea3 \u1edbt chay 150gr"},"content":{"rendered":"<p>H\u00e0ng m\u1edbi nha kh\u00e1ch oi<\/p>\n<p>C\u00e1 l\u00f3c phile mu\u1ed1i s\u1ea3 \u1edbt chay<\/p>\n<p>Th\u00e0nh ph\u1ea7n : s\u01b0\u1eddn non , rong bi\u1ec3n , \u1edbt s\u1ea3 gia v\u1ecb chay<\/p>\n<p>C\u00e1ch d\u00f9ng : chi\u00ean l\u00ean \u0103n v\u1edbi c\u1ed1m tr\u1eafng hao c\u1ed1m l\u1eafm lun<\/p>\n<p>V\u1ecb v\u1eeba \u0103n kh\u00f4ng qu\u00e1 ng\u1ecdt , kh\u00f4ng m\u1eb7n , \u0103n l\u00fac n\u00f3ng s\u1ebd c\u00f3 v\u1ecb h\u01a1i gi\u00f2n gi\u00f2n nhe<\/p>\n<p>H\u00e0ng nh\u00e0 l\u00e0m n\u00ean kh\u00e1ch an t\u00e2m nha<\/p>\n<p>Lh 0969873871<\/p>\n<p>Th\u1ef1c ph\u1ea9m chay Hoa L\u1ea1c<\/p>\n<p>Dc : 33 tho\u1ea1i Ng\u1ecdc h\u1ea7u ho\u00e0 th\u1ea1nh T\u00e2n Ph\u00fa<\/p>\n","protected":false},"excerpt":{"rendered":"<p>H\u00e0ng m\u1edbi nha kh\u00e1ch oi C\u00e1 l\u00f3c phile mu\u1ed1i s\u1ea3 \u1edbt chay Th\u00e0nh ph\u1ea7n : s\u01b0\u1eddn non , rong bi\u1ec3n , \u1edbt s\u1ea3 gia v\u1ecb chay C\u00e1ch d\u00f9ng : chi\u00ean l\u00ean \u0103n v\u1edbi c\u1ed1m tr\u1eafng hao c\u1ed1m l\u1eafm lun V\u1ecb v\u1eeba \u0103n kh\u00f4ng qu\u00e1 ng\u1ecdt , kh\u00f4ng m\u1eb7n , \u0103n l\u00fac n\u00f3ng s\u1ebd c\u00f3 v\u1ecb &hellip; <\/p>\n<div class=\"link-more text-center\"><a href=\"https:\/\/thucphamchayhoalacfood.com\/index.php\/product\/san-pham-34\/\" class=\"more-link py-2 px-4\">Read More<span class=\"screen-reader-text\"> &#8220;C\u00e1 l\u00f3c phile mu\u1ed1i s\u1ea3 \u1edbt chay 150gr&#8221;<\/span><\/a><\/div>\n","protected":false},"featured_media":1580,"comment_status":"open","ping_status":"closed","template":"","meta":{"om_disable_all_campaigns":false,"_monsterinsights_skip_tracking":false,"_monsterinsights_sitenote_active":false,"_monsterinsights_sitenote_note":"","_monsterinsights_sitenote_category":0},"product_cat":[34],"product_tag":[],"_links":{"self":[{"href":"https:\/\/thucphamchayhoalacfood.com\/index.php\/wp-json\/wp\/v2\/product\/1579"}],"collection":[{"href":"https:\/\/thucphamchayhoalacfood.com\/index.php\/wp-json\/wp\/v2\/product"}],"about":[{"href":"https:\/\/thucphamchayhoalacfood.com\/index.php\/wp-json\/wp\/v2\/types\/product"}],"replies":[{"embeddable":true,"href":"https:\/\/thucphamchayhoalacfood.com\/index.php\/wp-json\/wp\/v2\/comments?post=1579"}],"wp:featuredmedia":[{"embeddable":true,"href":"https:\/\/thucphamchayhoalacfood.com\/index.php\/wp-json\/wp\/v2\/media\/1580"}],"wp:attachment":[{"href":"https:\/\/thucphamchayhoalacfood.com\/index.php\/wp-json\/wp\/v2\/media?parent=1579"}],"wp:term":[{"taxonomy":"product_cat","embeddable":true,"href":"https:\/\/thucphamchayhoalacfood.com\/index.php\/wp-json\/wp\/v2\/product_cat?post=1579"},{"taxonomy":"product_tag","embeddable":true,"href":"https:\/\/thucphamchayhoalacfood.com\/index.php\/wp-json\/wp\/v2\/product_tag?post=1579"}],"curies":[{"name":"wp","href":"https:\/\/api.w.org\/{rel}","templated":true}]}}